{"id":927,"date":"2010-12-30T16:02:32","date_gmt":"2010-12-30T16:02:32","guid":{"rendered":"http:\/\/www.manutd-france.com\/v5\/"},"modified":"2019-08-15T22:11:33","modified_gmt":"2019-08-15T20:11:33","slug":"manchester-fute","status":"publish","type":"page","link":"https:\/\/www.manutd-france.com\/v5\/inside-musc-france\/manchester-fute\/","title":{"rendered":"Manchester fut\u00e9"},"content":{"rendered":"<div style=\"float: right; margin-left: 10px;\"><a href=\"https:\/\/twitter.com\/share\" class=\"twitter-share-button\" data-via=\"Muscfrance\" data-count=\"vertical\" data-url=\"https:\/\/www.manutd-france.com\/v5\/inside-musc-france\/manchester-fute\/\">Tweet<\/a><\/div>\n<div class=\"wp-block-image\"><figure class=\"aligncenter\"><a href=\"http:\/\/www.manutd-france.com\/v5\/wp-content\/uploads\/2019\/08\/Manchester_Town_Hall_from_Lloyd_St.jpg\"><img decoding=\"async\" loading=\"lazy\" width=\"1024\" height=\"748\" src=\"http:\/\/www.manutd-france.com\/v5\/wp-content\/uploads\/2019\/08\/Manchester_Town_Hall_from_Lloyd_St.jpg\" alt=\"Manchester town hall\" class=\"wp-image-2609\" srcset=\"https:\/\/www.manutd-france.com\/v5\/wp-content\/uploads\/2019\/08\/Manchester_Town_Hall_from_Lloyd_St.jpg 1024w, https:\/\/www.manutd-france.com\/v5\/wp-content\/uploads\/2019\/08\/Manchester_Town_Hall_from_Lloyd_St-300x219.jpg 300w, https:\/\/www.manutd-france.com\/v5\/wp-content\/uploads\/2019\/08\/Manchester_Town_Hall_from_Lloyd_St-768x561.jpg 768w\" sizes=\"(max-width: 1024px) 100vw, 1024px\" \/><\/a><figcaption>Manchester Town Hall<\/figcaption><\/figure><\/div>\n\n\n\n<!--more-->\n\n\n\n<p>Manchester est la troisi\u00e8me ville d\u2019Angleterre apr\u00e8s Londres et Birmingham. Elle se trouve au Nord-ouest de Londres \u00e0 environ 300 km et \u00e0 l\u2019est de Liverpool \u00e0 environ 50 km. Ses habitants s\u2019appellent les mancuniens. <\/p>\n\n\n\n<p>C&rsquo;est une ville qui vous surprendra. Rien \u00e0 voir avec l&rsquo;image st\u00e9r\u00e9otyp\u00e9e donn\u00e9e parfois aux villes britanniques marqu\u00e9es par les industries du pass\u00e9. Certes, Manchester fut la ville de l&rsquo;industrie du coton et le berceau de la r\u00e9volution industrielle. Deuxi\u00e8me centre commercial et financier de Grande-Bretagne, Manchester est devenue la troisi\u00e8me ville du Royaume-Uni la plus visit\u00e9e par les touristes du monde entier. C&rsquo;est une ville qui bouge. C&rsquo;est le lieu de la premi\u00e8re fission de l&rsquo;atome et de la mise au point du premier ordinateur. C&rsquo;est une ville tr\u00e8s active culturellement. Elle fut candidate malheureuse aux JO de 2004 mais accueillit les jeux du Commonwealth 2002 et la finale de la Champions league 2003.  <\/p>\n\n\n\n<p>Vous serez impressionn\u00e9s, pas seulement par Old Trafford, mais aussi par l&rsquo;architecture \u00e9tonnante de la ville associant style victorien et style moderne, ses manifestations culturelles tr\u00e8s diverses et la gentillesse de ses habitants. <\/p>\n\n\n\n<p>Tocqueville qui visita la ville en juillet 1835, fut fortement impressionn\u00e9 par l&rsquo;aspect ext\u00e9rieur de la ville, et en rel\u00e8va les grands traits dans son carnet de notes personnelles&nbsp;: extraits d&rsquo;Alexis de Tocqueville, Oeuvres compl\u00e8tes : Voyages en Angleterre, Irlande, Suisse et Alg\u00e9rie (en bas de cette page). <\/p>\n\n\n\n<p>Manchester fait partie du Grand Manchester qui est compos\u00e9 de 10 villes en r\u00e9alit\u00e9 dont les noms ne vous sont pas totalement inconnus&nbsp;: Wigan , Bolton , Bury (o\u00f9 s&rsquo;est install\u00e9 FC United of Manchester), Rochdale,Oldham, Tameside, Socktport, Salford et Trafford (le lieu du th\u00e9\u00e2tre des r\u00eaves). <\/p>\n\n\n\n<div style=\"height:50px\" aria-hidden=\"true\" class=\"wp-block-spacer\"><\/div>\n\n\n\n<p class=\"has-background has-medium-font-size has-very-light-gray-background-color\"><strong>Comment s&rsquo;y rendre<\/strong> :<\/p>\n\n\n\n<p style=\"text-align:center\" class=\"has-text-color has-medium-font-size has-vivid-red-color\">&nbsp;&nbsp;<strong>Par avion<\/strong><\/p>\n\n\n\n<p><strong>Avec une compagnie a\u00e9rienne low coast&nbsp;:<\/strong><\/p>\n\n\n\n<p><strong>\u2013&nbsp;<a href=\"http:\/\/www.ryanair.com\/fr\" target=\"_blank\" rel=\"noreferrer noopener\">R<\/a><a href=\"http:\/\/www.ryanair.com\/fr\" target=\"_blank\" rel=\"noreferrer noopener\">yanair<\/a><\/strong><\/p>\n\n\n\n<p><strong>\u2013&nbsp;<a href=\"http:\/\/www.easyjet.com\/fr\" target=\"_blank\" rel=\"noreferrer noopener\">E<\/a><a href=\"http:\/\/www.easyjet.com\/fr\" target=\"_blank\" rel=\"noreferrer noopener\">asyjet<\/a><\/strong><\/p>\n\n\n\n<p><strong>\u2013&nbsp;<a rel=\"noreferrer noopener\" href=\"http:\/\/fr.flybe.com\/default.htm\" target=\"_blank\">Flybe<\/a><\/strong><\/p>\n\n\n\n<p><strong>Ou encore d&rsquo;utiliser un comparateur de vol comme <\/strong><a rel=\"noreferrer noopener\" aria-label=\"skyscanner (s\u2019ouvre dans un nouvel onglet)\" href=\"https:\/\/www.skyscanner.fr\/\" target=\"_blank\"><strong>skyscanner<\/strong><\/a><strong> afin d&rsquo;avoir des a\u00e9roports \u00e0 proximit\u00e9s de chez soit.<\/strong><\/p>\n\n\n\n<p><strong>Astuce&nbsp;<\/strong><strong>: Il est possible d\u2019atterrir \u00e0 Liverpool puis de faire le trajet Liverpool\/Manchester en bus.<\/strong><\/p>\n\n\n\n<p><strong>Soit avec la compagnie de bus&nbsp;<a href=\"http:\/\/www.terravision.eu\/francese\/default.html\" target=\"_blank\" rel=\"noreferrer noopener\">Terravision<\/a>.&nbsp;<\/strong><\/p>\n\n\n\n<p><strong>Soit avec une ligne de bus classique.&nbsp;<a href=\"http:\/\/www.arrivabus.co.uk\/uploadedfiles\/Services\/North_West\/NWMA700_010309_220209.pdf\" target=\"_blank\" rel=\"noreferrer noopener\">Liaison Manchester\/Liverpool<\/a><\/strong><\/p>\n\n\n\n<p><strong>Compter environ 1h avec Terravision et 1h30 avec le bus classique. Co\u00fbt 10\u00a3 l\u2019aller\/retour.<\/strong><\/p>\n\n\n\n<p><strong>Il est \u00e9galement possible de voyager avec une compagnie classique&nbsp;:<\/strong><\/p>\n\n\n\n<p><strong>\u2013&nbsp;<a href=\"http:\/\/www.airfrance.fr\/cgi-bin\/AF\/FR\/fr\/common\/home\/vols\/billet-avion.do\" target=\"_blank\" rel=\"noreferrer noopener\">Airfrance<\/a><\/strong><\/p>\n\n\n\n<p><strong>\u2013&nbsp;<a href=\"http:\/\/www.britishairways.com\/travel\/home\/public\/fr_fr\" target=\"_blank\" rel=\"noreferrer noopener\">Britishairways<\/a><\/strong><\/p>\n\n\n\n<p><strong>Mais cela vous coutera 2 \u00e0 3 fois plus cher.<\/strong><\/p>\n\n\n\n<p><strong>La solution low coast est la plus rapide et la moins ch\u00e8re des moyens de transports.<\/strong><\/p>\n\n\n\n<div style=\"height:25px\" aria-hidden=\"true\" class=\"wp-block-spacer\"><\/div>\n\n\n\n<p style=\"text-align:center\" class=\"has-text-color has-medium-font-size has-vivid-red-color\"><strong>&nbsp; &nbsp;&nbsp;Par train<\/strong><\/p>\n\n\n\n<p><strong>Passage obligatoire par l\u2019Eurostar, et ensuite changement pour faire Londres Manchester.<\/strong><\/p>\n\n\n\n<p><strong>\u2013&nbsp;<a href=\"https:\/\/www.eurostar.com\/fr-fr\" target=\"_blank\" rel=\"noreferrer noopener\" aria-label=\" (s\u2019ouvre dans un nouvel onglet)\">Eurostar<\/a><\/strong><\/p>\n\n\n\n<p><strong>\u2013&nbsp;<a href=\"http:\/\/www.britrail.com\/\" target=\"_blank\" rel=\"noreferrer noopener\">Britrail<\/a><\/strong><\/p>\n\n\n\n<p><strong>\u2013&nbsp;<a href=\"http:\/\/www.virgintrains.co.uk\/\" target=\"_blank\" rel=\"noreferrer noopener\">Virgintrains<\/a><\/strong><\/p>\n\n\n\n<p><strong>Cette solution est longue et g\u00e9n\u00e9ralement plus couteuse que l\u2019avion.<\/strong><\/p>\n\n\n\n<div style=\"height:25px\" aria-hidden=\"true\" class=\"wp-block-spacer\"><\/div>\n\n\n\n<p style=\"text-align:center\" class=\"has-text-color has-medium-font-size has-vivid-red-color\"><strong>En voiture<\/strong><\/p>\n\n\n\n<p><strong>Compter environ 12 heures depuis Paris pour arriver \u00e0 Manchester, avec un contournement de Londres souvent tr\u00e8s embouteill\u00e9.<\/strong><\/p>\n\n\n\n<p><strong>Travers\u00e9e de la Manche&nbsp;:<\/strong><\/p>\n\n\n\n<p><strong>Soit en train avec le shuttle :&nbsp;<a rel=\"noreferrer noopener\" href=\"http:\/\/www.eurotunnel.com\/fr\/home\/\" target=\"_blank\">Eurotunnel<\/a> <\/strong><\/p>\n\n\n\n<p><strong>Soit en ferry:<\/strong><\/p>\n\n\n\n<ul><li><strong>&nbsp;&nbsp;<a href=\"http:\/\/www.poferries.fr\/\" target=\"_blank\" rel=\"noreferrer noopener\">Po ferries<\/a>&nbsp;<\/strong><\/li><li><strong>&nbsp;&nbsp;<a href=\"http:\/\/www.directferries.fr\/\" target=\"_blank\" rel=\"noreferrer noopener\">Direct ferries<\/a><\/strong><\/li><\/ul>\n\n\n\n<div style=\"height:50px\" aria-hidden=\"true\" class=\"wp-block-spacer\"><\/div>\n\n\n\n<p class=\"has-background has-medium-font-size has-very-light-gray-background-color\"><strong>Se loger<\/strong><\/p>\n\n\n\n<p style=\"text-align:center\" class=\"has-text-color has-medium-font-size has-vivid-red-color\">&nbsp;&nbsp;&nbsp;<strong>A l\u2019h\u00f4tel<\/strong><\/p>\n\n\n\n<p><strong>Plusieurs choix possibles, \u00e0 vous de voir si vous pr\u00e9f\u00e9rez \u00eatre pr\u00eat du stade ou en centre ville.<\/strong><\/p>\n\n\n\n<p><strong>\u2013&nbsp;<a href=\"https:\/\/www.accorhotels.com\/fr\/hotel-6003-ibis-budget-manchester-salford-quays\/index.shtml\" target=\"_blank\" rel=\"noreferrer noopener\" aria-label=\"Ibis Budget Salford Quays (s\u2019ouvre dans un nouvel onglet)\">Ibis Budget Salford Quays<\/a>&nbsp;(Le plus proche du stade)<\/strong><\/p>\n\n\n\n<p><strong>\u2013&nbsp;<a href=\"https:\/\/www.campanile.com\/fr\/hotels\/campanile-manchester\" target=\"_blank\" rel=\"noreferrer noopener\" aria-label=\"Campanile (s\u2019ouvre dans un nouvel onglet)\">Campanile<\/a>&nbsp;(Proche petite zone commerciale et quartier anim\u00e9)<\/strong><\/p>\n\n\n\n<p><strong>\u2013&nbsp;<a href=\"https:\/\/www.premierinn.com\/gb\/en\/hotels\/england\/greater-manchester\/manchester.html\" target=\"_blank\" rel=\"noreferrer noopener\" aria-label=\"Premier Inn (s\u2019ouvre dans un nouvel onglet)\">Premier Inn<\/a>&nbsp;(De nombreux h\u00f4tels dans toute la ville et les alentours)<\/strong><\/p>\n\n\n\n<p><strong>\u2013&nbsp;<a href=\"http:\/\/www.traffordhallhotel.com\/\" target=\"_blank\" rel=\"noreferrer noopener\">Trafford Hall Hotel<\/a>&nbsp;(Petit h\u00f4tel \u00e0&nbsp;deux pas du stade, possible d\u2019avoir une chambre simple pour 35.00 euros. Arret de Tram&nbsp;Trafford Bar Station.)<\/strong><\/p>\n\n\n\n<p><strong>Il y a de nombreux autres h\u00f4tels dans la ville, <a href=\"https:\/\/www.booking.com\/index.fr.html\" target=\"_blank\" rel=\"noreferrer noopener\" aria-label=\"booking (s\u2019ouvre dans un nouvel onglet)\">booking<\/a> est votre ami.<\/strong> <\/p>\n\n\n\n<div style=\"height:25px\" aria-hidden=\"true\" class=\"wp-block-spacer\"><\/div>\n\n\n\n<p style=\"text-align:center\" class=\"has-text-color has-medium-font-size has-vivid-red-color\">   <strong>Auberges de jeunesse<\/strong><\/p>\n\n\n\n<p><strong>Il y a de nombreuses auberges dans toute la ville avec la possibilit\u00e9 de r\u00e9server une chambre privative (plus cher) ou en dortoir (moins cher).<\/strong><\/p>\n\n\n\n<p><strong>\u2013&nbsp;<a href=\"http:\/\/www.hostels.com\/fr\/\" target=\"_blank\" rel=\"noreferrer noopener\">Hostel<\/a><\/strong><\/p>\n\n\n\n<p><strong>\u2013&nbsp;<a href=\"http:\/\/www.french.hostelworld.com\/\" target=\"_blank\" rel=\"noreferrer noopener\">Hostelworld<\/a><\/strong><\/p>\n\n\n\n<p><strong>\u2013<\/strong>&nbsp;<strong><a href=\"http:\/\/www.yha.org.uk\/fr\" target=\"_blank\" rel=\"noreferrer noopener\">YHA<\/a><\/strong><\/p>\n\n\n\n<p><strong>\u2013&nbsp;<a href=\"http:\/\/www.yha.org.uk\/hostel\/manchester\" target=\"_blank\" rel=\"noreferrer noopener\">YHA Manchester, Potato Wharf, Castlefield.<\/a>&nbsp;Auberge ultra propre et tr\u00e8s moderne. 30.00 euros&nbsp;par personne pour un dortoir de 4. Pas de petit d\u00e9jeuner. A seulement 10mn \u00e0 pieds du centre ville. R\u00e9ception ouverte toute la journ\u00e9e &amp; nuit. A recommander!<\/strong><\/p>\n\n\n\n<div style=\"height:25px\" aria-hidden=\"true\" class=\"wp-block-spacer\"><\/div>\n\n\n\n<p style=\"text-align:center\" class=\"has-text-color has-medium-font-size has-vivid-red-color\">   <strong>Bed and Breakfast<\/strong><\/p>\n\n\n\n<p><strong>Pour un voyage plus british, la solution Bed and Breakfast est plus appropri\u00e9e.<\/strong><\/p>\n\n\n\n<p><strong>\u2013&nbsp;<a href=\"http:\/\/www.bedandbreakfast.com\/fr\/\" target=\"_blank\" rel=\"noreferrer noopener\">B<strong>edandbreakfast<\/strong><\/a><\/strong><\/p>\n\n\n\n<p><strong>Dans tous les cas, pr\u00e9voyez votre r\u00e9servation suffisamment \u00e0 l\u2019avance pour ne pas avoir de mauvaises surprises.<\/strong><\/p>\n\n\n\n<div style=\"height:50px\" aria-hidden=\"true\" class=\"wp-block-spacer\"><\/div>\n\n\n\n<p class=\"has-background has-very-light-gray-background-color\"><strong>Faire du shopping, boire et manger.<\/strong><\/p>\n\n\n\n<p><strong>La principale art\u00e8re&nbsp;commer\u00e7ante&nbsp;se trouve sur Market St. Nombreux commerces et boutiques en tout genre. Grand centre commercial dans cette rue avec le Arndale Shopping center. Quelques adresses dans la pure tradition anglaise: Pretty Green (nouvelle marque&nbsp;de Liam Gallagher) 81 King Street Manchester.<\/strong><\/p>\n\n\n\n<div style=\"height:25px\" aria-hidden=\"true\" class=\"wp-block-spacer\"><\/div>\n\n\n\n<p style=\"text-align:center\" class=\"has-text-color has-medium-font-size has-vivid-red-color\">   <strong>Boire &amp; manger<\/strong><\/p>\n\n\n\n<p><strong>\u2013&nbsp;<a href=\"http:\/\/www.mcdonalds.co.uk\/ukhome.html\" target=\"_blank\" rel=\"noreferrer noopener\">Mac Donald<\/a>&nbsp;: ouvert 24h sur 24 \u00e0 l\u2019angle de Portland St &amp; Princess St.<\/strong><\/p>\n\n\n\n<p><strong>\u2013&nbsp;<a href=\"http:\/\/www.weareyates.co.uk\/manchester\" target=\"_blank\" rel=\"noreferrer noopener\">Yate\u2019s<\/a>&nbsp;: chaine de pub offrant une large palette de pintes &amp; burgers \u00e0 petits prix. A l\u2019angle de Portland St &amp; Chorlton St. Parfait pour les budgets tr\u00e8s light.<\/strong><\/p>\n\n\n\n<p><strong>\u2013&nbsp;<a href=\"http:\/\/www.gbk.co.uk\/\" target=\"_blank\" rel=\"noreferrer noopener\">Gourmet Burger Kitchen<\/a>: le paradis du burger! Spinningfields, Bridge St.<\/strong><\/p>\n\n\n\n<p><strong>\u2013&nbsp;<a href=\"http:\/\/www.buffetcitymanchester.co.uk\/\" target=\"_blank\" rel=\"noreferrer noopener\">Buffet City Oriental Restaurant<\/a>&nbsp;: Buffet \u00e0 volont\u00e9 de cuisine asiatique, de quoi se rassasier pour pas cher! 111 Portland St.<\/strong><\/p>\n\n\n\n<p><strong>\u2013&nbsp;<a rel=\"noreferrer noopener\" href=\"http:\/\/www.waxyoconnors.co.uk\/index.php\/welcome-to-waxys-manchester\" target=\"_blank\">Waxy O\u2019Connors<\/a>&nbsp;: R\u00e9sto\/pub tr\u00e8s en vogue \u00e0 Manchester.<\/strong><\/p>\n\n\n\n<p><strong>\u2013<\/strong> <a rel=\"noreferrer noopener\" aria-label=\" (s\u2019ouvre dans un nouvel onglet)\" href=\"https:\/\/www.facebook.com\/pages\/Sinclairs-Oyster-Bar\/157098364316266\" target=\"_blank\"><strong>Sinclair&rsquo;s Oyster Bar<\/strong><\/a><strong> : Pub au combien mythique de Manchester, situ\u00e9 en plein centre juste \u00e0 cot\u00e9 de l&rsquo;arr\u00eat de tram Exchange Square<\/strong><\/p>\n","protected":false},"excerpt":{"rendered":"<p>Tweet<\/p>\n","protected":false},"author":6,"featured_media":0,"parent":707,"menu_order":0,"comment_status":"open","ping_status":"open","template":"","meta":[],"_links":{"self":[{"href":"https:\/\/www.manutd-france.com\/v5\/wp-json\/wp\/v2\/pages\/927"}],"collection":[{"href":"https:\/\/www.manutd-france.com\/v5\/wp-json\/wp\/v2\/pages"}],"about":[{"href":"https:\/\/www.manutd-france.com\/v5\/wp-json\/wp\/v2\/types\/page"}],"author":[{"embeddable":true,"href":"https:\/\/www.manutd-france.com\/v5\/wp-json\/wp\/v2\/users\/6"}],"replies":[{"embeddable":true,"href":"https:\/\/www.manutd-france.com\/v5\/wp-json\/wp\/v2\/comments?post=927"}],"version-history":[{"count":16,"href":"https:\/\/www.manutd-france.com\/v5\/wp-json\/wp\/v2\/pages\/927\/revisions"}],"predecessor-version":[{"id":2707,"href":"https:\/\/www.manutd-france.com\/v5\/wp-json\/wp\/v2\/pages\/927\/revisions\/2707"}],"up":[{"embeddable":true,"href":"https:\/\/www.manutd-france.com\/v5\/wp-json\/wp\/v2\/pages\/707"}],"wp:attachment":[{"href":"https:\/\/www.manutd-france.com\/v5\/wp-json\/wp\/v2\/media?parent=927"}],"curies":[{"name":"wp","href":"https:\/\/api.w.org\/{rel}","templated":true}]}}