{"id":882,"date":"2010-12-19T16:01:10","date_gmt":"2010-12-19T16:01:10","guid":{"rendered":"http:\/\/www.manutd-france.com\/v5\/"},"modified":"2019-08-15T21:39:40","modified_gmt":"2019-08-15T19:39:40","slug":"histoire-sportive-mu","status":"publish","type":"page","link":"https:\/\/www.manutd-france.com\/v5\/inside-manchester\/histoire-sportive-mu\/","title":{"rendered":"L&rsquo;histoire sportive"},"content":{"rendered":"<div style=\"float: right; margin-left: 10px;\"><a href=\"https:\/\/twitter.com\/share\" class=\"twitter-share-button\" data-via=\"Muscfrance\" data-count=\"vertical\" data-url=\"https:\/\/www.manutd-france.com\/v5\/inside-manchester\/histoire-sportive-mu\/\">Tweet<\/a><\/div>\n<h3 class=\"wp-block-heading\" style=\"text-align:center\"><strong>L&rsquo;HISTOIRE SPORTIVE DE MANCHESTER UNITED<\/strong><\/h3>\n\n\n\n<p>De la naissance du club de Newton Heath \u00e0 aujourd&rsquo;hui, en passant par la catastrophe de Munich, l&rsquo;\u00e8re de Sir Matt Busby et le tripl\u00e9 de Ferguson, voici en 9 \u00e9pisodes comment Manchester United a \u00e9crit une des plus belles histoires du football. <\/p>\n\n\n\n<ul><li><strong>1878 -1945<\/strong> :\u00a0 Au commencement &#8211; de Newton Heath \u00e0 Man Utd<\/li><li><strong>1945 -1958<\/strong> : Les ann\u00e9es d&rsquo;apr\u00e8s guerre &#8211; La g\u00e9n\u00e9ration \u00ab\u00a0Busby Babes\u00a0\u00bb  <\/li><li><strong>06 f\u00e9vrier 1958<\/strong>: Le drame de Munich, la fin d&rsquo;un r\u00eave\u00a0 <\/li><li><strong>1958 &#8211; 1968<\/strong> : A la poursuite des ann\u00e9es glorieuses\u00a0 <\/li><li><strong>29 mai 1968<\/strong> : Wembley &#8211; le r\u00eave devient r\u00e9alit\u00e9                                          <\/li><li><strong>1968 &#8211; 1986 <\/strong>: L&rsquo;apr\u00e8s Busby &#8211; Les ann\u00e9es difficiles <\/li><li><strong>1986 &#8211; 1999<\/strong> : Les ann\u00e9es glorieuses &#8211; La g\u00e9n\u00e9ration 90<\/li><li><strong>16-22-26 mai 1999<\/strong> : Le tripl\u00e9 <\/li><li><strong>1999 &#8211; 2008<\/strong> :\u00a0 Les ann\u00e9es 2000 => vers Moscou<\/li><li><strong>2009-20xx<\/strong> : Tant que Sir Alex Ferguson est au commande<\/li><\/ul>\n\n\n\n<div style=\"height:50px\" aria-hidden=\"true\" class=\"wp-block-spacer\"><\/div>\n\n\n\n<p style=\"font-size:15px;text-align:center\" class=\"has-text-color has-vivid-red-color\"><strong><em>1878-1945 : Au commencement &#8211; De Newton Heath \u00e0 Manchester United<\/em><\/strong><\/p>\n\n\n\n<div style=\"height:25px\" aria-hidden=\"true\" class=\"wp-block-spacer\"><\/div>\n\n\n\n<p>Les fondateurs de ce qui est devenu le plus grand club au monde, \u00e9taient un groupe de cheminots du Lancashire et du Yorkshire qui s&rsquo;est regroup\u00e9, il y a plus de 120 ans, pour cr\u00e9er une \u00e9quipe de football.<\/p>\n\n\n\n<div class=\"wp-block-image\"><figure class=\"aligncenter\"><img decoding=\"async\" loading=\"lazy\" width=\"499\" height=\"531\" src=\"http:\/\/www.manutd-france.com\/v5\/wp-content\/uploads\/2019\/08\/64648_154047941302541_100000920077933_267113_6821737_n.jpg\" alt=\"\" class=\"wp-image-2694\" srcset=\"https:\/\/www.manutd-france.com\/v5\/wp-content\/uploads\/2019\/08\/64648_154047941302541_100000920077933_267113_6821737_n.jpg 499w, https:\/\/www.manutd-france.com\/v5\/wp-content\/uploads\/2019\/08\/64648_154047941302541_100000920077933_267113_6821737_n-282x300.jpg 282w\" sizes=\"(max-width: 499px) 100vw, 499px\" \/><\/figure><\/div>\n\n\n\n<p>En 1878, le club de Newton Heath est n\u00e9. Le club se fait un nom localement et veut grimper en ligue. Il sera accept\u00e9 qu&rsquo;\u00e0 la troisi\u00e8me demande en 1892 mais l&rsquo;apprentissage est difficile avec une descente en 1898 en deuxi\u00e8me division alors que Manchester City gagne son premier titre. Apr\u00e8s quelques ann\u00e9es difficiles, le club gagne enfin le pouvoir financier gr\u00e2ce \u00e0 un brasseur, John Henry Davies, pour progresser avec de nouveaux joueurs et une nouvelle direction. La d\u00e9cision de changer de nom est alors prise. Manchester Central est propos\u00e9 ainsi que Manchester Celtic. Les deux propositions furent rejet\u00e9es pour le nom qui deviendra c\u00e9l\u00e8bre aux quatre coins du monde. En 1902, Newton Heath devient officiellement &#8211; Manchester United.<\/p>\n\n\n\n<p>Ernest Mangnall coache les stars de l&rsquo;\u00e9poque qui avaient pour nom Turnbull, Bannister, Burgess et Charlie Roberts. D\u00e8s 1908, United obtient son premier titre de champion et gagne la FA Cup en 1909, en battant Bristol City 1-0. Ce fut une p\u00e9riode faste pour les supporteurs qui eurent droit \u00e0 un nouveau stade. Le club s&rsquo;installe \u00e0 Old Trafford, le th\u00e9atre des r\u00eaves. Nous sommes en 1910.<\/p>\n\n\n\n<div class=\"wp-block-image\"><figure class=\"aligncenter\"><img decoding=\"async\" loading=\"lazy\" width=\"1024\" height=\"619\" src=\"https:\/\/www.manutd-france.com\/v5\/wp-content\/uploads\/2019\/08\/Manchester_United_1908-09-1024x619.jpg\" alt=\"\" class=\"wp-image-2693\" srcset=\"https:\/\/www.manutd-france.com\/v5\/wp-content\/uploads\/2019\/08\/Manchester_United_1908-09-1024x619.jpg 1024w, https:\/\/www.manutd-france.com\/v5\/wp-content\/uploads\/2019\/08\/Manchester_United_1908-09-300x181.jpg 300w, https:\/\/www.manutd-france.com\/v5\/wp-content\/uploads\/2019\/08\/Manchester_United_1908-09-768x464.jpg 768w, https:\/\/www.manutd-france.com\/v5\/wp-content\/uploads\/2019\/08\/Manchester_United_1908-09.jpg 1658w\" sizes=\"(max-width: 1024px) 100vw, 1024px\" \/><\/figure><\/div>\n\n\n\n<p>Les ann\u00e9es 20 et les ann\u00e9es 30 furent des ann\u00e9es difficiles pour United. Le club descend en D2 en 1922, lutte pour s&rsquo;y maintenir, et ne produit pas un jeu terrible. En 1927, c&rsquo;est une mini-crise, les fans menacent de boycotter le club (d\u00e9j\u00e0 !). Pour faire face \u00e0 la crise, on parle de vendre Old Trafford. En 1922, miracle, un businessman, James Gibson \u00e9ponge la dette de 2 000\u00a3 et prend le contr\u00f4le du club.<\/p>\n\n\n\n<p>Mais le miracle sportif ne se produit pas malgr\u00e9 l&#8217;embauche d&rsquo;un nouvel entraineur, Scott Duncan et en 1934 le club plongent vers la D3. Dos au mur, United affronte Millwall le 5 mai alors que de l&rsquo;autre c\u00f4t\u00e9, Manchester City, le club rival de toujours se qualifie pour la finale de la FA Cup gr\u00e2ce \u00e0 un certain, Matt Busby. Les Reds se sortent du mauvais pas avec une victoire 2-0.<\/p>\n\n\n\n<p>United fait l&rsquo;ascenseur mais finit par remonter en Premi\u00e8re division en 1939, au moment o\u00f9 la guerre commence.<\/p>\n\n\n\n<p>Pendant la guerre, Old Trafford est bombard\u00e9 et r\u00e9duit en ruine. Le 5 f\u00e9vrier 1945, un certain \u00c9cossais arrive au stade. Regardant le d\u00e9sastre, il ne savait pas encore quel future \u00e9tait r\u00e9serv\u00e9 pour lui dans ce stade et quelle joie il apportera aux fans tout le long de son passage \u00e0 Old Trafford.<\/p>\n\n\n\n<p>Matt Busby venait d&rsquo;arriver.<\/p>\n\n\n\n<div style=\"height:50px\" aria-hidden=\"true\" class=\"wp-block-spacer\"><\/div>\n\n\n\n<p style=\"font-size:15px;text-align:center\" class=\"has-text-color has-vivid-red-color\"><strong><em>1945-1958 : Les ann\u00e9es d&rsquo;apr\u00e8s guerre &#8211; La g\u00e9n\u00e9ration \u00ab\u00a0BUSBY BABES\u00a0\u00bb <\/em><\/strong> <\/p>\n\n\n\n<div style=\"height:25px\" aria-hidden=\"true\" class=\"wp-block-spacer\"><\/div>\n\n\n\n<p>Vous avez tous en t\u00eate le chant suivant tr\u00e8s souvent repris \u00e0 Old trafford : <em>Hello, hello, we are the the Busby boys, Hello, hello, we are the the Busby boys, And if you are a City fan, Surrender or you\u2019ll die, We all follow United.<\/em><\/p>\n\n\n\n<figure class=\"wp-block-embed-youtube aligncenter wp-block-embed is-type-video is-provider-youtube wp-embed-aspect-16-9 wp-has-aspect-ratio\"><div class=\"wp-block-embed__wrapper\">\n<iframe loading=\"lazy\" title=\"Hello! Hello! We are the Busby Boys\" width=\"500\" height=\"281\" src=\"https:\/\/www.youtube.com\/embed\/f7M6vhhP9is?feature=oembed\" frameborder=\"0\" allow=\"accelerometer; autoplay; encrypted-media; gyroscope; picture-in-picture\" allowfullscreen><\/iframe>\n<\/div><\/figure>\n\n\n\n<p>Pour comprendre l&rsquo;importance de ce chant il faut revenir aux ann\u00e9es 1945 :<\/p>\n\n\n\n<p>Matt Busby, ancien joueur \u00e9cossais de Liverpool et de Manchester City, vite connu sous le nom du Godfather (le parrain), peut s&rsquo;attendre \u00e0 une t\u00e2che tr\u00e8s lourde pour redresser le club. \u00c0 cause de l&rsquo;\u00e9tat du stade, les matchs sont jou\u00e9s au stade de City, Maine Road. Busby a besoin d&rsquo;un bon assistant pour l&rsquo;aider \u00e0 forger une \u00e9quipe comp\u00e9titive. En faisant signer Jimmy Murphy, il r\u00e9alise un coup de g\u00e9nie. Le tandem Busby-Murphy va devenir l&rsquo;une des associations la plus durable et la plus efficace dans l&rsquo;histoire du football.<\/p>\n\n\n\n<p>Depuis la reprise du championnat en 1946, fra\u00eechement remont\u00e9e de seconde division, l&rsquo;\u00e9quipe prend confiance. United remporte la FA Cup trois ans apr\u00e8s l&rsquo;arriv\u00e9e de Matt Busby et apr\u00e8s avoir fini trois saisons \u00e0 la deuxi\u00e8me place, United est champion en 1952 avec quatre points d\u00a0\u00bbavance sur les rivaux londonniens, les Spurs et les gunners. 41 ans apr\u00e8s son dernier titre !! United s&rsquo;appr\u00eate \u00e0 marcher vers un destin qui laissera une marque profonde dans l&rsquo;histoire du football anglais.<\/p>\n\n\n\n<p>United est alors surnomm\u00e9 par la presse \u00ab\u00a0les Busby Babes\u00a0\u00bb, un terme qui ne pla\u00eet pas au manager pour sa connotation enfantine. Il pr\u00e9f\u00e8re tout simplement le nom des <strong>Red Devils <\/strong>(le surnom de l&rsquo;\u00e9quipe de rugby de Salford)<strong>.<\/strong> Matt Busby fait venir de jeunes talents comme Johnny Berry, Tommy Taylor et Duncan Edwards. Avec en plus les arriv\u00e9es de Dennis Viollet et David Pegg, United s&rsquo;offre le titre lors de la saison 1955-56 avec une avance de 11 points. Busby r\u00e9v\u00e8le ensuite son nouveau jeune prodige, \u00e0 la frappe d\u00e9vastatrice, Bobby Charlton. L&rsquo;\u00e9quipe remporte le championnat une seconde fois et se lance \u00e0 l&rsquo;assaut de la gloire europ\u00e9enne, alors que la veille Angleterre boudait cette comp\u00e9tition.<\/p>\n\n\n\n<p>Au d\u00e9but de la saison 1957-58, Busby sent l&rsquo;\u00e9quipe pr\u00eate pour un succ\u00e8s europ\u00e9en. Elle se rapproche apr\u00e8s la victoire 2-1 contre l&rsquo;Etoile Rouge de Belgrade en quart de finale de la Coupe d&rsquo;Europe. Le match retour \u00e0 Belgrade est un vrai test pour les jeunes de Manchester. Ils se qualifient gr\u00e2ce \u00e0 match nul 3-3. Matt Busby peut se r\u00e9jouir d&rsquo;un travail bien fait pendant ses 13 ann\u00e9es pass\u00e9es au club. La cons\u00e9cration approche.<\/p>\n\n\n\n<div class=\"wp-block-image\"><figure class=\"aligncenter\"><img decoding=\"async\" loading=\"lazy\" width=\"615\" height=\"409\" src=\"https:\/\/www.manutd-france.com\/v5\/wp-content\/uploads\/2019\/08\/JS56096139.jpg\" alt=\"\" class=\"wp-image-2695\" srcset=\"https:\/\/www.manutd-france.com\/v5\/wp-content\/uploads\/2019\/08\/JS56096139.jpg 615w, https:\/\/www.manutd-france.com\/v5\/wp-content\/uploads\/2019\/08\/JS56096139-300x200.jpg 300w\" sizes=\"(max-width: 615px) 100vw, 615px\" \/><\/figure><\/div>\n\n\n\n<p>Ce qui arrive ensuite ne choque pas qu&rsquo;une nation mais tout le monde du football.<\/p>\n\n\n\n<div style=\"height:50px\" aria-hidden=\"true\" class=\"wp-block-spacer\"><\/div>\n\n\n\n<p style=\"font-size:15px;text-align:center\" class=\"has-text-color has-vivid-red-color\"><strong><em>6 FEVRIER 1958 : Fin d&rsquo;un r\u00eave<\/em><strong><em> &#8211; Le drame de Munich<\/em><\/strong><\/strong><\/p>\n\n\n\n<div style=\"height:25px\" aria-hidden=\"true\" class=\"wp-block-spacer\"><\/div>\n\n\n\n<div class=\"wp-block-image\"><figure class=\"aligncenter is-resized\"><img decoding=\"async\" loading=\"lazy\" src=\"https:\/\/www.manutd-france.com\/v5\/wp-content\/uploads\/2019\/08\/fa5f71157015a51d299403f517945469.jpg\" alt=\"\" class=\"wp-image-2696\" width=\"486\" height=\"273\" srcset=\"https:\/\/www.manutd-france.com\/v5\/wp-content\/uploads\/2019\/08\/fa5f71157015a51d299403f517945469.jpg 1023w, https:\/\/www.manutd-france.com\/v5\/wp-content\/uploads\/2019\/08\/fa5f71157015a51d299403f517945469-300x169.jpg 300w, https:\/\/www.manutd-france.com\/v5\/wp-content\/uploads\/2019\/08\/fa5f71157015a51d299403f517945469-768x432.jpg 768w\" sizes=\"(max-width: 486px) 100vw, 486px\" \/><\/figure><\/div>\n\n\n\n<p>Des flocons de neige tombent sur un avion en ruine. C&rsquo;est une sc\u00e8ne qui glace les esprits de tous les supporteurs de Manchester United et du monde entier. Le d\u00e9sastre de l&rsquo;a\u00e9roport de Munich, le 6 f\u00e9vrier 1958, emporte 21 vies, dont celles de sept Busby Babes. C&rsquo;est une terrible trag\u00e9die qui hante toujours le c\u0153ur des personnes li\u00e9es au club. Quelques d\u00e9cennies apr\u00e8s, les fans r\u00eavent encore de ce que cela aurait pu \u00eatre si l&rsquo;\u00e9quipe \u00e9tait rentr\u00e9e saine et sauf \u00e0 Manchester, apr\u00e8s les quarts de finale de la Coupe d&rsquo;Europe face au Red Star Belgrade. C&rsquo;est une histoire terrifiante marqu\u00e9e d&rsquo;h\u00e9ro\u00efsme.<\/p>\n\n\n\n<p>L&rsquo;avion affr\u00e9t\u00e9 par Manchester s&rsquo;est arr\u00eat\u00e9 \u00e0 Munich pour faire le plein de k\u00e9roz\u00e8ne. Il doit repartir quelques minutes plus tard .H\u00e9las, apr\u00e8s deux d\u00e9collages avort\u00e9s, il est clair que quelque chose ne va pas avec un des moteurs.<\/p>\n\n\n\n<p>Mais l&rsquo;avion, un Elisabeth, peut d\u00e9coller avec un seul moteur et l\u00e0 est la funeste d\u00e9cision. Alors que l&rsquo;avion s&rsquo;\u00e9lance \u00e0 nouveau sur la piste, la peur envahit le visage des joueurs.<\/p>\n\n\n\n<p>\u00ab\u00a0Nous allons mourir\u00a0\u00bb crie Johnny Berry. Au lieu de quitter le sol, l&rsquo;avion effectivement pique du nez, heurte la barri\u00e8re en bout de piste, traverse une route et finit sa course dans une maison. L&rsquo;aile et une partie de la queue de l&rsquo;appareil volent en \u00e9clat. Quant au fuselage, il termine sa course dans un hangar plein de pneus et de gazole. Aussit\u00f4t, tout s&#8217;embrase.<\/p>\n\n\n\n<div class=\"wp-block-image\"><figure class=\"aligncenter\"><img decoding=\"async\" loading=\"lazy\" width=\"875\" height=\"583\" src=\"http:\/\/www.manutd-france.com\/v5\/wp-content\/uploads\/2019\/08\/busby-babes_0602mufc_875.jpg\" alt=\"\" class=\"wp-image-2697\" srcset=\"https:\/\/www.manutd-france.com\/v5\/wp-content\/uploads\/2019\/08\/busby-babes_0602mufc_875.jpg 875w, https:\/\/www.manutd-france.com\/v5\/wp-content\/uploads\/2019\/08\/busby-babes_0602mufc_875-300x200.jpg 300w, https:\/\/www.manutd-france.com\/v5\/wp-content\/uploads\/2019\/08\/busby-babes_0602mufc_875-768x512.jpg 768w\" sizes=\"(max-width: 875px) 100vw, 875px\" \/><\/figure><\/div>\n\n\n\n<p>Il est 10 h 09, le mercredi 6 f\u00e9vrier 1958, une date \u00e0 jamais grav\u00e9e dans nos c\u0153urs.<\/p>\n\n\n\n<p>Le gardien Harry Gregg se conduit alors comme un h\u00e9ros. Apr\u00e8s s&rsquo;\u00eatre extirp\u00e9 de la carcasse, il d\u00e9cide de retourner tenter de sauver des flammes un b\u00e9b\u00e9 et sa maman gri\u00e8vement bless\u00e9e, risquant sa vie. Puis, malgr\u00e9 les risques d&rsquo;explosion, il tire Bobby Charlton et Dennis Viollet par les bas de leurs pantalons en dehors du feu. Les images de cette catastrophe plongent le monde dans la stupeur.<\/p>\n\n\n\n<p>La vue de la plaque comm\u00e9morative en m\u00e9moire des disparus de Munich accroch\u00e9e \u00e0 l&rsquo;ext\u00e9rieur de la tribune Ouest est un moment \u00e9mouvant de toute visite \u00e0 Old Trafford.<\/p>\n\n\n\n<div class=\"wp-block-image\"><figure class=\"aligncenter\"><img decoding=\"async\" loading=\"lazy\" width=\"600\" height=\"415\" src=\"http:\/\/www.manutd-france.com\/v5\/wp-content\/uploads\/2019\/08\/plaque.jpg\" alt=\"\" class=\"wp-image-2699\" srcset=\"https:\/\/www.manutd-france.com\/v5\/wp-content\/uploads\/2019\/08\/plaque.jpg 600w, https:\/\/www.manutd-france.com\/v5\/wp-content\/uploads\/2019\/08\/plaque-300x208.jpg 300w\" sizes=\"(max-width: 600px) 100vw, 600px\" \/><\/figure><\/div>\n\n\n\n<p>Le jour de l&rsquo;anniversaire, les supporteurs se r\u00e9unissent et chantent \u00ab\u00a0the flowers of Manchester\u00a0\u00bb. Les paroles de cette chanson furent envoy\u00e9es anonymement \u00e0 un magazine folk en octobre 1958 en indiquant que la musique \u00e9tait celle de \u00ab\u00a0High Germany\u00a0\u00bb. Elle fut enregistr\u00e9e en 1962 par les Spinners.<\/p>\n\n\n\n<p><em>The Flowers of Manchester<\/em><\/p>\n\n\n\n<p><em>One cold and bitter Thursday in Munich, Germany,<br>Eight great football stalwarts conceded victory,<br>Eight men who will never play again who met destruction there,<br>The flowers of English football, the flowers of Manchester<\/em><\/p>\n\n\n\n<p><em>Matt Busby&rsquo;s boys were flying, returning from Belgrade,<br>This great United family, all masters of their trade,<br>The Pilot of the aircraft, the skipper Captain Thain,<br>Three times they tried to take off and twice turned back again.<\/em><\/p>\n\n\n\n<p><em>The third time down the runaway disaster followed close,<br>There was a slush upon that runaway and the aircraft never rose,<br>It ploughed into the marshy ground, it broke, it overturned.<br>And eight of the team were killed as the blazing wreckage burned<\/em>.<\/p>\n\n\n\n<p><em>Roger Byrne and Tommy Taylor who were capped for England&rsquo;s side.<br>And Ireland&rsquo;s Billy Whelan and England&rsquo;s Geoff Bent died,<br>Mark Jones and Eddie Colman, and David Pegg also,<br>They all lost their lives as it ploughed on through the snow.<\/em><\/p>\n\n\n\n<p><em>Big Duncan he went to, with an injury to his frame,<br>And Ireland&rsquo;s brave Jack Blanchflower will never play again,<br>The great Sir Matt Busby lay there, the father of his team<br>Three long months passed by before he walked again.<\/em><\/p>\n\n\n\n<p><em>The trainer, coach and secretary, and a member of the crew,<br>Also eight sporting journalists who with United flew,<br>and one of them Big Swifty, who we&rsquo;ll ne&rsquo;er forget,<br>the finest English &lsquo;keeper that ever graced the net.<\/em><\/p>\n\n\n\n<p><em>Oh, England&rsquo;s finest football team its record truly great,<br>its proud successes mocked by a cruel turn of fate.<br>Eight men will never play again, who met destruction there,<br>the flowers of English football, the flowers of Manchester<\/em><\/p>\n\n\n\n<figure class=\"wp-block-embed-youtube wp-block-embed is-type-video is-provider-youtube wp-embed-aspect-4-3 wp-has-aspect-ratio\"><div class=\"wp-block-embed__wrapper\">\n<iframe loading=\"lazy\" title=\"The Flowers of Manchester\" width=\"500\" height=\"375\" src=\"https:\/\/www.youtube.com\/embed\/7SMLcO9xnSU?feature=oembed\" frameborder=\"0\" allow=\"accelerometer; autoplay; encrypted-media; gyroscope; picture-in-picture\" allowfullscreen><\/iframe>\n<\/div><\/figure>\n\n\n\n<div style=\"height:50px\" aria-hidden=\"true\" class=\"wp-block-spacer\"><\/div>\n\n\n\n<p style=\"font-size:15px;text-align:center\" class=\"has-text-color has-vivid-red-color\"><strong><em>1958-1968 : A la poursuite des ann\u00e9es glorieuses <\/em><\/strong><\/p>\n\n\n\n<div style=\"height:25px\" aria-hidden=\"true\" class=\"wp-block-spacer\"><\/div>\n\n\n\n<p>Apr\u00e8s le drame de Munich, Old Trafford devient un lieu de p\u00e8lerinage pour les fid\u00e8les du club et pas seulement ceux de la ville de Manchester. Les joueurs qui arrivent pendant cette d\u00e9cade d\u00e9couvrent alors le poids de ce pass\u00e9. Certains peuvent supporter cette pression et deviennent de nouveaux h\u00e9ros, d&rsquo;autres ne peuvent tenir longtemps.<\/p>\n\n\n\n<p>Pendant la convalescence de Matt Busby, gravement bless\u00e9 lors du crash, c&rsquo;est son loyal assistant Jimmy Murphy qui prend les manettes du club. Il reconstruit aussit\u00f4t une \u00e9quipe autour des h\u00e9ros de Munich: Harry Gregg et Bill Foulkes, Shay Brennan et Ronnie Cope pour jouer \u00e0 Sheffield Wednesday en 5\u00e8me tour de la FA Cup le 19 f\u00e9vrier 1958. Et cette \u00e9quipe gagne 3 \u00e0 0 avec deux buts de Brennan. Cette victoire est inesp\u00e9r\u00e9e et fait le bonheur des supporteurs. Mais l&rsquo;\u00e9quipe est n\u00e9anmoins tr\u00e8s affaiblie et ne peut finir que 9\u00e8me du championnat. Elle r\u00e9ussit cependant \u00e0 arriver en finale de la FA Cup, mais doit s&rsquo;incliner contre Bolton Wanderers. La saison suivante, United finit deuxi\u00e8me derri\u00e8re Wolves, un r\u00e9sultat remarquable un an seulement apr\u00e8s drame.<\/p>\n\n\n\n<p>D\u00e9but 1960, Matt Busby est de retour \u00e0 Old Trafford. Deux ans plus tard, signe en provenance de Turin pour un montant record de 115 000\u00a3, Denis Law qui va devenir une des l\u00e9gendes du club. Puis arrive Pat Crerand, un solide \u00e9cossais ayant jou\u00e9 \u00e0 Glasgow Celtic. Busby \u00e0 son plan pour revenir parmi l&rsquo;\u00e9lite malgr\u00e9 une 19\u00e8me place en 1963 qui signifie la descente en seconde division, sauv\u00e9e par une victoire en finale de la classique cup contre Leicester 3 \u00e0 1 avec deux buts de David Herd .<\/p>\n\n\n\n<p>Les supporteurs de United sont d\u00e9j\u00e0 impatients de remonter en premi\u00e8re division et pour cela Busby va chercher un jeune Irlandais, George Best<span style=\"text-decoration: underline;\">,<\/span> et un infatigable milieu John Connelly de Burnley. Et les r\u00e9sultats ne se font pas attendre, United redevenant champion la saison 64\/65.<\/p>\n\n\n\n<div class=\"wp-block-image\"><figure class=\"aligncenter\"><img decoding=\"async\" loading=\"lazy\" width=\"400\" height=\"300\" src=\"https:\/\/www.manutd-france.com\/v5\/wp-content\/uploads\/2019\/08\/MANCHESTER-UNITED-Team-League-champions-1964-1965.jpg\" alt=\"\" class=\"wp-image-2700\" srcset=\"https:\/\/www.manutd-france.com\/v5\/wp-content\/uploads\/2019\/08\/MANCHESTER-UNITED-Team-League-champions-1964-1965.jpg 400w, https:\/\/www.manutd-france.com\/v5\/wp-content\/uploads\/2019\/08\/MANCHESTER-UNITED-Team-League-champions-1964-1965-300x225.jpg 300w\" sizes=\"(max-width: 400px) 100vw, 400px\" \/><\/figure><\/div>\n\n\n\n<p>S&rsquo;ouvre alors une nouvelle p\u00e9riode faste pour United, retrouvant l&rsquo;Europe en 66 avec une s\u00e9rie de performances dont la victoire 5 \u00e0 1 contre le Benfica. Le r\u00eave europ\u00e9en est stopp\u00e9 \u00e0 Old Trafford par le Partizan de Belgrade mais tous les supporteurs sentent au soir de l&rsquo;\u00e9limination que United est sur la bonne voie.<\/p>\n\n\n\n<p>United renouvelle ainsi son titre la saison 1966-67 et entame sa campagne europ\u00e9enne avec des meilleurs armes pour vaincre \u00e0 l&rsquo;ext\u00e9rieur. United se d\u00e9barrasse d&rsquo;abord des maltais pour arriver au choc victorieux contre le R\u00e9al 1 \u00e0 0 \u00e0 Bernabeu suivi d&rsquo;un 3 \u00e0 3 \u00e0 Old Trafford, ouvrant les portes de la finale \u00e0 Wembley contre Benfica.<\/p>\n\n\n\n<figure class=\"wp-block-image\"><img decoding=\"async\" loading=\"lazy\" width=\"660\" height=\"371\" src=\"https:\/\/www.manutd-france.com\/v5\/wp-content\/uploads\/2019\/08\/86868773_best.jpg\" alt=\"\" class=\"wp-image-2701\" srcset=\"https:\/\/www.manutd-france.com\/v5\/wp-content\/uploads\/2019\/08\/86868773_best.jpg 660w, https:\/\/www.manutd-france.com\/v5\/wp-content\/uploads\/2019\/08\/86868773_best-300x169.jpg 300w\" sizes=\"(max-width: 660px) 100vw, 660px\" \/><figcaption>Bobby Charlton, Georges, Matt Busby et Denis Law<\/figcaption><\/figure>\n","protected":false},"excerpt":{"rendered":"<p>Tweet L&rsquo;HISTOIRE SPORTIVE DE MANCHESTER UNITED De la naissance du club de Newton Heath \u00e0 aujourd&rsquo;hui, en passant par la catastrophe de Munich, l&rsquo;\u00e8re de Sir Matt Busby et le tripl\u00e9 de Ferguson, voici en 9 \u00e9pisodes comment Manchester United a \u00e9crit une des plus belles histoires du football. 1878 -1945 :\u00a0 Au commencement &#8211; [&hellip;]<\/p>\n","protected":false},"author":1,"featured_media":0,"parent":35,"menu_order":25,"comment_status":"open","ping_status":"open","template":"","meta":[],"_links":{"self":[{"href":"https:\/\/www.manutd-france.com\/v5\/wp-json\/wp\/v2\/pages\/882"}],"collection":[{"href":"https:\/\/www.manutd-france.com\/v5\/wp-json\/wp\/v2\/pages"}],"about":[{"href":"https:\/\/www.manutd-france.com\/v5\/wp-json\/wp\/v2\/types\/page"}],"author":[{"embeddable":true,"href":"https:\/\/www.manutd-france.com\/v5\/wp-json\/wp\/v2\/users\/1"}],"replies":[{"embeddable":true,"href":"https:\/\/www.manutd-france.com\/v5\/wp-json\/wp\/v2\/comments?post=882"}],"version-history":[{"count":12,"href":"https:\/\/www.manutd-france.com\/v5\/wp-json\/wp\/v2\/pages\/882\/revisions"}],"predecessor-version":[{"id":2706,"href":"https:\/\/www.manutd-france.com\/v5\/wp-json\/wp\/v2\/pages\/882\/revisions\/2706"}],"up":[{"embeddable":true,"href":"https:\/\/www.manutd-france.com\/v5\/wp-json\/wp\/v2\/pages\/35"}],"wp:attachment":[{"href":"https:\/\/www.manutd-france.com\/v5\/wp-json\/wp\/v2\/media?parent=882"}],"curies":[{"name":"wp","href":"https:\/\/api.w.org\/{rel}","templated":true}]}}