{"id":77,"date":"2010-07-25T23:13:24","date_gmt":"2010-07-25T23:13:24","guid":{"rendered":"http:\/\/www.manutd-france.com\/v5\/?page_id=77"},"modified":"2019-07-21T15:20:45","modified_gmt":"2019-07-21T13:20:45","slug":"mentions-legales","status":"publish","type":"page","link":"https:\/\/www.manutd-france.com\/v5\/mentions-legales\/","title":{"rendered":"Mentions l\u00e9gales"},"content":{"rendered":"<div style=\"float: right; margin-left: 10px;\"><a href=\"https:\/\/twitter.com\/share\" class=\"twitter-share-button\" data-via=\"Muscfrance\" data-count=\"vertical\" data-url=\"https:\/\/www.manutd-france.com\/v5\/mentions-legales\/\">Tweet<\/a><\/div>\n<h3>Mentions l\u00e9gales<\/h3>\n<p><strong>PROPRIETE<\/strong><br \/>\nLe site <a href=\"..\/..\/\" target=\"_blank\" rel=\"noopener noreferrer\">www.manutd-france.com<\/a> est la propri\u00e9t\u00e9 de l\u2019association MUSC-FRANCE dont le si\u00e8ge est situ\u00e9 :<\/p>\n<p>15 rue de l&rsquo;Abb\u00e9 Fagnozel 88480 ETIVAL CLAIREFONTAINE<\/p>\n<p>MUSC-FRANCE est une association loi 1901 \u00e0 but non lucratif, sans aucun but commercial, d\u00e9clar\u00e9e \u00e0 la Pr\u00e9fecture de Lun\u00e9ville (Meurthe et Moselle).<\/p>\n<p><strong>HEBERGEMENT<\/strong><\/p>\n<p>Le site est h\u00e9berg\u00e9 chez STRATO<\/p>\n<p><strong>PROPRIETE INTELLECTUELLE<\/strong><\/p>\n<p>Le web est un monde qui favorise l&rsquo;\u00e9change et la mise en commun. Toute mise en ligne est par essence libre d&rsquo;acc\u00e8s et de reproduction. Cela n&rsquo;interdit pas certaines r\u00e8gles de courtoisie, soit en citant ses sources, soit en demandant une autorisation.<\/p>\n<p>MUSC-FRANCE ne voit donc aucun inconv\u00e9nient \u00e0 ce que soit reproduit et utilis\u00e9 le contenu \u00ab\u00a0texte\u00a0\u00bb du site sous r\u00e9serve de faire figurer la mention \u00ab\u00a0source site web \u00ab\u00a0manutd-france.com\u00a0\u00bb. Dans le cas d&rsquo;un usage commerciale, une autorisation pr\u00e9alable est demand\u00e9e.<\/p>\n<p>MUSC-FRANCE proc\u00e8de de la m\u00eame fa\u00e7on. Elle s&rsquo;efforce de citer ses sources.<\/p>\n<p>L&rsquo;usage des images, photos et autres supports du site est subordonn\u00e9 \u00e0 l&rsquo;accord \u00e9crit de MUSC-FRANCE. En effet, certaines photos ne sont sur le site qu&rsquo;avec l&rsquo;aimable autorisation de MUFC et ne peuvent \u00eatre reproduites sans son autorisation sp\u00e9cifique.<\/p>\n<p><strong>\u00a0<\/strong><\/p>\n<p><strong>LIEN HYPERTEXTE<\/strong><\/p>\n<p>La mise en place d\u2019un lien hypertexte vers le pr\u00e9sent site ne n\u00e9cessite pas d\u2019autorisation pr\u00e9alable. N\u00e9anmoins, nous demandons de ne pas r\u00e9aliser de \u00ab liens profonds \u00bb. N&rsquo;h\u00e9sitez \u00e0 nous demander tout renseignement n\u00e9cessaire afin de r\u00e9aliser un lien vers notre site.<\/p>\n<p>MUSC-FRANCE ne fait pas d\u2019\u00e9change de liens hypertextes syst\u00e8matiques.<\/p>\n<p>MUSC-FRANCE ne peut en aucun cas \u00eatre tenu pour responsable des sites ayant un lien hypertexte avec le pr\u00e9sent site et d\u00e9cline toute responsabilit\u00e9 quant \u00e0 leur contenu et \u00e0 leur utilisation.<\/p>\n<p><strong>\u00a0<\/strong><\/p>\n<p><strong>INFORMATIQUES ET LIBERTES<\/strong><\/p>\n<p>Le site <a href=\"..\/..\/\" target=\"_blank\" rel=\"noopener noreferrer\">www.manutd-france.com<\/a> respecte les lois fran\u00e7aises sur la protection de la vie priv\u00e9e. Conform\u00e9ment \u00e0 la loi n\u00b0 78-17 du 6 Janvier 1978 relative \u00e0 l&rsquo;informatique, aux fichiers et aux libert\u00e9s, vous disposez d&rsquo;un droit d&rsquo;acc\u00e8s, de modification, de rectification et de suppression des donn\u00e9es qui vous concernent (cf forum, newsletter et informations n\u00e9cessaires aux adh\u00e9sions). Pour exercer ce droit, \u00e9crivez-nous via le formulaire de contact : <a href=\"..\/..\/v2\/modules\/contact\/\" target=\"_blank\" rel=\"noopener noreferrer\">http:\/\/www.manutd-france.com\/v5\/contact\/<\/a><\/p>\n<p><strong>\u00a0<\/strong><\/p>\n<p><strong>LITIGES<\/strong><\/p>\n<p>Ce site est soumis \u00e0 la loi fran\u00e7aise. En cas de litige, la premi\u00e8re d\u00e9marche est de nous \u00e9crire car de la discussion na\u00eet la compr\u00e9hension mutuelle. En dernier ressort, les tribunaux fran\u00e7ais seront seuls comp\u00e9tents.<\/p>\n<p>Pour toute remarque ou question, vous \u00eates invit\u00e9 \u00e0 nous contacter via le formulaire de contact : <a href=\"..\/..\/v2\/modules\/contact\/\" target=\"_blank\" rel=\"noopener noreferrer\">http:\/\/www.manutd-france.com\/v5\/contact\/<\/a><\/p>\n","protected":false},"excerpt":{"rendered":"<p>Tweet Mentions l\u00e9gales PROPRIETE Le site www.manutd-france.com est la propri\u00e9t\u00e9 de l\u2019association MUSC-FRANCE dont le si\u00e8ge est situ\u00e9 : 15 rue de l&rsquo;Abb\u00e9 Fagnozel 88480 ETIVAL CLAIREFONTAINE MUSC-FRANCE est une association loi 1901 \u00e0 but non lucratif, sans aucun but commercial, d\u00e9clar\u00e9e \u00e0 la Pr\u00e9fecture de Lun\u00e9ville (Meurthe et Moselle). HEBERGEMENT Le site est h\u00e9berg\u00e9 [&hellip;]<\/p>\n","protected":false},"author":1,"featured_media":0,"parent":0,"menu_order":0,"comment_status":"open","ping_status":"open","template":"","meta":[],"_links":{"self":[{"href":"https:\/\/www.manutd-france.com\/v5\/wp-json\/wp\/v2\/pages\/77"}],"collection":[{"href":"https:\/\/www.manutd-france.com\/v5\/wp-json\/wp\/v2\/pages"}],"about":[{"href":"https:\/\/www.manutd-france.com\/v5\/wp-json\/wp\/v2\/types\/page"}],"author":[{"embeddable":true,"href":"https:\/\/www.manutd-france.com\/v5\/wp-json\/wp\/v2\/users\/1"}],"replies":[{"embeddable":true,"href":"https:\/\/www.manutd-france.com\/v5\/wp-json\/wp\/v2\/comments?post=77"}],"version-history":[{"count":4,"href":"https:\/\/www.manutd-france.com\/v5\/wp-json\/wp\/v2\/pages\/77\/revisions"}],"predecessor-version":[{"id":2548,"href":"https:\/\/www.manutd-france.com\/v5\/wp-json\/wp\/v2\/pages\/77\/revisions\/2548"}],"wp:attachment":[{"href":"https:\/\/www.manutd-france.com\/v5\/wp-json\/wp\/v2\/media?parent=77"}],"curies":[{"name":"wp","href":"https:\/\/api.w.org\/{rel}","templated":true}]}}