{"id":729,"date":"2010-11-21T10:48:52","date_gmt":"2010-11-21T10:48:52","guid":{"rendered":"http:\/\/www.manutd-france.com\/v5\/"},"modified":"2019-08-26T23:35:12","modified_gmt":"2019-08-26T21:35:12","slug":"les-supporters","status":"publish","type":"page","link":"https:\/\/www.manutd-france.com\/v5\/inside-musc-france\/les-supporters\/","title":{"rendered":"Les supporters"},"content":{"rendered":"<div style=\"float: right; margin-left: 10px;\"><a href=\"https:\/\/twitter.com\/share\" class=\"twitter-share-button\" data-via=\"Muscfrance\" data-count=\"vertical\" data-url=\"https:\/\/www.manutd-france.com\/v5\/inside-musc-france\/les-supporters\/\">Tweet<\/a><\/div>\n<figure class=\"wp-block-image\"><img decoding=\"async\" loading=\"lazy\" width=\"1024\" height=\"600\" src=\"https:\/\/www.manutd-france.com\/v5\/wp-content\/uploads\/2019\/08\/E08C7DC0-699E-48E7-A3BC-40C5FDDA92EA-1024x600.jpeg\" alt=\"\" class=\"wp-image-2746\" srcset=\"https:\/\/www.manutd-france.com\/v5\/wp-content\/uploads\/2019\/08\/E08C7DC0-699E-48E7-A3BC-40C5FDDA92EA-1024x600.jpeg 1024w, https:\/\/www.manutd-france.com\/v5\/wp-content\/uploads\/2019\/08\/E08C7DC0-699E-48E7-A3BC-40C5FDDA92EA-300x176.jpeg 300w, https:\/\/www.manutd-france.com\/v5\/wp-content\/uploads\/2019\/08\/E08C7DC0-699E-48E7-A3BC-40C5FDDA92EA-768x450.jpeg 768w, https:\/\/www.manutd-france.com\/v5\/wp-content\/uploads\/2019\/08\/E08C7DC0-699E-48E7-A3BC-40C5FDDA92EA.jpeg 1941w\" sizes=\"(max-width: 1024px) 100vw, 1024px\" \/><figcaption>finale ldc 1999<\/figcaption><\/figure>\n\n\n\n<p>Selon une \u00e9tude de Kantar Wordpanel datant de 2019, le club aurait 1 Milliard de fans sur terre avec une augmentation de 400 millions de fans depuis 2012. 1 personne sur 7 supporterais ainsi le club mancunien. Si le nombre parait \u00e9norme et m\u00eame peut \u00eatre un peu fantaisiste Manchester United est suivit partout dans le monde bien au del\u00e0 du Royaume. MUFC est s\u00fbrement l&rsquo;un des clubs les plus support\u00e9 au monde et le club le sait tr\u00e8s bien. <\/p>\n\n\n\n<p>Manchester United compte de nombreux clubs de supporteurs aux quatre coins du monde, avec lesquels il entretient des liens \u00e9troits, en particulier au travers du label Manchester United Supporters Club. Rien qu&rsquo;au Royaume-Uni le club comptabilise 101 supporters clubs officiels. 17 en Irlande, 31 en Europe, 8 en Afrique, 11 au moyen-orient, 3 en Oc\u00e9anie, 8 en Am\u00e9rique et 31 en Asie. <\/p>\n\n\n\n<p><\/p>\n","protected":false},"excerpt":{"rendered":"<p>Tweet Selon une \u00e9tude de Kantar Wordpanel datant de 2019, le club aurait 1 Milliard de fans sur terre avec une augmentation de 400 millions de fans depuis 2012. 1 personne sur 7 supporterais ainsi le club mancunien. Si le nombre parait \u00e9norme et m\u00eame peut \u00eatre un peu fantaisiste Manchester United est suivit partout [&hellip;]<\/p>\n","protected":false},"author":1,"featured_media":0,"parent":707,"menu_order":90,"comment_status":"open","ping_status":"open","template":"","meta":[],"_links":{"self":[{"href":"https:\/\/www.manutd-france.com\/v5\/wp-json\/wp\/v2\/pages\/729"}],"collection":[{"href":"https:\/\/www.manutd-france.com\/v5\/wp-json\/wp\/v2\/pages"}],"about":[{"href":"https:\/\/www.manutd-france.com\/v5\/wp-json\/wp\/v2\/types\/page"}],"author":[{"embeddable":true,"href":"https:\/\/www.manutd-france.com\/v5\/wp-json\/wp\/v2\/users\/1"}],"replies":[{"embeddable":true,"href":"https:\/\/www.manutd-france.com\/v5\/wp-json\/wp\/v2\/comments?post=729"}],"version-history":[{"count":7,"href":"https:\/\/www.manutd-france.com\/v5\/wp-json\/wp\/v2\/pages\/729\/revisions"}],"predecessor-version":[{"id":2770,"href":"https:\/\/www.manutd-france.com\/v5\/wp-json\/wp\/v2\/pages\/729\/revisions\/2770"}],"up":[{"embeddable":true,"href":"https:\/\/www.manutd-france.com\/v5\/wp-json\/wp\/v2\/pages\/707"}],"wp:attachment":[{"href":"https:\/\/www.manutd-france.com\/v5\/wp-json\/wp\/v2\/media?parent=729"}],"curies":[{"name":"wp","href":"https:\/\/api.w.org\/{rel}","templated":true}]}}