{"id":727,"date":"2010-11-21T10:47:46","date_gmt":"2010-11-21T10:47:46","guid":{"rendered":"http:\/\/www.manutd-france.com\/v5\/"},"modified":"2019-08-09T23:46:36","modified_gmt":"2019-08-09T21:46:36","slug":"centre-dentrainement","status":"publish","type":"page","link":"https:\/\/www.manutd-france.com\/v5\/inside-manchester\/centre-dentrainement\/","title":{"rendered":"Centre d&rsquo;entra\u00eenement"},"content":{"rendered":"<div style=\"float: right; margin-left: 10px;\"><a href=\"https:\/\/twitter.com\/share\" class=\"twitter-share-button\" data-via=\"Muscfrance\" data-count=\"vertical\" data-url=\"https:\/\/www.manutd-france.com\/v5\/inside-manchester\/centre-dentrainement\/\">Tweet<\/a><\/div>\n<div class=\"wp-block-image\"><figure class=\"aligncenter\"><img decoding=\"async\" loading=\"lazy\" width=\"600\" height=\"400\" src=\"https:\/\/www.manutd-france.com\/v5\/wp-content\/uploads\/2019\/08\/BZrc86pIEAAviiJ.jpg\" alt=\"\" class=\"wp-image-2602\" srcset=\"https:\/\/www.manutd-france.com\/v5\/wp-content\/uploads\/2019\/08\/BZrc86pIEAAviiJ.jpg 600w, https:\/\/www.manutd-france.com\/v5\/wp-content\/uploads\/2019\/08\/BZrc86pIEAAviiJ-300x200.jpg 300w\" sizes=\"(max-width: 600px) 100vw, 600px\" \/><figcaption><strong>Le centre d&rsquo;entrainement de Carrington<\/strong><\/figcaption><\/figure><\/div>\n\n\n\n<p>Le centre d&rsquo;entrainement de MUFC se situe \u00e0 Carrington \u00e0 20 minutes d&rsquo;Old Trafford. Il a \u00e9t\u00e9 inaugur\u00e9 le 26 juillet 2000. et am\u00e9lior\u00e9 par la suite. C&rsquo;est le v\u00e9ritable lieu o\u00f9 tout se joue. camp de base de l&rsquo;\u00e9quipe premi\u00e8re et de l&rsquo;acad\u00e9mie. Le club dispose d&rsquo;un bijou de 60M avec des installations a la pointe de la technologie et de plus de 10 hectares et 14 terrains de diff\u00e9rentes dimensions ( deux terrains en synth\u00e9tique int\u00e9rieur et ext\u00e9rieur en astro turf.  <\/p>\n\n\n\n<p>Trois b\u00e2timents principaux fleurissent les terres d&rsquo;United. Celui de l&rsquo;\u00e9quipe premi\u00e8re, celui de l&rsquo;acad\u00e9mie et le d\u00e9partement m\u00e9dical. Lister ici l&rsquo;ensemble des \u00e9quipements mis \u00e0 disposition serait surement trop long et ennuyant pour \u00eatre int\u00e9ressant mais nous pouvons tout de m\u00eame retenir quelques \u00e9l\u00e9ments qui montrent l&rsquo;attachement apport\u00e9 aux moindres d\u00e9tails. Les seniors peuvent, par exemple, profiter de cabines \u00e0 UV pour la vitamine D tandis que les jeunes eux disposent d&rsquo;un terrain calqu\u00e9 sur les sp\u00e9cificit\u00e9s d&rsquo;Old Trafford.&nbsp; <\/p>\n\n\n\n<div class=\"wp-block-image\"><figure class=\"aligncenter\"><img decoding=\"async\" loading=\"lazy\" width=\"615\" height=\"286\" src=\"https:\/\/www.manutd-france.com\/v5\/wp-content\/uploads\/2019\/08\/GettyImages-57190242-1.jpg\" alt=\"\" class=\"wp-image-2603\" srcset=\"https:\/\/www.manutd-france.com\/v5\/wp-content\/uploads\/2019\/08\/GettyImages-57190242-1.jpg 615w, https:\/\/www.manutd-france.com\/v5\/wp-content\/uploads\/2019\/08\/GettyImages-57190242-1-300x140.jpg 300w\" sizes=\"(max-width: 615px) 100vw, 615px\" \/><figcaption>Terrains d\u2019entra\u00eenements<\/figcaption><\/figure><\/div>\n\n\n\n<p>Manchester United a \u00e9t\u00e9 le premier club europ\u00e9en capable de r\u00e9aliser des visites m\u00e9dicales directement au centre d&rsquo;entra\u00eenement, \u00e9vitant ainsi les feux des projecteurs et autres indiscr\u00e9tions. Le partenariat avec Toshiba sous l&rsquo;\u00e8re Ferguson avait ainsi ouvert le pas vers des nouvelles m\u00e9thodes m\u00e9dicales en Premier League. Le centre ne cesse de s&rsquo;am\u00e9liorer et de nouveaux partenariats permettent l&rsquo;arriv\u00e9e d&rsquo;outils toujours plus performants. <\/p>\n\n\n\n<figure class=\"wp-block-image\"><img decoding=\"async\" loading=\"lazy\" width=\"800\" height=\"500\" src=\"http:\/\/www.manutd-france.com\/v5\/wp-content\/uploads\/2019\/08\/man-utd-canon-2.jpg\" alt=\"\" class=\"wp-image-2604\" srcset=\"https:\/\/www.manutd-france.com\/v5\/wp-content\/uploads\/2019\/08\/man-utd-canon-2.jpg 800w, https:\/\/www.manutd-france.com\/v5\/wp-content\/uploads\/2019\/08\/man-utd-canon-2-300x188.jpg 300w, https:\/\/www.manutd-france.com\/v5\/wp-content\/uploads\/2019\/08\/man-utd-canon-2-768x480.jpg 768w, https:\/\/www.manutd-france.com\/v5\/wp-content\/uploads\/2019\/08\/man-utd-canon-2-80x50.jpg 80w, https:\/\/www.manutd-france.com\/v5\/wp-content\/uploads\/2019\/08\/man-utd-canon-2-400x250.jpg 400w\" sizes=\"(max-width: 800px) 100vw, 800px\" \/><figcaption>Mata, McTominay et Rashord au scan !<\/figcaption><\/figure>\n\n\n\n<p>\n\nVous l&rsquo;aurez ais\u00e9ment compris Carrington est l&rsquo;endroit de tous les secrets et de toutes les pr\u00e9parations. L\u00e0 o\u00f9 se forgent les victoires s&rsquo;analysent les d\u00e9faites, se signent les arriv\u00e9es. Alors \u00e9videmment on ne veut pas qu&rsquo;une telle mine d&rsquo;informations devienne une attraction touristique. Ici pas de signalisation. Plant\u00e9 dans une campagne juch\u00e9e de ligne \u00e0 haute tension l&rsquo;endroit est cach\u00e9. Mais les supporteurs sont d\u00e9termin\u00e9s et connaissent depuis longtemps le chemin. Les plus courageux se tassent juste devant la barri\u00e8re pour esp\u00e9rer avoir ne serait-ce qu&rsquo;un geste de la part d&rsquo;un des joueurs qui arrivent \u00e0 l&rsquo;entra\u00eenement par l&rsquo;acc\u00e8s routier.&nbsp; \n\n<\/p>\n\n\n\n<div class=\"wp-block-image\"><figure class=\"aligncenter\"><a href=\"http:\/\/www.manutd-france.com\/v5\/wp-content\/uploads\/2019\/08\/sign.jpg\"><img decoding=\"async\" loading=\"lazy\" width=\"615\" height=\"409\" src=\"https:\/\/www.manutd-france.com\/v5\/wp-content\/uploads\/2019\/08\/sign.jpg\" alt=\"\" class=\"wp-image-2594\" srcset=\"https:\/\/www.manutd-france.com\/v5\/wp-content\/uploads\/2019\/08\/sign.jpg 615w, https:\/\/www.manutd-france.com\/v5\/wp-content\/uploads\/2019\/08\/sign-300x200.jpg 300w\" sizes=\"(max-width: 615px) 100vw, 615px\" \/><\/a><figcaption>Jeune fan \u00e0 la recherche d&rsquo;autographes<\/figcaption><\/figure><\/div>\n\n\n\n<p>C&rsquo;est s\u00fbrement la seule chose que vous pourrez voir si vous ne montrez pas pattes blanches.Apr\u00e8s le portail, il faut marcher cinq bonnes minutes pour atteindre l&rsquo;entr\u00e9e. Ensuite difficile d&rsquo;aller plus loin, c&rsquo;est la forteresse. Carrington est r\u00e9put\u00e9 comme centre d&rsquo;entra\u00eenement le plus s\u00e9curis\u00e9 d&rsquo;Europe. Outre le gigantesque mur de 2,4km et 8m de haut, les cam\u00e9ras de surveillance et autres engins anti-intrusion veillent. Ajoutez \u00e0 cela les plus de 30.000 arbres qui garnissent le sol et vous aurez un silence radio sur ce qui s&rsquo;y passe. Et si par folie, en grimpant sur un arbre, vous pourriez voir les joueurs s\u2019entra\u00eenent. Pas la peine de prendre le risque, le plus simple avec MUSC-FRANCE est de se faire inviter. Pas de besoin de monter aux arbres. Vous vous laissez guider par le ma\u00eetre des lieux.<\/p>\n\n\n\n<div class=\"wp-block-image\"><figure class=\"aligncenter\"><img decoding=\"async\" loading=\"lazy\" width=\"1024\" height=\"576\" src=\"https:\/\/www.manutd-france.com\/v5\/wp-content\/uploads\/2019\/08\/maxresdefault-1024x576.jpg\" alt=\"\" class=\"wp-image-2605\" srcset=\"https:\/\/www.manutd-france.com\/v5\/wp-content\/uploads\/2019\/08\/maxresdefault-1024x576.jpg 1024w, https:\/\/www.manutd-france.com\/v5\/wp-content\/uploads\/2019\/08\/maxresdefault-300x169.jpg 300w, https:\/\/www.manutd-france.com\/v5\/wp-content\/uploads\/2019\/08\/maxresdefault-768x432.jpg 768w, https:\/\/www.manutd-france.com\/v5\/wp-content\/uploads\/2019\/08\/maxresdefault.jpg 1280w\" sizes=\"(max-width: 1024px) 100vw, 1024px\" \/><figcaption><strong>The Cliff<\/strong><\/figcaption><\/figure><\/div>\n\n\n\n<p>De 1938 \u00e0 1999 MUFC s&rsquo;est entrain\u00e9 ici. Le club commence par le louer mais finit par l&rsquo;acheter d\u00e9finitivement en 1951. jusqu&rsquo;alors, l&rsquo;\u00e9quipe premi\u00e8re s&rsquo;entra\u00eenait directement \u00e0 Old Trafford mais l&rsquo;usage excessif de la pelouse et les d\u00e9g\u00e2ts que cela engendrait suffirent \u00e0 convaincre le staff de migrer vers The Cliff. Le centre comprenait un terrain ext\u00e9rieur, un terrain couvert, un gymnase, une aire d&rsquo;\u00e9chauffement, une salle de musculation et un centre de soins. <\/p>\n\n\n\n<div class=\"wp-block-image\"><figure class=\"aligncenter\"><img decoding=\"async\" loading=\"lazy\" width=\"640\" height=\"427\" src=\"https:\/\/www.manutd-france.com\/v5\/wp-content\/uploads\/2019\/08\/cant.jpg\" alt=\"\" class=\"wp-image-2634\" srcset=\"https:\/\/www.manutd-france.com\/v5\/wp-content\/uploads\/2019\/08\/cant.jpg 640w, https:\/\/www.manutd-france.com\/v5\/wp-content\/uploads\/2019\/08\/cant-300x200.jpg 300w\" sizes=\"(max-width: 640px) 100vw, 640px\" \/><\/figure><\/div>\n\n\n\n<p>Formidable pendant longtemps, le centre d&rsquo;entrainement est remis en question petit \u00e0 petit. D\u00e9sormais jug\u00e9 trop expos\u00e9 \u00e0 la presse, au public et aux potentiels espions, The Cliff ne satisfait plus et un pas vers la modernit\u00e9 semble plus que n\u00e9cessaire. Sir Alex Ferguson bouclera donc ses valises pour partir vers Carrington en 2000. <\/p>\n\n\n\n<p>Pendant son existence, le centre aura tout de m\u00eame vu de belles choses. Il aura connu la fougue de la jeunesse, Fergie, Cantona, la p\u00e9riode d&rsquo;H\u00e9g\u00e9monie du club et tant d&rsquo;autres choses. Il reste un lieu charg\u00e9  d&rsquo;histoire, comme un rappel d&rsquo;un pass\u00e9 plus simple et plus glorieux.<\/p>\n\n\n\n<div class=\"wp-block-image\"><figure class=\"aligncenter is-resized\"><img decoding=\"async\" loading=\"lazy\" src=\"https:\/\/www.manutd-france.com\/v5\/wp-content\/uploads\/2019\/08\/class.jpg\" alt=\"\" class=\"wp-image-2632\" width=\"579\" height=\"402\" srcset=\"https:\/\/www.manutd-france.com\/v5\/wp-content\/uploads\/2019\/08\/class.jpg 460w, https:\/\/www.manutd-france.com\/v5\/wp-content\/uploads\/2019\/08\/class-300x208.jpg 300w\" sizes=\"(max-width: 579px) 100vw, 579px\" \/><\/figure><\/div>\n\n\n\n<p>Pas un fossile pour autant The Cliff est encore utilis\u00e9, pour les plus jeunes du club (juniors), l&rsquo;acad\u00e9mie mais aussi pour la toute nouvelle \u00e9quipe f\u00e9minine. <\/p>\n\n\n\n<div class=\"wp-block-image\"><figure class=\"aligncenter\"><a href=\"http:\/\/www.manutd-france.com\/v5\/wp-content\/uploads\/2019\/08\/Moss_Lane.jpg\"><img decoding=\"async\" loading=\"lazy\" width=\"1600\" height=\"1200\" src=\"https:\/\/www.manutd-france.com\/v5\/wp-content\/uploads\/2019\/08\/Moss_Lane.jpg\" alt=\"\" class=\"wp-image-2591\" srcset=\"https:\/\/www.manutd-france.com\/v5\/wp-content\/uploads\/2019\/08\/Moss_Lane.jpg 1600w, https:\/\/www.manutd-france.com\/v5\/wp-content\/uploads\/2019\/08\/Moss_Lane-300x225.jpg 300w, https:\/\/www.manutd-france.com\/v5\/wp-content\/uploads\/2019\/08\/Moss_Lane-768x576.jpg 768w, https:\/\/www.manutd-france.com\/v5\/wp-content\/uploads\/2019\/08\/Moss_Lane-1024x768.jpg 1024w\" sizes=\"(max-width: 1600px) 100vw, 1600px\" \/><\/a><figcaption> <strong>ALTRINCHAM<\/strong><\/figcaption><\/figure><\/div>\n\n\n\n<p>Autre endroit \u00e0 conna\u00eetre, le stade d&rsquo;Altrincham FC, Moss Lane o\u00f9 joue l&rsquo;\u00e9quipe r\u00e9serve. L&rsquo;endroit est gratuit pour les inscrits \u00e0 One United. Le coup d&rsquo;envoi est habituellement \u00e0 19 heures et l&rsquo;endroit peut permettre \u00e0 tous de voir \u00e9voluer nos stars de demain.<\/p>\n","protected":false},"excerpt":{"rendered":"<p>Tweet Le centre d&rsquo;entrainement de MUFC se situe \u00e0 Carrington \u00e0 20 minutes d&rsquo;Old Trafford. Il a \u00e9t\u00e9 inaugur\u00e9 le 26 juillet 2000. et am\u00e9lior\u00e9 par la suite. C&rsquo;est le v\u00e9ritable lieu o\u00f9 tout se joue. camp de base de l&rsquo;\u00e9quipe premi\u00e8re et de l&rsquo;acad\u00e9mie. Le club dispose d&rsquo;un bijou de 60M avec des installations [&hellip;]<\/p>\n","protected":false},"author":1,"featured_media":0,"parent":35,"menu_order":80,"comment_status":"open","ping_status":"open","template":"","meta":[],"_links":{"self":[{"href":"https:\/\/www.manutd-france.com\/v5\/wp-json\/wp\/v2\/pages\/727"}],"collection":[{"href":"https:\/\/www.manutd-france.com\/v5\/wp-json\/wp\/v2\/pages"}],"about":[{"href":"https:\/\/www.manutd-france.com\/v5\/wp-json\/wp\/v2\/types\/page"}],"author":[{"embeddable":true,"href":"https:\/\/www.manutd-france.com\/v5\/wp-json\/wp\/v2\/users\/1"}],"replies":[{"embeddable":true,"href":"https:\/\/www.manutd-france.com\/v5\/wp-json\/wp\/v2\/comments?post=727"}],"version-history":[{"count":9,"href":"https:\/\/www.manutd-france.com\/v5\/wp-json\/wp\/v2\/pages\/727\/revisions"}],"predecessor-version":[{"id":2645,"href":"https:\/\/www.manutd-france.com\/v5\/wp-json\/wp\/v2\/pages\/727\/revisions\/2645"}],"up":[{"embeddable":true,"href":"https:\/\/www.manutd-france.com\/v5\/wp-json\/wp\/v2\/pages\/35"}],"wp:attachment":[{"href":"https:\/\/www.manutd-france.com\/v5\/wp-json\/wp\/v2\/media?parent=727"}],"curies":[{"name":"wp","href":"https:\/\/api.w.org\/{rel}","templated":true}]}}