{"id":725,"date":"2010-11-21T10:40:17","date_gmt":"2010-11-21T10:40:17","guid":{"rendered":"http:\/\/www.manutd-france.com\/v5\/"},"modified":"2019-08-17T13:46:56","modified_gmt":"2019-08-17T11:46:56","slug":"jour-de-match","status":"publish","type":"page","link":"https:\/\/www.manutd-france.com\/v5\/inside-musc-france\/jour-de-match\/","title":{"rendered":"Jour de match"},"content":{"rendered":"<div style=\"float: right; margin-left: 10px;\"><a href=\"https:\/\/twitter.com\/share\" class=\"twitter-share-button\" data-via=\"Muscfrance\" data-count=\"vertical\" data-url=\"https:\/\/www.manutd-france.com\/v5\/inside-musc-france\/jour-de-match\/\">Tweet<\/a><\/div>\n<p><em><strong><span style=\"text-decoration: underline;\">SE RENDRE A OLD TRAFFORD<\/span><\/strong><\/em><\/p>\n<p>Qu&rsquo;on se le dise le meilleur moyen pour aller \u00e0 Old Trafford est le metrolink. Oubliez donc le bus, la voiture ou la marche \u00e0 pieds. Et ceci \u00e0 seulement 5 arrets de Piccadilly Gardens. Pour info un ticket pour la journ\u00e9e coutait 4.20 pounds en 2012.&nbsp;<a href=\"http:\/\/www.manutd-france.com\/v5\/wp-content\/uploads\/2010\/11\/No_3001_Manchester_Metrolink_tram.jpg\"><img decoding=\"async\" loading=\"lazy\" class=\"alignright size-thumbnail wp-image-2124\" title=\"Metrolink_tram\" src=\"http:\/\/www.manutd-france.com\/v5\/wp-content\/uploads\/2010\/11\/No_3001_Manchester_Metrolink_tram-150x150.jpg\" alt=\"\" width=\"150\" height=\"150\"><\/a><\/p>\n<p>&nbsp;<\/p>\n<p>A votre arriv\u00e9e rien de plus simple. Il suffit de suivre la foule sur la Brian Statham Way. Vous trouverez sur votre gauche le Old Trafford Cricket Ground.<\/p>\n<p>&nbsp;<\/p>\n<p>Le temps d&rsquo;admirer les nombreux stickers qui jalonnent la route, et Old Trafford se pr\u00e9sente \u00e0 vous \u00e0 l&rsquo;angle de la Sir Matt Busby Way &amp; Chester Road.<\/p>\n<p>&nbsp;<\/p>\n<p><a href=\"http:\/\/www.manutd-france.com\/v5\/wp-content\/uploads\/2010\/11\/SDC14491.jpg\"><img decoding=\"async\" loading=\"lazy\" class=\"size-thumbnail wp-image-2127 alignleft\" title=\"Way\" src=\"http:\/\/www.manutd-france.com\/v5\/wp-content\/uploads\/2010\/11\/SDC14491-150x150.jpg\" alt=\"\" width=\"150\" height=\"150\"><\/a><\/p>\n<p><a href=\"http:\/\/www.manutd-france.com\/v5\/wp-content\/uploads\/2010\/11\/SDC18619.jpg\"><img decoding=\"async\" loading=\"lazy\" class=\"aligncenter size-thumbnail wp-image-2128\" title=\"Sir Matt Busby way\" src=\"http:\/\/www.manutd-france.com\/v5\/wp-content\/uploads\/2010\/11\/SDC18619-150x150.jpg\" alt=\"\" width=\"150\" height=\"150\"><\/a><\/p>\n<p>&nbsp;<\/p>\n<p><em><strong><span style=\"text-decoration: underline;\">SE RESTAURER, <\/span><\/strong><\/em><strong><em><span style=\"text-decoration: underline;\">CHINER DEVANT DES STANDS<\/span><\/em><\/strong><em><strong><span style=\"text-decoration: underline;\"> ET BOIRE UN VERRE AUTOUR DE OLD TRAFFORD<\/span><\/strong><\/em><\/p>\n<p>&nbsp;<\/p>\n<p>Vous trouverez d\u00e8s votre arriv\u00e9e sur la Matt Busby Way un large choix de snacks pour vous restaurer <a href=\"http:\/\/www.manutd-france.com\/v5\/wp-content\/uploads\/2010\/11\/SDC14484.jpg\"><img decoding=\"async\" loading=\"lazy\" class=\"size-thumbnail wp-image-2129 alignright\" title=\"Snacks 1\" src=\"http:\/\/www.manutd-france.com\/v5\/wp-content\/uploads\/2010\/11\/SDC14484-150x150.jpg\" alt=\"\" width=\"150\" height=\"150\"><\/a><a href=\"http:\/\/www.manutd-france.com\/v5\/wp-content\/uploads\/2010\/11\/SDC14488.jpg\"><img decoding=\"async\" loading=\"lazy\" class=\"aligncenter size-thumbnail wp-image-2130\" title=\"Snacks 2\" src=\"http:\/\/www.manutd-france.com\/v5\/wp-content\/uploads\/2010\/11\/SDC14488-150x150.jpg\" alt=\"\" width=\"150\" height=\"150\"><\/a><\/p>\n<p>de nombreux points pour l&rsquo;achat de drapeaux, pins &amp; co <a href=\"http:\/\/www.manutd-france.com\/v5\/wp-content\/uploads\/2010\/11\/SDC18686.jpg\"><img decoding=\"async\" loading=\"lazy\" class=\"alignleft size-thumbnail wp-image-2132\" title=\"Shop\" src=\"http:\/\/www.manutd-france.com\/v5\/wp-content\/uploads\/2010\/11\/SDC18686-150x150.jpg\" alt=\"\" width=\"150\" height=\"150\"><\/a><\/p>\n<p>&nbsp;<\/p>\n<p>&nbsp;<\/p>\n<p>&nbsp;<\/p>\n<p>&nbsp;<\/p>\n<p>&nbsp;<\/p>\n<p>et bien \u00e9videmment les 2 principaux pubs pour vous d\u00e9salt\u00e9rer! The Traffford&nbsp;<img decoding=\"async\" loading=\"lazy\" class=\"alignleft size-thumbnail wp-image-2134\" title=\"The Trafford\" src=\"http:\/\/www.manutd-france.com\/v5\/wp-content\/uploads\/2010\/11\/SDC144871-150x150.jpg\" alt=\"\" width=\"150\" height=\"150\">&nbsp;et le Bishop Blaize .<a href=\"http:\/\/www.manutd-france.com\/v5\/wp-content\/uploads\/2010\/11\/SDC14486.jpg\"><img decoding=\"async\" loading=\"lazy\" class=\"aligncenter size-thumbnail wp-image-2135\" title=\"Bishop Blaize\" src=\"http:\/\/www.manutd-france.com\/v5\/wp-content\/uploads\/2010\/11\/SDC14486-150x150.jpg\" alt=\"\" width=\"150\" height=\"150\"><\/a><\/p>\n<p>Attention tout de m\u00eame \u00e0 ne pas \u00eatre trop impatient. On y trouve souvent un peu de temps d&rsquo;attente. Le Trafford poss\u00e8de une terrasse \u00e0 ciel ouvert pour les amoureux de la nicotine.<\/p>\n<p>&nbsp;<\/p>\n<p><em><strong><span style=\"text-decoration: underline;\">OLD TRAFFORD<\/span><\/strong><\/em><\/p>\n<p>&nbsp;<\/p>\n<p>Nous y sommes! Majestueux et imperturbable! Old Trafford!<\/p>\n<p><img decoding=\"async\" loading=\"lazy\" class=\"alignright size-thumbnail wp-image-2141\" title=\"OT 2\" src=\"http:\/\/www.manutd-france.com\/v5\/wp-content\/uploads\/2010\/11\/SDC18667-150x150.jpg\" alt=\"\" width=\"150\" height=\"150\"><a href=\"http:\/\/www.manutd-france.com\/v5\/wp-content\/uploads\/2010\/11\/SDC12179.jpg\"><img decoding=\"async\" loading=\"lazy\" class=\"aligncenter size-thumbnail wp-image-2140\" title=\"OT\" src=\"http:\/\/www.manutd-france.com\/v5\/wp-content\/uploads\/2010\/11\/SDC12179-150x150.jpg\" alt=\"\" width=\"150\" height=\"150\"><\/a><\/p>\n<p>&nbsp;<\/p>\n<p>Si vous \u00eates un peu en avance le meilleur point pour profiter de l&rsquo;arriv\u00e9e des fans adverses se trouvent au niveau de la Manchester United Foundation<a href=\"http:\/\/www.manutd-france.com\/v5\/wp-content\/uploads\/2010\/11\/SDC12178.jpg\"><img decoding=\"async\" loading=\"lazy\" class=\"alignleft size-thumbnail wp-image-2144\" title=\"MU Foundation \" src=\"http:\/\/www.manutd-france.com\/v5\/wp-content\/uploads\/2010\/11\/SDC12178-150x150.jpg\" alt=\"\" width=\"150\" height=\"150\"><\/a>&nbsp;. I\u00e7i face au FC Basel.<\/p>\n<p>&nbsp;<\/p>\n<p>&nbsp;<\/p>\n<p>&nbsp;<\/p>\n<p>&nbsp;<\/p>\n<p>&nbsp;<\/p>\n<p>Voici le plan de Old Trafford. Vous trouverez l&rsquo;entr\u00e9e de la boutique le long de la Sit Matt Busby Way, c\u00f4t\u00e9 East Stand (photo ). Le ticket office se trouve au sud est du stade, pour vous y rendre longez la north stand, jusqu&rsquo;au bout et vous l&rsquo;appercevrez sur votre droite (photo ). L&rsquo;entr\u00e9e des joueurs quand \u00e0 elle est situ\u00e9e c\u00f4t\u00e9 west stand.<\/p>\n<p>&nbsp;<\/p>\n<p><img decoding=\"async\" loading=\"lazy\" class=\"alignleft size-thumbnail wp-image-2145\" title=\"Plan Old Trafford\" src=\"http:\/\/www.manutd-france.com\/v5\/wp-content\/uploads\/2010\/11\/Plan-Old-Trafford-150x150.jpg\" alt=\"\" width=\"150\" height=\"150\"><\/p>\n<p>&nbsp;<\/p>\n<div>\n<p>&nbsp;<\/p>\n<p>&nbsp;<\/p>\n<p>&nbsp;<\/p>\n<p>&nbsp;<\/p>\n<p>A ne pas rater c\u00f4t\u00e9 East Stand: la statue de Sir Matt Busby&nbsp;<a href=\"http:\/\/www.manutd-france.com\/v5\/wp-content\/uploads\/2010\/11\/SDC18671.jpg\"><img decoding=\"async\" loading=\"lazy\" class=\"aligncenter size-thumbnail wp-image-2147\" title=\"Sir Matt Busby\" src=\"http:\/\/www.manutd-france.com\/v5\/wp-content\/uploads\/2010\/11\/SDC18671-150x150.jpg\" alt=\"\" width=\"150\" height=\"150\"><\/a><\/p>\n<p>les statues de Best, Law &amp; Charlton (photo )<\/p>\n<p>l&rsquo;horloge et la plaque de Munich (photos<\/p>\n<\/div>\n","protected":false},"excerpt":{"rendered":"<p>Tweet SE RENDRE A OLD TRAFFORD Qu&rsquo;on se le dise le meilleur moyen pour aller \u00e0 Old Trafford est le metrolink. Oubliez donc le bus, la voiture ou la marche \u00e0 pieds. Et ceci \u00e0 seulement 5 arrets de Piccadilly Gardens. Pour info un ticket pour la journ\u00e9e coutait 4.20 pounds en 2012.&nbsp; &nbsp; A [&hellip;]<\/p>\n","protected":false},"author":1,"featured_media":0,"parent":707,"menu_order":60,"comment_status":"open","ping_status":"open","template":"","meta":[],"_links":{"self":[{"href":"https:\/\/www.manutd-france.com\/v5\/wp-json\/wp\/v2\/pages\/725"}],"collection":[{"href":"https:\/\/www.manutd-france.com\/v5\/wp-json\/wp\/v2\/pages"}],"about":[{"href":"https:\/\/www.manutd-france.com\/v5\/wp-json\/wp\/v2\/types\/page"}],"author":[{"embeddable":true,"href":"https:\/\/www.manutd-france.com\/v5\/wp-json\/wp\/v2\/users\/1"}],"replies":[{"embeddable":true,"href":"https:\/\/www.manutd-france.com\/v5\/wp-json\/wp\/v2\/comments?post=725"}],"version-history":[{"count":10,"href":"https:\/\/www.manutd-france.com\/v5\/wp-json\/wp\/v2\/pages\/725\/revisions"}],"predecessor-version":[{"id":2722,"href":"https:\/\/www.manutd-france.com\/v5\/wp-json\/wp\/v2\/pages\/725\/revisions\/2722"}],"up":[{"embeddable":true,"href":"https:\/\/www.manutd-france.com\/v5\/wp-json\/wp\/v2\/pages\/707"}],"wp:attachment":[{"href":"https:\/\/www.manutd-france.com\/v5\/wp-json\/wp\/v2\/media?parent=725"}],"curies":[{"name":"wp","href":"https:\/\/api.w.org\/{rel}","templated":true}]}}