{"id":719,"date":"2010-11-21T10:35:09","date_gmt":"2010-11-21T10:35:09","guid":{"rendered":"http:\/\/www.manutd-france.com\/v5\/"},"modified":"2019-08-27T00:34:44","modified_gmt":"2019-08-26T22:34:44","slug":"palmares","status":"publish","type":"page","link":"https:\/\/www.manutd-france.com\/v5\/inside-manchester\/palmares\/","title":{"rendered":"Palmar\u00e8s et records"},"content":{"rendered":"<div style=\"float: right; margin-left: 10px;\"><a href=\"https:\/\/twitter.com\/share\" class=\"twitter-share-button\" data-via=\"Muscfrance\" data-count=\"vertical\" data-url=\"https:\/\/www.manutd-france.com\/v5\/inside-manchester\/palmares\/\">Tweet<\/a><\/div>\n<figure class=\"wp-block-image\"><img decoding=\"async\" loading=\"lazy\" width=\"780\" height=\"520\" src=\"https:\/\/www.manutd-france.com\/v5\/wp-content\/uploads\/2019\/08\/trophies.jpg\" alt=\"\" class=\"wp-image-2772\" srcset=\"https:\/\/www.manutd-france.com\/v5\/wp-content\/uploads\/2019\/08\/trophies.jpg 780w, https:\/\/www.manutd-france.com\/v5\/wp-content\/uploads\/2019\/08\/trophies-300x200.jpg 300w, https:\/\/www.manutd-france.com\/v5\/wp-content\/uploads\/2019\/08\/trophies-768x512.jpg 768w\" sizes=\"(max-width: 780px) 100vw, 780px\" \/><\/figure>\n\n\n\n<p>Manchester United est le club anglais le plus titr\u00e9. <br>Voici le classement en 2019:                                                                                                    1-Manchester United (66)                                                                                                          2-Liverpool (61)                                                                                                                      3-Arsenal (46)                                                                                                                          4-Chelsea (31)                                                                                                                               5-Tottenham (26)                                                                  <\/p>\n\n\n\n<p>Manchester United d\u00e9tient l&rsquo;un des plus beaux palmar\u00e8s pour une \u00e9quipe de sport collectif. La plus grande partie a \u00e9t\u00e9 conquise sous l&rsquo;\u00e8re de Sir Alex Ferguson qui est l&rsquo;entra\u00eeneur le plus titr\u00e9 au monde. faisons un petit r\u00e9capitulatif de ce que Manchester United a remport\u00e9.<\/p>\n\n\n\n<p>Championnat:\u00a0                                                                                                             -1908,\u00a01911,\u00a01952,\u00a01956,\u00a01957,\u00a01965,\u00a01967,\u00a01993,\u00a01994,\u00a01996,\u00a01997,\u00a01999,\u00a02000,\u00a02001,\u00a02003,\u00a02007,\u00a02008,\u00a02009,\u00a02011,\u00a02013.<\/p>\n\n\n\n<p>Championnat de D2:                                                                                                 &#8211;1936, 1975<\/p>\n\n\n\n<p>Coupe d&rsquo;Angleterre: \u00a0                                                                                                     -1909,\u00a01948,\u00a01963,\u00a01977,\u00a01983,\u00a01985,\u00a01990,\u00a01994,\u00a01996,\u00a01999,\u00a02004,\u00a02016.<\/p>\n\n\n\n<p>Coupe de la ligue:\u00a0                                                                                                  -1992,\u00a02006,\u00a02009,\u00a02010,\u00a02017.<\/p>\n\n\n\n<p>Community Shield:                                                                                                                          -1908,\u00a01911,\u00a01952,\u00a01956,\u00a01957,\u00a01983,\u00a01993,\u00a01994,\u00a01996,\u00a01997,\u00a02003,\u00a02007,\u00a02008,\u00a02010,\u00a02011,\u00a02013,\u00a02016, \u00a01965,\u00a01967,\u00a01977,\u00a01990.<\/p>\n\n\n\n<p>Coupe du monde des clubs:                                                                                     -2008<\/p>\n\n\n\n<p>Coupe Intercontinentale:                                                                                            -1999<\/p>\n\n\n\n<p>Supercoupe de l&rsquo;UEFA:                                                                                                       -1991<\/p>\n\n\n\n<p>Coupe des coupes:                                                                                                         -1991<\/p>\n\n\n\n<p>Ligue Europa:                                                                                                                -2017<\/p>\n\n\n\n<p>Ligue des Champions:                                                                                              -1968, 1999, 2008<\/p>\n\n\n\n<figure class=\"wp-block-image is-resized\"><img decoding=\"async\" loading=\"lazy\" src=\"http:\/\/www.manutd-france.com\/v5\/wp-content\/uploads\/2019\/08\/troph.jpg\" alt=\"\" class=\"wp-image-2674\" width=\"565\" height=\"424\" srcset=\"https:\/\/www.manutd-france.com\/v5\/wp-content\/uploads\/2019\/08\/troph.jpg 512w, https:\/\/www.manutd-france.com\/v5\/wp-content\/uploads\/2019\/08\/troph-300x225.jpg 300w\" sizes=\"(max-width: 565px) 100vw, 565px\" \/><figcaption>le tr\u00e9sor <\/figcaption><\/figure>\n\n\n\n<p>le palmar\u00e8s ne s&rsquo;arr\u00eate pas l\u00e0 Manchester United peut compter sur de nombreuses r\u00e9compenses dans diff\u00e9rentes cat\u00e9gories (jeune et r\u00e9gional notamment)<\/p>\n\n\n\n<p>L&rsquo;Histoire de Manchester United s&rsquo;est bas\u00e9e sur la qu\u00eate perp\u00e9tuelle de troph\u00e9es et sur la recherche constante de l&rsquo;excellence. Si certains clubs sont reconnus pour leur philosophie de jeu particuli\u00e8re, Man United ne s&rsquo;est jamais forg\u00e9 un style particulier et c&rsquo;est bien la facult\u00e9 de gagner tout le temps et partout qui a fait la l\u00e9gende d&rsquo;United. La saison\u00a01998-1999 en est le symbole. Sans aucun doute l&rsquo;ann\u00e9e la plus r\u00e9ussie de l&rsquo;histoire du football anglais, Manchester United devient le premier club (et le seul) \u00e0 remporter \u00e0 la fois le\u00a0championnat, la\u00a0coupe d&rsquo;Angleterre\u00a0et la\u00a0Ligue des champions.<\/p>\n\n\n\n<figure class=\"wp-block-image\"><img decoding=\"async\" loading=\"lazy\" width=\"810\" height=\"451\" src=\"http:\/\/www.manutd-france.com\/v5\/wp-content\/uploads\/2019\/08\/treble.jpg\" alt=\"\" class=\"wp-image-2666\" srcset=\"https:\/\/www.manutd-france.com\/v5\/wp-content\/uploads\/2019\/08\/treble.jpg 810w, https:\/\/www.manutd-france.com\/v5\/wp-content\/uploads\/2019\/08\/treble-300x167.jpg 300w, https:\/\/www.manutd-france.com\/v5\/wp-content\/uploads\/2019\/08\/treble-768x428.jpg 768w\" sizes=\"(max-width: 810px) 100vw, 810px\" \/><\/figure>\n\n\n\n<p>Si Sir Matt Busby et Sir Alex Ferguson ont tous deux largement contribu\u00e9 \u00e0 remplir l&rsquo;armoire \u00e0 troph\u00e9e, certains joueurs ont acquis le statut de l\u00e9gendes et \u00e9tablis des records qui paraissent aujourd&rsquo;hui inatteignables.<\/p>\n\n\n\n<p>Joueurs ayant le plus jou\u00e9 de matchs:\u00a0 \u00a0 \u00a0 \u00a0 \u00a0 \u00a0 \u00a0 \u00a0 \u00a0 \u00a0 \u00a0 \u00a0 \u00a0 \u00a0 \u00a0 \u00a0 \u00a0 \u00a0 \u00a0 \u00a0 \u00a0 \u00a0 \u00a0 \u00a0 \u00a0 \u00a0 \u00a0 \u00a0 \u00a0 \u00a0 \u00a0 \u00a0 \u00a0 \u00a0 \u00a0 \u00a0 \u00a0 \u00a0 \u00a0 \u00a0 \u00a0 \u00a0 \u00a0 \u00a0 \u00a0 \u00a01- Ryan Giggs (963 matchs)\u00a0 \u00a0 \u00a0 \u00a0 \u00a0 \u00a0 \u00a0 \u00a0 \u00a0 \u00a0 \u00a0 \u00a0 \u00a0 \u00a0 \u00a0 \u00a0 \u00a0 \u00a0 \u00a0 \u00a0 \u00a0 \u00a0 \u00a0 \u00a0 \u00a0 \u00a0 \u00a0 \u00a0 \u00a0 \u00a0 \u00a0 \u00a0 \u00a0 \u00a0 \u00a0 \u00a0 \u00a0 \u00a0 \u00a0 \u00a0 \u00a0 \u00a0 \u00a0 \u00a0 \u00a0 \u00a02-Bobby Charlton (758 matchs)\u00a0 \u00a0 \u00a0 \u00a0 \u00a0 \u00a0 \u00a0 \u00a0 \u00a0 \u00a0 \u00a0 \u00a0 \u00a0 \u00a0 \u00a0 \u00a0 \u00a0 \u00a0 \u00a0 \u00a0 \u00a0 \u00a0 \u00a0 \u00a0 \u00a0 \u00a0 \u00a0 \u00a0 \u00a0 \u00a0 \u00a0 \u00a0 \u00a0 \u00a0 \u00a0 \u00a0 \u00a0 \u00a0 \u00a0 \u00a0 \u00a0 \u00a03-Paul Scholes (718 matchs)\u00a0 \u00a0 \u00a0 \u00a0 \u00a0 \u00a0 \u00a0 \u00a0 \u00a0 \u00a0 \u00a0 \u00a0 \u00a0 \u00a0 \u00a0 \u00a0 \u00a0 \u00a0 \u00a0 \u00a0 \u00a0 \u00a0 \u00a0 \u00a0 \u00a0 \u00a0 \u00a0 \u00a0 \u00a0 \u00a0 \u00a0 \u00a0 \u00a0 \u00a0 \u00a0 \u00a0 \u00a0 \u00a0 \u00a0 \u00a0 \u00a0 \u00a0 \u00a0 \u00a0 \u00a04-Bill Foulkes (688 matchs)\u00a0 \u00a0 \u00a0 \u00a0 \u00a0 \u00a0 \u00a0 \u00a0 \u00a0 \u00a0 \u00a0 \u00a0 \u00a0 \u00a0 \u00a0 \u00a0 \u00a0 \u00a0 \u00a0 \u00a0 \u00a0 \u00a0 \u00a0 \u00a0 \u00a0 \u00a0 \u00a0 \u00a0 \u00a0 \u00a0 \u00a0 \u00a0 \u00a0 \u00a0 \u00a0 \u00a0 \u00a0 \u00a0 \u00a0 \u00a0 \u00a0 \u00a0 \u00a0 \u00a0 \u00a0 \u00a05-Wayne Rooney (559 matchs)<\/p>\n\n\n\n<figure class=\"wp-block-image is-resized\"><img decoding=\"async\" loading=\"lazy\" src=\"https:\/\/www.manutd-france.com\/v5\/wp-content\/uploads\/2019\/08\/ryan.jpg\" alt=\"\" class=\"wp-image-2773\" width=\"356\" height=\"468\" srcset=\"https:\/\/www.manutd-france.com\/v5\/wp-content\/uploads\/2019\/08\/ryan.jpg 615w, https:\/\/www.manutd-france.com\/v5\/wp-content\/uploads\/2019\/08\/ryan-228x300.jpg 228w\" sizes=\"(max-width: 356px) 100vw, 356px\" \/><figcaption>Ryan Giggs<\/figcaption><\/figure>\n\n\n\n<p>Meilleurs buteurs:&nbsp; &nbsp; &nbsp; &nbsp; &nbsp; &nbsp; &nbsp; &nbsp; &nbsp; &nbsp; &nbsp; &nbsp; &nbsp; &nbsp; &nbsp; &nbsp; &nbsp; &nbsp; &nbsp; &nbsp; &nbsp; &nbsp; &nbsp; &nbsp; &nbsp; &nbsp; &nbsp; &nbsp; &nbsp; &nbsp; &nbsp; &nbsp; &nbsp; &nbsp; &nbsp; &nbsp; &nbsp; &nbsp; &nbsp; &nbsp; &nbsp; &nbsp; &nbsp; &nbsp; &nbsp; &nbsp; &nbsp; &nbsp; &nbsp; &nbsp; &nbsp; &nbsp; &nbsp;1-Wayne Rooney (253 buts)&nbsp; &nbsp; &nbsp; &nbsp; &nbsp; &nbsp; &nbsp; &nbsp; &nbsp; &nbsp; &nbsp; &nbsp; &nbsp; &nbsp; &nbsp; &nbsp; &nbsp; &nbsp; &nbsp; &nbsp; &nbsp; &nbsp; &nbsp; &nbsp; &nbsp; &nbsp; &nbsp; &nbsp; &nbsp; &nbsp; &nbsp; &nbsp; &nbsp; &nbsp; &nbsp; &nbsp; &nbsp; &nbsp; &nbsp; &nbsp; &nbsp; &nbsp; &nbsp; &nbsp; &nbsp;2-Bobby Charlton (249 buts)&nbsp; &nbsp; &nbsp; &nbsp; &nbsp; &nbsp; &nbsp; &nbsp; &nbsp; &nbsp; &nbsp; &nbsp; &nbsp; &nbsp; &nbsp; &nbsp; &nbsp; &nbsp; &nbsp; &nbsp; &nbsp; &nbsp; &nbsp; &nbsp; &nbsp; &nbsp; &nbsp; &nbsp; &nbsp; &nbsp; &nbsp; &nbsp; &nbsp; &nbsp; &nbsp; &nbsp; &nbsp; &nbsp; &nbsp; &nbsp; &nbsp; &nbsp; &nbsp; &nbsp;3-Denis Law (237 buts)&nbsp; &nbsp; &nbsp; &nbsp; &nbsp; &nbsp; &nbsp; &nbsp; &nbsp; &nbsp; &nbsp; &nbsp; &nbsp; &nbsp; &nbsp; &nbsp; &nbsp; &nbsp; &nbsp; &nbsp; &nbsp; &nbsp; &nbsp; &nbsp; &nbsp; &nbsp; &nbsp; &nbsp; &nbsp; &nbsp; &nbsp; &nbsp; &nbsp; &nbsp; &nbsp; &nbsp; &nbsp; &nbsp; &nbsp; &nbsp; &nbsp; &nbsp; &nbsp; &nbsp; &nbsp; &nbsp; &nbsp; &nbsp; &nbsp;4-Jack Rowley (211 buts)&nbsp; &nbsp; &nbsp; &nbsp; &nbsp; &nbsp; &nbsp; &nbsp; &nbsp; &nbsp; &nbsp; &nbsp; &nbsp; &nbsp; &nbsp; &nbsp; &nbsp; &nbsp; &nbsp; &nbsp; &nbsp; &nbsp; &nbsp; &nbsp; &nbsp; &nbsp; &nbsp; &nbsp; &nbsp; &nbsp; &nbsp; &nbsp; &nbsp; &nbsp; &nbsp; &nbsp; &nbsp; &nbsp; &nbsp; &nbsp; &nbsp; &nbsp; &nbsp; &nbsp; &nbsp; &nbsp; &nbsp; &nbsp;5- Dennis Violet et George Best (179 buts)<\/p>\n\n\n\n<figure class=\"wp-block-image\"><img decoding=\"async\" loading=\"lazy\" width=\"1024\" height=\"538\" src=\"https:\/\/www.manutd-france.com\/v5\/wp-content\/uploads\/2019\/08\/rooney-1024x538.jpg\" alt=\"\" class=\"wp-image-2774\" srcset=\"https:\/\/www.manutd-france.com\/v5\/wp-content\/uploads\/2019\/08\/rooney-1024x538.jpg 1024w, https:\/\/www.manutd-france.com\/v5\/wp-content\/uploads\/2019\/08\/rooney-300x158.jpg 300w, https:\/\/www.manutd-france.com\/v5\/wp-content\/uploads\/2019\/08\/rooney-768x403.jpg 768w, https:\/\/www.manutd-france.com\/v5\/wp-content\/uploads\/2019\/08\/rooney.jpg 1200w\" sizes=\"(max-width: 1024px) 100vw, 1024px\" \/><figcaption>Wayne Rooney<\/figcaption><\/figure>\n\n\n<p>Ballon d&rsquo;Or:\u00a0 \u00a0 \u00a0 \u00a0 \u00a0 \u00a0 \u00a0 \u00a0 \u00a0 \u00a0 \u00a0 \u00a0 \u00a0 \u00a0 \u00a0 \u00a0 \u00a0 \u00a0 \u00a0 \u00a0 \u00a0 \u00a0 \u00a0 \u00a0 \u00a0 \u00a0 \u00a0 \u00a0 \u00a0 \u00a0 \u00a0 \u00a0 \u00a0 \u00a0 \u00a0 \u00a0 \u00a0 \u00a0 \u00a0 \u00a0 \u00a0 \u00a0 \u00a0 \u00a0 \u00a0 \u00a0 \u00a0 \u00a0 \u00a0 \u00a0 \u00a0 \u00a0 \u00a0 \u00a0 \u00a0 \u00a0 \u00a0 \u00a0 \u00a0 -Denis Law (1964)\u00a0 \u00a0 \u00a0 \u00a0 \u00a0 \u00a0 \u00a0 \u00a0 \u00a0 \u00a0 \u00a0 \u00a0 \u00a0 \u00a0 \u00a0 \u00a0 \u00a0 \u00a0 \u00a0 \u00a0 \u00a0 \u00a0 \u00a0 \u00a0 \u00a0 \u00a0 \u00a0 \u00a0 \u00a0 \u00a0 \u00a0 \u00a0 \u00a0 \u00a0 \u00a0 \u00a0 \u00a0 \u00a0 \u00a0 \u00a0 \u00a0 \u00a0 \u00a0 \u00a0 \u00a0 \u00a0 \u00a0 \u00a0 \u00a0 \u00a0 \u00a0 \u00a0 \u00a0 -Bobby Charlton (1966)\u00a0 \u00a0 \u00a0 \u00a0 \u00a0 \u00a0 \u00a0 \u00a0 \u00a0 \u00a0 \u00a0 \u00a0 \u00a0 \u00a0 \u00a0 \u00a0 \u00a0 \u00a0 \u00a0 \u00a0 \u00a0 \u00a0 \u00a0 \u00a0 \u00a0 \u00a0 \u00a0 \u00a0 \u00a0 \u00a0 \u00a0 \u00a0 \u00a0 \u00a0 \u00a0 \u00a0 \u00a0 \u00a0 \u00a0 \u00a0 \u00a0 \u00a0 \u00a0 \u00a0 \u00a0 \u00a0 \u00a0 \u00a0 \u00a0 -George Best (1968)\u00a0 \u00a0 \u00a0 \u00a0 \u00a0 \u00a0 \u00a0 \u00a0 \u00a0 \u00a0 \u00a0 \u00a0 \u00a0 \u00a0 \u00a0 \u00a0 \u00a0 \u00a0 \u00a0 \u00a0 \u00a0 \u00a0 \u00a0 \u00a0 \u00a0 \u00a0 \u00a0 \u00a0 \u00a0 \u00a0 \u00a0 \u00a0 \u00a0 \u00a0 \u00a0 \u00a0 \u00a0 \u00a0 \u00a0 \u00a0 \u00a0 \u00a0 \u00a0 \u00a0 \u00a0 \u00a0 \u00a0 \u00a0 \u00a0 \u00a0 \u00a0 \u00a0 &#8211; Cristiano Ronaldo (2008)\u00a0 \u00a0 \u00a0\u00a0<\/p>\n<p>\u00a0<\/p>\n\n\n<figure class=\"wp-block-image\"><img decoding=\"async\" loading=\"lazy\" width=\"912\" height=\"516\" src=\"https:\/\/www.manutd-france.com\/v5\/wp-content\/uploads\/2019\/08\/ronaldo.jpg\" alt=\"\" class=\"wp-image-2775\" srcset=\"https:\/\/www.manutd-france.com\/v5\/wp-content\/uploads\/2019\/08\/ronaldo.jpg 912w, https:\/\/www.manutd-france.com\/v5\/wp-content\/uploads\/2019\/08\/ronaldo-300x170.jpg 300w, https:\/\/www.manutd-france.com\/v5\/wp-content\/uploads\/2019\/08\/ronaldo-768x435.jpg 768w\" sizes=\"(max-width: 912px) 100vw, 912px\" \/><figcaption>Ronaldo avec Denis Law et Bobby Charlton<\/figcaption><\/figure>\n\n\n\n<p><\/p>\n","protected":false},"excerpt":{"rendered":"<p>Tweet Manchester United est le club anglais le plus titr\u00e9. Voici le classement en 2019: 1-Manchester United (66) 2-Liverpool (61) 3-Arsenal (46) 4-Chelsea (31) 5-Tottenham (26) Manchester United d\u00e9tient l&rsquo;un des plus beaux palmar\u00e8s pour une \u00e9quipe de sport collectif. La plus grande partie a \u00e9t\u00e9 conquise sous l&rsquo;\u00e8re de Sir Alex Ferguson qui est [&hellip;]<\/p>\n","protected":false},"author":1,"featured_media":0,"parent":35,"menu_order":30,"comment_status":"open","ping_status":"open","template":"","meta":[],"_links":{"self":[{"href":"https:\/\/www.manutd-france.com\/v5\/wp-json\/wp\/v2\/pages\/719"}],"collection":[{"href":"https:\/\/www.manutd-france.com\/v5\/wp-json\/wp\/v2\/pages"}],"about":[{"href":"https:\/\/www.manutd-france.com\/v5\/wp-json\/wp\/v2\/types\/page"}],"author":[{"embeddable":true,"href":"https:\/\/www.manutd-france.com\/v5\/wp-json\/wp\/v2\/users\/1"}],"replies":[{"embeddable":true,"href":"https:\/\/www.manutd-france.com\/v5\/wp-json\/wp\/v2\/comments?post=719"}],"version-history":[{"count":12,"href":"https:\/\/www.manutd-france.com\/v5\/wp-json\/wp\/v2\/pages\/719\/revisions"}],"predecessor-version":[{"id":2776,"href":"https:\/\/www.manutd-france.com\/v5\/wp-json\/wp\/v2\/pages\/719\/revisions\/2776"}],"up":[{"embeddable":true,"href":"https:\/\/www.manutd-france.com\/v5\/wp-json\/wp\/v2\/pages\/35"}],"wp:attachment":[{"href":"https:\/\/www.manutd-france.com\/v5\/wp-json\/wp\/v2\/media?parent=719"}],"curies":[{"name":"wp","href":"https:\/\/api.w.org\/{rel}","templated":true}]}}