{"id":716,"date":"2010-11-21T10:32:55","date_gmt":"2010-11-21T10:32:55","guid":{"rendered":"http:\/\/www.manutd-france.com\/v5\/"},"modified":"2019-08-26T18:00:56","modified_gmt":"2019-08-26T16:00:56","slug":"lembleme","status":"publish","type":"page","link":"https:\/\/www.manutd-france.com\/v5\/inside-manchester\/lembleme\/","title":{"rendered":"L&#8217;embl\u00e8me"},"content":{"rendered":"<div style=\"float: right; margin-left: 10px;\"><a href=\"https:\/\/twitter.com\/share\" class=\"twitter-share-button\" data-via=\"Muscfrance\" data-count=\"vertical\" data-url=\"https:\/\/www.manutd-france.com\/v5\/inside-manchester\/lembleme\/\">Tweet<\/a><\/div>\n<p>Aujourd&rsquo;hui, Manchester United \u00e0 un blason tr\u00e8s facilement identifiable et transmettant un message tr\u00e8s clair. Pourtant ce ne fut pas toujours le cas. Le logo a \u00e9volu\u00e9 tout au long de l&rsquo;histoire et voici pourquoi et comment on en est arriv\u00e9 a ce logo si diablement efficace.<\/p>\n\n\n\n<figure class=\"wp-block-image\"><img decoding=\"async\" loading=\"lazy\" width=\"900\" height=\"774\" src=\"https:\/\/www.manutd-france.com\/v5\/wp-content\/uploads\/2019\/08\/logo.jpg\" alt=\"\" class=\"wp-image-2766\" srcset=\"https:\/\/www.manutd-france.com\/v5\/wp-content\/uploads\/2019\/08\/logo.jpg 900w, https:\/\/www.manutd-france.com\/v5\/wp-content\/uploads\/2019\/08\/logo-300x258.jpg 300w, https:\/\/www.manutd-france.com\/v5\/wp-content\/uploads\/2019\/08\/logo-768x660.jpg 768w\" sizes=\"(max-width: 900px) 100vw, 900px\" \/><\/figure>\n\n\n\n<p> Tout commence tr\u00e8s t\u00f4t. A l&rsquo;occasion de la finale de la FA Cup en 1909 la rose rouge (l&rsquo;\u00e9cusson du Lancashire) fait son apparition sur le maillot des joueurs. Utilis\u00e9 jusqu&rsquo;en 1948, c&rsquo;est ensuite tout simplement l&#8217;embl\u00e8me de la ville de Manchester qui \u00e9lira domicile sur les torses des joueurs. Complexe, difficilement d\u00e9chiffrable et d\u00e9j\u00e0 utilis\u00e9 par la ville le club a ensuite r\u00e9fl\u00e9chi a en changer.<\/p>\n\n\n\n<figure class=\"wp-block-image\"><img decoding=\"async\" loading=\"lazy\" width=\"478\" height=\"567\" src=\"http:\/\/www.manutd-france.com\/v5\/wp-content\/uploads\/2019\/07\/1st-logo-1499150348-500-1.jpg\" alt=\"\" class=\"wp-image-2540\" srcset=\"https:\/\/www.manutd-france.com\/v5\/wp-content\/uploads\/2019\/07\/1st-logo-1499150348-500-1.jpg 478w, https:\/\/www.manutd-france.com\/v5\/wp-content\/uploads\/2019\/07\/1st-logo-1499150348-500-1-253x300.jpg 253w\" sizes=\"(max-width: 478px) 100vw, 478px\" \/><\/figure>\n\n\n\n<p>Comme d&rsquo;habitude, Manchester United respecte l&rsquo;histoire et souhaite garder l&rsquo;h\u00e9ritage du pass\u00e9. Le club cherche donc un \u00e9cusson qui rapp\u00e8lerait celui de la ville tout en affirmant sa propre identit\u00e9.<\/p>\n\n\n\n<p>\n\n\n\n\n\n\n\n\n\n\n\n\n\n\n\nComme la f\u00e9d\u00e9ration anglaise de football s&rsquo;inqui\u00e9tait\ndu piratage, elle a conseill\u00e9 aux clubs de prot\u00e9ger leur embl\u00e8me des\ncontre-fa\u00e7ons. Il devenait impossible pour Manchester United de conserver un\nembl\u00e8me trop proche de celui de la ville de Manchester. C&rsquo;est ainsi qu&rsquo;est\napparu dans les ann\u00e9es 50 le logo des \u00ab\u00a0red devils\u00a0\u00bb qui \u00e9tait devenu\nle surnom donn\u00e9 par les supporters aux joueurs du Club.\n\n\n\n<\/p>\n\n\n\n<div class=\"wp-block-image\"><figure class=\"aligncenter is-resized\"><img decoding=\"async\" loading=\"lazy\" src=\"http:\/\/www.manutd-france.com\/v5\/wp-content\/uploads\/2019\/07\/Manchester_United_Badge_1960s-1973-2.png\" alt=\"\" class=\"wp-image-2541\" width=\"319\" height=\"297\" srcset=\"https:\/\/www.manutd-france.com\/v5\/wp-content\/uploads\/2019\/07\/Manchester_United_Badge_1960s-1973-2.png 515w, https:\/\/www.manutd-france.com\/v5\/wp-content\/uploads\/2019\/07\/Manchester_United_Badge_1960s-1973-2-300x280.png 300w\" sizes=\"(max-width: 319px) 100vw, 319px\" \/><figcaption>1960-1970<\/figcaption><\/figure><\/div>\n\n\n\n<p>Le logo des R<a href=\"http:\/\/www.manutd-france.com\/v5\/wp-content\/uploads\/2010\/11\/crest-1971.gif\"><\/a>ed Devils a \u00e9t\u00e9 redessin\u00e9 pour \u00eatre simplifi\u00e9 avec une meilleure lisibilit\u00e9 du des lettres de MANCHESTER UNITED. Ce logo est maintenant l&#8217;embl\u00e8me unique du Club, figurant dans toutes ses activit\u00e9s. (maillots, site internet, courrier&#8230;)<\/p>\n\n\n\n<div class=\"wp-block-image\"><figure class=\"aligncenter\"><img decoding=\"async\" loading=\"lazy\" width=\"300\" height=\"168\" src=\"http:\/\/www.manutd-france.com\/v5\/wp-content\/uploads\/2019\/07\/t\u00e9l\u00e9chargement.png\" alt=\"\" class=\"wp-image-2535\"\/><figcaption>1970-1973<\/figcaption><\/figure><\/div>\n\n\n\n<p>Le Logo est constitu\u00e9 d&rsquo;une bande en haut et en bas o\u00f9 est \u00e9crit le nom du club, logique. Deux ballons font le liens pour souligner encore qu&rsquo;il s&rsquo;agit bien d&rsquo;un club de football. Au centre figure un blason qui rappele les armoiries du moyen-\u00e2ge. Tr\u00e8s simple, la seule \u00ab\u00a0fantaisie\u00a0\u00bb est le bateau toutes voiles dehors au dessus. Il symbolise le pass\u00e9 commercial glorieux de Manchester.  Une r\u00e9f\u00e9rence directe \u00e0 la ville et \u00e0 son histoire, un \u00e9l\u00e9ment seul survivant de l&rsquo;ancien blason et \u00e9galement pr\u00e9sent sur le logo de Manchester City. Le style est plus \u00e9pur\u00e9 mais les r\u00e9f\u00e9rences sont bel et bien l\u00e0. Lisible et unique on aurait pu s&rsquo;arr\u00eater l\u00e0, mais le club a finalement d\u00e9cid\u00e9 d&rsquo;op\u00e9rer un dernier changement.<\/p>\n\n\n\n<div class=\"wp-block-image\"><figure class=\"aligncenter is-resized\"><img decoding=\"async\" loading=\"lazy\" src=\"http:\/\/www.manutd-france.com\/v5\/wp-content\/uploads\/2019\/07\/uni-1011x1024.png\" alt=\"\" class=\"wp-image-2537\" width=\"303\" height=\"306\" srcset=\"https:\/\/www.manutd-france.com\/v5\/wp-content\/uploads\/2019\/07\/uni-1011x1024.png 1011w, https:\/\/www.manutd-france.com\/v5\/wp-content\/uploads\/2019\/07\/uni-150x150.png 150w, https:\/\/www.manutd-france.com\/v5\/wp-content\/uploads\/2019\/07\/uni-296x300.png 296w, https:\/\/www.manutd-france.com\/v5\/wp-content\/uploads\/2019\/07\/uni-768x778.png 768w, https:\/\/www.manutd-france.com\/v5\/wp-content\/uploads\/2019\/07\/uni.png 1200w\" sizes=\"(max-width: 303px) 100vw, 303px\" \/><figcaption>1998-<\/figcaption><\/figure><\/div>\n\n\n\n<p>L\u00e0, le rajout peut \u00eatre surprenant. Un diable tenant un trident dans les mains positionn\u00e9 en dessous du bateau. Il est plac\u00e9 tout au centre du blason et est d&rsquo;une taille plus que cons\u00e9quente. Pourquoi? le premier \u00e9l\u00e9ment de r\u00e9ponse vient du surnom que donnait les supporters aux joueurs d&rsquo;United, les \u00ab\u00a0Red Devils\u00a0\u00bb ou diable rouge en fran\u00e7ais. C&rsquo;est en fait l&rsquo;illustre Matt Busby qui en est \u00e0 l&rsquo;origine. Il s&rsquo;est fortement inspir\u00e9 d&rsquo;une \u00e9quipe de rugby \u00ab\u00a0Salford City\u00a0\u00bb surnomm\u00e9 tout simplement les \u00ab\u00a0Red Devils\u00a0\u00bb. <\/p>\n\n\n\n<div class=\"wp-block-image\"><figure class=\"aligncenter\"><img decoding=\"async\" loading=\"lazy\" width=\"305\" height=\"225\" src=\"https:\/\/www.manutd-france.com\/v5\/wp-content\/uploads\/2019\/08\/salford.jpg\" alt=\"\" class=\"wp-image-2767\" srcset=\"https:\/\/www.manutd-france.com\/v5\/wp-content\/uploads\/2019\/08\/salford.jpg 305w, https:\/\/www.manutd-france.com\/v5\/wp-content\/uploads\/2019\/08\/salford-300x221.jpg 300w\" sizes=\"(max-width: 305px) 100vw, 305px\" \/><\/figure><\/div>\n\n\n\n<p>Une inspiration divine qui donna \u00e0 cet embl\u00e8me son allure actuelle et qui finit la transformation du club.<\/p>\n","protected":false},"excerpt":{"rendered":"<p>Tweet Aujourd&rsquo;hui, Manchester United \u00e0 un blason tr\u00e8s facilement identifiable et transmettant un message tr\u00e8s clair. Pourtant ce ne fut pas toujours le cas. Le logo a \u00e9volu\u00e9 tout au long de l&rsquo;histoire et voici pourquoi et comment on en est arriv\u00e9 a ce logo si diablement efficace. Tout commence tr\u00e8s t\u00f4t. A l&rsquo;occasion de [&hellip;]<\/p>\n","protected":false},"author":1,"featured_media":0,"parent":35,"menu_order":10,"comment_status":"open","ping_status":"open","template":"","meta":[],"_links":{"self":[{"href":"https:\/\/www.manutd-france.com\/v5\/wp-json\/wp\/v2\/pages\/716"}],"collection":[{"href":"https:\/\/www.manutd-france.com\/v5\/wp-json\/wp\/v2\/pages"}],"about":[{"href":"https:\/\/www.manutd-france.com\/v5\/wp-json\/wp\/v2\/types\/page"}],"author":[{"embeddable":true,"href":"https:\/\/www.manutd-france.com\/v5\/wp-json\/wp\/v2\/users\/1"}],"replies":[{"embeddable":true,"href":"https:\/\/www.manutd-france.com\/v5\/wp-json\/wp\/v2\/comments?post=716"}],"version-history":[{"count":11,"href":"https:\/\/www.manutd-france.com\/v5\/wp-json\/wp\/v2\/pages\/716\/revisions"}],"predecessor-version":[{"id":2768,"href":"https:\/\/www.manutd-france.com\/v5\/wp-json\/wp\/v2\/pages\/716\/revisions\/2768"}],"up":[{"embeddable":true,"href":"https:\/\/www.manutd-france.com\/v5\/wp-json\/wp\/v2\/pages\/35"}],"wp:attachment":[{"href":"https:\/\/www.manutd-france.com\/v5\/wp-json\/wp\/v2\/media?parent=716"}],"curies":[{"name":"wp","href":"https:\/\/api.w.org\/{rel}","templated":true}]}}