{"id":56,"date":"2010-06-11T13:06:54","date_gmt":"2010-06-11T13:06:54","guid":{"rendered":"http:\/\/www.manutd-france.com\/v5\/?page_id=56"},"modified":"2025-10-06T18:29:22","modified_gmt":"2025-10-06T16:29:22","slug":"faq","status":"publish","type":"page","link":"https:\/\/www.manutd-france.com\/v5\/faq\/","title":{"rendered":"FAQ"},"content":{"rendered":"<div style=\"float: right; margin-left: 10px;\"><a href=\"https:\/\/twitter.com\/share\" class=\"twitter-share-button\" data-via=\"Muscfrance\" data-count=\"vertical\" data-url=\"https:\/\/www.manutd-france.com\/v5\/faq\/\">Tweet<\/a><\/div>\n<h3 class=\"wp-block-heading has-text-align-center\">Quel avantage d&rsquo;adh\u00e9rer \u00e0 MUSC FRANCE ?<\/h3>\n\n\n\n<p>D&rsquo;abord de faire partie du seul supporter club officiel de Manchester United en France, ensuite de devenir membre officiel de MUFC.<\/p>\n\n\n\n<p>Devenir membre de MUSC France permet d&rsquo;avoir acc\u00e8s \u00e0 la billetterie, de recevoir un \u00ab\u00a0package\u00a0\u00bb(directement envoy\u00e9 par Manchester United \u00e0 l&rsquo;adresse renseign\u00e9e lors de votre adh\u00e9sion, attention des frais postaux peuvent \u00eatre demand\u00e9 lors de la r\u00e9ception de votre \u00ab\u00a0pack\u00a0\u00bb) avec  diff\u00e9rents \u00ab\u00a0goodies\u00a0\u00bb, une r\u00e9duction de 10% au m\u00e9gastore ou dans la boutique en ligne de MUFC et de 50% pour la visite du mus\u00e9e et du stade.<\/p>\n\n\n\n<p>Un adh\u00e9rent peut demander des places plusieurs fois dans l&rsquo;ann\u00e9e, une adh\u00e9sion permet de pouvoir demander 1 place (la place \u00e9tant nominative), donc pour avoir plusieurs places, il faut autant d&rsquo;adh\u00e9sions que de places souhait\u00e9s.<\/p>\n\n\n\n<div style=\"height:50px\" aria-hidden=\"true\" class=\"wp-block-spacer\"><\/div>\n\n\n\n<h3 class=\"wp-block-heading has-text-align-center\">Quelle avantages \u00e0 MUSC FRANCE comme club de supporters officiel ?<\/h3>\n\n\n\n<p>D&rsquo;abord d&rsquo;avoir des relations privil\u00e9gi\u00e9es avec MUFC, ensuite d&rsquo;avoir un quota de places pour tous les matchs de championnat \u00e0 Old Trafford, FA CUP, Carbaco CUP et Champions League ou Europa League (sur demande pour ces 3 comp\u00e9titions)<\/p>\n\n\n\n<p>Un adh\u00e9rent \u00e0 MUSC FRANCE est donc quasiement s\u00fbr d&rsquo;avoir une place pour un match silver (40 places en g\u00e9n\u00e9ral) sauf parfois pour les matchs gold (ou Manchester soumet chaque supporters club \u00e0 un quota de places en fonction de leur nombres de membres au moment de la demande de places pour ce match) ou il y a un syst\u00e8me de priorit\u00e9 \u00e0 voir dans la partie \u00ab\u00a0<em>comment voir un match \u00e0 Old Trafford<\/em>\u00ab\u00a0.<\/p>\n\n\n\n<p>Par contre, les supporters club n&rsquo;ont aucune place pour les matchs away, que ce soit en championnat, en FA CUP, en Carabaco CUP et en Champions League ou Europa League .<\/p>\n\n\n\n<div style=\"height:50px\" aria-hidden=\"true\" class=\"wp-block-spacer\"><\/div>\n\n\n\n<h3 class=\"wp-block-heading has-text-align-center\"><strong>Comment assister \u00e0 un match \u00e0 Old Trafford ?<\/strong><\/h3>\n\n\n\n<p>Il vous suffit d&rsquo;adh\u00e9rer (une partie sur le site officiel de <a href=\"https:\/\/tickets.manutd.com\/memberships\" target=\"_blank\" rel=\"noreferrer noopener\" title=\"Adh\u00e9sion Membership\">Manchester United<\/a> avec <a href=\"https:\/\/muscredflag.be\/tuto-membership\/\" target=\"_blank\" rel=\"noreferrer noopener\" title=\"Tutoriel\">l&rsquo;excellent tutoriel de nos amis belges<\/a> <\/p>\n\n\n\n<p>Et ensuite adh\u00e9rer sur le site de MUSC France via le <a href=\"https:\/\/www.manutd-france.com\/adhesion\/\" target=\"_blank\" rel=\"noreferrer noopener\">formulaire d&rsquo;adh\u00e9sion<\/a> <\/p>\n\n\n\n<ul>\n<li><strong>MUSC France (13\u20ac) + Membership, -16 ans  (28.50\u00a3 , 73.50\u00a3 premium)<\/strong><\/li>\n\n\n\n<li><strong>MUSC France (13\u20ac) + Membership,+ 16 ans (37.50\u00a3 , 73.50\u00a3 premium)<\/strong><\/li>\n<\/ul>\n\n\n\n<p><\/p>\n\n\n\n<p>Puis de choisir votre match et de r\u00e9server un billet sur la billetterie, en fonction des matchs \u00ab\u00a0silver\u00a0\u00bb libre \u00e0 la r\u00e9servation ou des matchs \u00ab\u00a0gold soumis\u00a0\u00bb \u00e0 des crit\u00e8res de priorit\u00e9s (Arsenal, Chelsea, Man City, Liverpool, Tottenham et le dernier match de la saison \u00e0 domicile)<\/p>\n\n\n\n<p>Bien faire attention aux dates limites de r\u00e9servations sur la <a rel=\"noreferrer noopener\" aria-label=\" (s\u2019ouvre dans un nouvel onglet)\" href=\"http:\/\/www.manutd-france.com\/billetterie\/\" target=\"_blank\">billetterie<\/a>&nbsp;et sur les newsletters de billetterie, car Manchester nous donne une date limite de r\u00e9servation des places pour chaque match. Une fois cette date pass\u00e9 il ne nous sera plus possible de faire des demandes aupr\u00e8s de Manchester.<\/p>\n\n\n\n<p>Nouveau pour sur la r\u00e9servation des places aupr\u00e8s de Manchester, <\/p>\n\n\n\n<p>Vu le nombre croissant de demandes de places \u00e0 Old Trafford, le Club a d\u00e9cid\u00e9 d&rsquo;imposer une nouvelle r\u00e8gle pour l&rsquo;attribution de celles-ci aux Supporters Clubs.<\/p>\n\n\n\n<p>Un nombre de places disponibles pour tous les Supporters Clubs est d\u00e9fini avant chaque match.<br>Si le nombre de places n&rsquo;est pas suffisant pour satisfaire tout le monde, la r\u00e8gle est que le Club nous attribue un pourcentage de ces places.<\/p>\n\n\n\n<p><strong>Celui-ci est \u00e9gal au pourcentage du nombre de nos membres par rapport au nombre de membres total de tous les Supporters Clubs r\u00e9unis.<\/strong><\/p>\n\n\n\n<p><em>Exemple pour Bournemouth (saison 2023-2024) : 1000 places ont \u00e9t\u00e9 allou\u00e9es aux Supporters Clubs et la demande a d\u00e9pass\u00e9 l&rsquo;offre. Nous sommes actuellement pr\u00e8s de 700 membres de MUSC France sur un total de pr\u00e8s de 22 000 adh\u00e9rents aux diff\u00e9rents Supporters Clubs soit environ 3%. On nous a donc allou\u00e9 32 places sur les 1000 disponibles.<\/em><\/p>\n\n\n\n<p><strong>Malheureusement, nous n&rsquo;avons la confirmation du nombre de places obtenues que 48-72h apr\u00e8s la date limite de r\u00e9servation. Donc gardez \u00e0 l&rsquo;esprit de ne pas r\u00e9server d\u00e9finitivement votre vol\/h\u00f4tel avant d&rsquo;avoir re\u00e7u notre email de confirmation d&rsquo;attribution de place vous concernant.<\/strong><\/p>\n\n\n\n<p>Nous sommes conscients que cela peut \u00eatre contraignant mais nous faisons le maximum pour satisfaire tout le monde et permettre \u00e0 la majorit\u00e9 de (re)d\u00e9couvrir le Th\u00e9\u00e2tre des R\u00eaves ! <\/p>\n\n\n\n<p><\/p>\n\n\n\n<p><em>Petit point sur l&rsquo;attribution pour les matchs Gold<\/em> :<\/p>\n\n\n\n<ul>\n<li><em>Les membres inscrit avant le 1er ao\u00fbt<\/em><\/li>\n\n\n\n<li><em>Ceux n&rsquo;ayant pas encore vu de match Gold de la saison<\/em><\/li>\n\n\n\n<li><em>Les membres depuis plusieurs saisons (anciennet\u00e9)<\/em><\/li>\n\n\n\n<li><em>Les membres ayant d\u00e9j\u00e0 vu un match silver de la saison<\/em><\/li>\n\n\n\n<li><em>Les demandes de places qui arrivent parmi les premi\u00e8res.<\/em><\/li>\n<\/ul>\n\n\n\n<div style=\"height:30px\" aria-hidden=\"true\" class=\"wp-block-spacer\"><\/div>\n\n\n\n<p class=\"has-text-align-center\" style=\"font-size:15px\"><span style=\"color: #ff0000;\"><strong>La place vous co\u00fbtera 85\u20ac et 35\u20ac pour les -16 ans (tarif 2025\/2026)<\/strong><\/span><\/p>\n\n\n\n<div style=\"height:50px\" aria-hidden=\"true\" class=\"wp-block-spacer\"><\/div>\n\n\n\n<h3 class=\"wp-block-heading has-text-align-center\">Quand connait-on le jour et l&rsquo;heure d\u00e9finitive du match ?<\/h3>\n\n\n\n<p>Le jour et l&rsquo;heure des matchs peuvent changer en fonction du parcours de Man Utd en Champions league et en Cup et donc des imp\u00e9ratifs de retransmissions de la TV.<\/p>\n\n\n\n<p>En g\u00e9n\u00e9ral, le programme des retransmissions t\u00e9l\u00e9vis\u00e9es est connues 2 mois avant la date du match, le match sera alors corrig\u00e9 sur la rubrique \u00ab\u00a0billetterie\u00a0\u00bb du site mais le mieux est de s&rsquo;informer directement sur le site de Man Utd \u00e0 <a href=\"http:\/\/www.manutd.com\/en\/Fixtures-And-Results.aspx\" target=\"_blank\" rel=\"noreferrer noopener\" aria-label=\" (s\u2019ouvre dans un nouvel onglet)\">l&rsquo;adresse suivante.&nbsp;<\/a><\/p>\n\n\n\n<p><em>Un mail sera envoy\u00e9 \u00e0 chaque membre inscrit sur un match (o\u00f9 celui-ci n&rsquo;est pas confirm\u00e9 sur la billetterie et dans la newsletter), une fois la confirmation par la TV de la date et horaire du match, afin que vous puissiez r\u00e9server avion\/h\u00f4tel.<\/em><\/p>\n\n\n\n<div style=\"height:50px\" aria-hidden=\"true\" class=\"wp-block-spacer\"><\/div>\n\n\n\n<h3 class=\"wp-block-heading has-text-align-center\">Comment r\u00e9cup\u00e9rer une place achet\u00e9e sur la billetterie ?<\/h3>\n\n\n\n<p>Une fois la place achet\u00e9 et valid\u00e9 par MUSC FRANCE, voici la nouvelle proc\u00e9dure mise en place pour la saison 2024-2025 avec l&rsquo;application mobile officiel du club :<\/p>\n\n\n\n<p><strong>En effet, le billet ne sera disponible que via l&rsquo;application officielle du Club et seulement 3 heures avant le coup d&rsquo;envoi du match.<\/strong><\/p>\n\n\n\n<p><strong>Le club a mis en place des&nbsp;<a href=\"https:\/\/www.manutd.com\/en\/tickets-and-hospitality\/in-app-digital-ticketing-2024-25\/app-ticket-tutorials\" target=\"_blank\" rel=\"noreferrer noopener\">tutoriels vid\u00e9o<\/a>&nbsp;(en anglais) pour vous aider \u00e0 appr\u00e9hender l&rsquo;application (Inscription, connexion et acc\u00e8s \u00e0 votre billet entre autres).<br>C&rsquo;est la vid\u00e9o&nbsp;<a href=\"https:\/\/www.manutd.com\/en\/videos\/detail\/where-to-find-your-tickets-in-the-app\" target=\"_blank\" rel=\"noreferrer noopener\">Where to find your tickets in the app<\/a>&nbsp;qui va vous guider vers l&#8217;emplacement de votre billet.<\/strong><\/p>\n\n\n\n<div style=\"height:50px\" aria-hidden=\"true\" class=\"wp-block-spacer\"><\/div>\n\n\n\n<h3 class=\"wp-block-heading has-text-align-center\">O\u00f9 sont situ\u00e9es les places que nous avons ?<\/h3>\n\n\n<div class=\"wp-block-image\">\n<figure class=\"aligncenter\"><img decoding=\"async\" src=\"http:\/\/upload.wikimedia.org\/wikipedia\/commons\/8\/83\/OldTraffordPlan.PNG\" alt=\"Plan Old Trafford\"\/><\/figure><\/div>\n\n\n<p>Nos places peuvent \u00eatre \u00e0<\/p>\n\n\n\n<ul>\n<li>&#8211; East Stand Tier 2, Rows 28-40<\/li>\n\n\n\n<li>&#8211; North Stand Tier 3, Rows 13-19<\/li>\n\n\n\n<li>&#8211; North West Quadrant Tier 2, Rows 34-43<\/li>\n<\/ul>\n\n\n\n<p>Cela d\u00e9pend ne pas de nous mais de MUFC qui nous attribue les places.<\/p>\n\n\n\n<p>Nous disposons \u00e9galement de 2 seasons tickets en Stretford End (West Stand)<\/p>\n\n\n\n<h3 class=\"wp-block-heading\"><span style=\"color: #ff0000;\"><strong>Nouvelles mesures de s\u00e9curit\u00e9<\/strong><\/span><\/h3>\n\n\n\n<hr class=\"wp-block-separator has-css-opacity\"\/>\n\n\n\n<p>ATTENTION<\/p>\n\n\n\n<p>De nouvelles mesures de s\u00e9curit\u00e9 ont \u00e9t\u00e9 mises en place pour cette saison \u00e0 Old Trafford<\/p>\n\n\n\n<figure class=\"wp-block-table\"><table><tbody><tr><td><figure><img decoding=\"async\" src=\"http:\/\/www.manutd-france.com\/NL\/bil201710\/bagdimensions.jpg\"><\/figure><br><strong>Dimensions maximum<\/strong><br>Vous ne pourrez emmener dans le stade que des sacs d&rsquo;une dimension maximum de 20x15x5cm<\/td><td><figure><img decoding=\"async\" src=\"http:\/\/www.manutd-france.com\/NL\/bil201710\/megastore.jpg\"><\/figure><br><strong>Sachets Megastore<\/strong><br>Vous pourrez cependant emmener vos achats du Megastore<\/td><\/tr><tr><td><figure><img decoding=\"async\" src=\"http:\/\/www.manutd-france.com\/NL\/bil201710\/nobag.jpg\"><\/figure><br><strong>Pas de sacs \u00e0 dos<\/strong><br>Vous ne pourrez emmener aucun autre sac (plus grand) dans le stade<\/td><td><figure><img decoding=\"async\" src=\"http:\/\/www.manutd-france.com\/NL\/bil201710\/bagdrop.jpg\"><\/figure><br><strong>D\u00e9p\u00f4t de sacs et bagages<\/strong><br>Vous pourrez cependant d\u00e9poser des sacs dans les Bag Drop situ\u00e9 derri\u00e8re East Stand (E2) ou \u00e0 c\u00f4t\u00e9 du Ticket Office (N1)<\/td><\/tr><\/tbody><\/table><\/figure>\n\n\n\n<p><strong>Arriver t\u00f4t au stade : le ma\u00eetre mot<\/strong><\/p>\n\n\n\n<p><strong>Dans le cas o\u00f9 vous avez des sacs \u00e0 d\u00e9poser<\/strong>&nbsp;dans les Bag Drop (ceux sup\u00e9rieurs \u00e0 20x15x5cm),&nbsp;<strong>vous devez pr\u00e9voir d&rsquo;arriver 2 heures avant le coup d&rsquo;envoi<\/strong>. Il faudrait \u00e9galement&nbsp;<strong>pr\u00e9voir 1 heure apr\u00e8s la fin du match<\/strong>&nbsp;pour r\u00e9cup\u00e9rer son sac.<\/p>\n\n\n\n<p>Si vous n&rsquo;avez pas de sac \u00e0 d\u00e9poser, il va falloir arriver&nbsp;<strong>au plus tard 1 heure avant le coup d&rsquo;envoi sous peine de louper le d\u00e9but du match<\/strong>.<\/p>\n\n\n\n<p>Pour plus d&rsquo;informations, vous pouvez visiter la page (en anglais) sur le&nbsp;<a href=\"http:\/\/www.manutd.com\/safety\" target=\"_blank\" rel=\"noreferrer noopener\" aria-label=\" (s\u2019ouvre dans un nouvel onglet)\">site officiel<\/a>.<\/p>\n\n\n\n<div style=\"height:50px\" aria-hidden=\"true\" class=\"wp-block-spacer\"><\/div>\n\n\n\n<h3 class=\"wp-block-heading has-text-align-center\">Doit-on \u00eatre membre pour avoir une place ?<\/h3>\n\n\n\n<p>Vous devez obligatoirement \u00eatre membre pour avoir une place \u00e0 Old Trafford via MUSC FRANCE.<br>Les matchs o\u00f9 les places sont en vente libre sont rares. Il s&rsquo;agit des matchs amicaux et de certains matchs de Carbaco Cup.<\/p>\n\n\n\n<p>Par contre, \u00eatre membre ne permet pas de voir des matchs \u00e0 l&rsquo;ext\u00e9rieur (seuls les d\u00e9tenteurs de \u00ab\u00a0season ticket\u00a0\u00bb peuvent faire une demande : en g\u00e9n\u00e9ral, 3 000 places sont propos\u00e9es \u00e0 plus de 50 000 abonn\u00e9s).<\/p>\n\n\n\n<div style=\"height:50px\" aria-hidden=\"true\" class=\"wp-block-spacer\"><\/div>\n\n\n\n<h3 class=\"wp-block-heading has-text-align-center\">Faut-il habiter en France pour pouvoir rejoindre MUSC FRANCE ?<\/h3>\n\n\n\n<p>Depuis la saison 2017-2018, Manchester veut que la majorit\u00e9 de ces membres soit du pays de leur supporters club (quand ils en poss\u00e8dent un).<\/p>\n\n\n\n<p>Maintenant il y a un supporters club belge Wallon : <a rel=\"noreferrer noopener\" aria-label=\"Red Flag Belguim (s\u2019ouvre dans un nouvel onglet)\" href=\"https:\/\/muscredflag.be\/redflagbelgium\/\" target=\"_blank\">Red Flag Belgium<\/a><\/p>\n\n\n\n<p>Ainsi qu&rsquo;un supporters club en Suisses romande : <a rel=\"noreferrer noopener\" aria-label=\"MUSC Suisse (s\u2019ouvre dans un nouvel onglet)\" href=\"https:\/\/www.facebook.com\/MuscSuisse\/\" target=\"_blank\">MUSC Suisse<\/a><\/p>\n\n\n\n<div style=\"height:50px\" aria-hidden=\"true\" class=\"wp-block-spacer\"><\/div>\n\n\n\n<h3 class=\"wp-block-heading has-text-align-center\">Comment sont organis\u00e9s les d\u00e9placements ?<\/h3>\n\n\n\n<p>Chaque adh\u00e9rent s&rsquo;organise en fonction de son lieu de r\u00e9sidence pour rejoindre Manchester.<br>Via les r\u00e9seaux sociaux twitter : <a rel=\"noreferrer noopener\" aria-label=\" (s\u2019ouvre dans un nouvel onglet)\" href=\"https:\/\/twitter.com\/MUSCFR\" target=\"_blank\">@MUSCFR<\/a>&nbsp;, facebook : <a rel=\"noreferrer noopener\" aria-label=\" (s\u2019ouvre dans un nouvel onglet)\" href=\"https:\/\/www.facebook.com\/MUSC-France-Manchester-United-Supporter-Club-France-246933845334511\/?ref=aymt_homepage_panel\" target=\"_blank\">Musc France<\/a> , ou encore un lien <a rel=\"noreferrer noopener\" href=\"https:\/\/discord.gg\/XgYdunSJ9q\" target=\"_blank\">Discord<\/a> , il est parfois possible d&rsquo;avoir un covoiturage, de s&rsquo;organiser sur un lieu de d\u00e9part ou autres.<br>Nous pouvons bien s\u00fbr donner des conseils sur les moyens de s&rsquo;y rendre (voir la rubrique \u00ab\u00a0Manchester fut\u00e9\u00a0\u00bb).<br>Pensez \u00e0 prendre votre billet d&rsquo;avion avec une carte bleue (cela assure la perte de bagages) et une assurance annulation (car le jour et l&rsquo;heure des matchs peuvent changer).<\/p>\n\n\n\n<p>Nous pouvons conseiller certains h\u00f4tels sur place.<\/p>\n\n\n\n<div style=\"height:50px\" aria-hidden=\"true\" class=\"wp-block-spacer\"><\/div>\n\n\n\n<h3 class=\"wp-block-heading has-text-align-center\">Comment visiter le stade et le mus\u00e9e ?<\/h3>\n\n\n\n<p>Pour visiter le mus\u00e9e et le stade, mieux vaut aller \u00e0 Manchester sur deux jours et y aller le lendemain de match. Le jour m\u00eame cela n&rsquo;est pas possible de le visiter. Sinon, n&rsquo;oubliez pas votre carte de membre vous donne une r\u00e9duction de 50%. N&rsquo;oubliez pas non plus de vous inscrire \u00e0 l&rsquo;avance pour la visite du stade via le site internet du club : <a rel=\"noreferrer noopener\" aria-label=\"Museum &amp; stadium tours (s\u2019ouvre dans un nouvel onglet)\" href=\"https:\/\/www.manutd.com\/en\/visit-old-trafford\/museum-stadium-tours?t=y&amp;int_source=muwebsite&amp;int_medium=meganav&amp;int_campaign=museum&amp;int_content=votnav&amp;int_term=museum\" target=\"_blank\">Museum &amp; stadium tours<\/a><\/p>\n\n\n\n<div style=\"height:50px\" aria-hidden=\"true\" class=\"wp-block-spacer\"><\/div>\n\n\n\n<h3 class=\"wp-block-heading has-text-align-center\">Peut-on assister \u00e0 un match de MU \u00e0 l&rsquo;ext\u00e9rieur (away) ?<\/h3>\n\n\n\n<p>Impossible d&rsquo;avoir des places pour les matchs \u00e0 l&rsquo;ext\u00e9rieur dans les tribunes de United (seuls les d\u00e9tenteurs de \u00ab\u00a0season ticket\u00a0\u00bb peuvent faire une demande : en g\u00e9n\u00e9ral, 3 000 places sont propos\u00e9es \u00e0 plus de 50 000 abonn\u00e9s). M\u00eame les associations de supporters officiels n&rsquo;ont pas de places pour ces matchs !<\/p>\n\n\n\n<p>Pour les matchs de Champions League ou Europa League away, aucune place d&rsquo;attribuer aux clubs de supporters h\u00e9las. Il faut participer au tirage au sort en r\u00e9servant sur le site de Man Utd, voici une explication : <a href=\"https:\/\/tickets.manutd.com\/screenloader.aspx?page=usercontent%2fdocuments%2fhtml%2feuropean-away-credits.html&amp;type=include\" target=\"_blank\" rel=\"noreferrer noopener\">European away games<\/a><\/p>\n\n\n\n<p>Cela fonctionne avec un syst\u00e8me de fid\u00e9lit\u00e9, plus vous aurez de \u00ab\u00a0cr\u00e9dits\u00a0\u00bb plus vous aurez de chance d&rsquo;\u00eatre tir\u00e9s au sort pour avoir une place, il faut des-fois attendre plusieurs ann\u00e9es avant d&rsquo;\u00eatre tir\u00e9s au sort :<\/p>\n\n\n\n<ul>\n<li>1 demande de place = 1 cr\u00e9dit, <\/li>\n\n\n\n<li>1 demande place valid\u00e9s avec l\u2019obtention d&rsquo;une place = 2 cr\u00e9dits<\/li>\n<\/ul>\n\n\n\n<p> Se renseigner aupr\u00e8s de Thibaut via mail : <a rel=\"noreferrer noopener\" href=\"mailto:president@manutd-france.com\" target=\"_blank\">president<\/a><a aria-label=\" (s\u2019ouvre dans un nouvel onglet)\" rel=\"noreferrer noopener\" href=\"mailto:president.muscfrance@yahoo.fr\" target=\"_blank\">@manutd-france.com<\/a><a aria-label=\" (s\u2019ouvre dans un nouvel onglet)\" rel=\"noreferrer noopener\" href=\"mailto:president.muscfrance@yahoo.fr\" target=\"_blank\"> <\/a>ou Geoffroy <a href=\"https:\/\/twitter.com\/MarvelManUtd\">@MarvelManUtd<\/a><\/p>\n\n\n\n<div style=\"height:50px\" aria-hidden=\"true\" class=\"wp-block-spacer\"><\/div>\n\n\n\n<h3 class=\"wp-block-heading has-text-align-center\"><\/h3>\n","protected":false},"excerpt":{"rendered":"<p>Tweet Quel avantage d&rsquo;adh\u00e9rer \u00e0 MUSC FRANCE ? D&rsquo;abord de faire partie du seul supporter club officiel de Manchester United en France, ensuite de devenir membre officiel de MUFC. Devenir membre de MUSC France permet d&rsquo;avoir acc\u00e8s \u00e0 la billetterie, de recevoir un \u00ab\u00a0package\u00a0\u00bb(directement envoy\u00e9 par Manchester United \u00e0 l&rsquo;adresse renseign\u00e9e lors de votre adh\u00e9sion, [&hellip;]<\/p>\n","protected":false},"author":1,"featured_media":0,"parent":0,"menu_order":0,"comment_status":"open","ping_status":"open","template":"","meta":[],"_links":{"self":[{"href":"https:\/\/www.manutd-france.com\/v5\/wp-json\/wp\/v2\/pages\/56"}],"collection":[{"href":"https:\/\/www.manutd-france.com\/v5\/wp-json\/wp\/v2\/pages"}],"about":[{"href":"https:\/\/www.manutd-france.com\/v5\/wp-json\/wp\/v2\/types\/page"}],"author":[{"embeddable":true,"href":"https:\/\/www.manutd-france.com\/v5\/wp-json\/wp\/v2\/users\/1"}],"replies":[{"embeddable":true,"href":"https:\/\/www.manutd-france.com\/v5\/wp-json\/wp\/v2\/comments?post=56"}],"version-history":[{"count":62,"href":"https:\/\/www.manutd-france.com\/v5\/wp-json\/wp\/v2\/pages\/56\/revisions"}],"predecessor-version":[{"id":3179,"href":"https:\/\/www.manutd-france.com\/v5\/wp-json\/wp\/v2\/pages\/56\/revisions\/3179"}],"wp:attachment":[{"href":"https:\/\/www.manutd-france.com\/v5\/wp-json\/wp\/v2\/media?parent=56"}],"curies":[{"name":"wp","href":"https:\/\/api.w.org\/{rel}","templated":true}]}}