{"id":54,"date":"2010-06-11T12:56:16","date_gmt":"2010-06-11T12:56:16","guid":{"rendered":"http:\/\/www.manutd-france.com\/v5\/?page_id=54"},"modified":"2019-07-21T15:24:37","modified_gmt":"2019-07-21T13:24:37","slug":"charte","status":"publish","type":"page","link":"https:\/\/www.manutd-france.com\/v5\/charte\/","title":{"rendered":"Charte"},"content":{"rendered":"<div style=\"float: right; margin-left: 10px;\"><a href=\"https:\/\/twitter.com\/share\" class=\"twitter-share-button\" data-via=\"Muscfrance\" data-count=\"vertical\" data-url=\"https:\/\/www.manutd-france.com\/v5\/charte\/\">Tweet<\/a><\/div>\n<h3>Charte du supporter<\/h3>\n<p><span style=\"font-family: Arial,Helvetica,sans-serif; color: #000000; font-size: x-small;\">Pr\u00e9ambule<\/span><span style=\"font-family: Arial,Helvetica,sans-serif; color: #000000; font-size: x-small;\"><br \/>\nLa charte s\u2019applique en toute circonstance \u00e0 toutes les activit\u00e9s de MUSC-France.<br \/>\nArticle 1<br \/>\nLe supporter fait de chaque rencontre un moment privil\u00e9gi\u00e9, une sorte de f\u00eate, quelle que soit l&rsquo;importance de l&rsquo;enjeu.<br \/>\nArticle 2<br \/>\nLe supporter s\u2019engage \u00e0 respecter les supporters des clubs adverses ainsi que le public dans toutes les activit\u00e9s du club. Il s\u2019engage \u00e0 ne pratiquer aucune discrimination aussi bien \u00e0 l\u2019int\u00e9rieur du club que \u00e0 l\u2019\u00e9gard de tiers.<br \/>\nArticle 3<br \/>\nLe supporter reste digne dans la victoire comme dans la d\u00e9faite, conscient de l&rsquo;influence de son comportement sur le public. Il s\u2019interdit tout acte de d\u00e9gradation et de violence verbale ou physique.<br \/>\nArticle 4<br \/>\nLe supporter a un comportement exempt de tout reproche lors des d\u00e9placements, dans le stade, hors du stade et dans toutes les activit\u00e9s de MUSC-France (en particulier pas d\u2019usage de drogues, et pas de consommation d\u2019alcool au del\u00e0 de la norme autoris\u00e9e sur la route).<br \/>\nArticle 5<br \/>\nLe supporter soutient son club en permanence et en tous lieux.<br \/>\nArticle 6<br \/>\nLe supporter se comporte en v\u00e9ritable ambassadeur du football en aidant \u00e0 faire respecter autour de lui les principes ci-dessus.<br \/>\nArticle 7<br \/>\nTout membre du club ne respectant pas les termes de cette charte pourra \u00eatre sanctionn\u00e9 voir exclu \u00e0 l\u2019appr\u00e9ciation du conseil d\u2019administration.<\/span><\/p>\n<p><span style=\"font-family: Verdana,Arial,Helvetica,sans-serif; color: #000000; font-size: x-small;\">REGLEMENT INTERIEUR DE MUSC FRANCE<\/span><\/p>\n<p><span style=\"font-family: Arial,Helvetica,sans-serif; color: #000000; font-size: x-small;\">L\u2019assembl\u00e9e g\u00e9n\u00e9rale donne mandat au Conseil d\u2019Administration pour \u00e9tablir un r\u00e8glement int\u00e9rieur en vertu de l\u2019article 19 de ses statuts.<\/span><\/p>\n<p><span style=\"font-family: Arial,Helvetica,sans-serif; color: #000000; font-size: x-small;\"> Ce r\u00e8glement sera vis\u00e9 \u00e0 chaque assembl\u00e9e g\u00e9n\u00e9rale.<\/span><\/p>\n<p><span style=\"font-family: Arial,Helvetica,sans-serif; color: #000000; font-size: x-small;\">ADHESION :<\/span><\/p>\n<p><span style=\"font-family: Arial,Helvetica,sans-serif; color: #000000; font-size: x-small;\"> Article 1 &#8211; L\u2019adh\u00e9sion \u00e0 MUSC-France implique le respect et l\u2019acceptation de la charte du supporter annex\u00e9 1 au pr\u00e9sent r\u00e8glement. Le non-respect de la charte peut conduire \u00e0 une suspension des avantages consentis par l\u2019association \u00e0 l\u2019adh\u00e9rent, voire une suspension, \u00e0 l\u2019appr\u00e9ciation du conseil d\u2019administration, souverain.<\/span><\/p>\n<p><span style=\"font-family: Arial,Helvetica,sans-serif; color: #000000; font-size: x-small;\"> Article 2 &#8211; L\u2019adh\u00e9sion comme \u00ab\u00a0match member\u00a0\u00bb \u00e0 MUFC via les soins de MUSC-France ne peut engager la responsabilit\u00e9 de MUSC-France. Elle implique par l\u2019adh\u00e9rent le respect et l\u2019acceptation des conditions et des termes de cette adh\u00e9sion, d\u00e9finis par Manchester United dans son d\u00e9pliant d\u2019adh\u00e9sion (traduction \u00e0 demander). L&rsquo;adh\u00e9rent acc\u00e8pte d&rsquo;\u00eatre t\u00e9nu au courant par mails des actualit\u00e9s (billetterie, compagne d&rsquo;adh\u00e9sion) du supporters club.<\/span><\/p>\n<p><span style=\"font-family: Arial,Helvetica,sans-serif; color: #000000; font-size: x-small;\"> Article 3 &#8211; Les membres du Conseil d\u2019Administration et les adh\u00e9rents agissant pour le compte de l\u2019association sur mandat du bureau de l\u2019association sont couverts par l\u2019assurance civile et p\u00e9nale de l\u2018association. L\u2019association ne peut \u00eatre tenue responsable de toute difficult\u00e9 pouvant \u00eatre rencontr\u00e9e pour l\u2019obtention de billets. Les conditions et la r\u00e9alisation des d\u00e9placements et de l\u2019h\u00e9bergement effectu\u00e9s dans le cadre de l\u2019obtention d\u2019un billet sont de la responsabilit\u00e9 de chaque adh\u00e9rent.<\/span><\/p>\n<p><span style=\"font-family: Arial,Helvetica,sans-serif; color: #000000; font-size: x-small;\"> Article 4 \u2013 Pour b\u00e9n\u00e9ficier des activit\u00e9s et avantages de l\u2019association, les adh\u00e9rents doivent \u00eatre \u00e0 jour de leur cotisation.<\/span><\/p>\n<p><span style=\"font-family: Arial,Helvetica,sans-serif; color: #000000; font-size: x-small;\">Article 5<\/span> &#8211; <span style=\"font-family: Arial,Helvetica,sans-serif; color: #000000; font-size: x-small;\">Peuvent adh\u00e9rer \u00e0 MUSC-France, les personnes de nationalit\u00e9 fran\u00e7aise vivant en France, pour les Belges (<a href=\"https:\/\/muscredflag.be\/\" target=\"_blank\" rel=\"noopener noreferrer\">MUSC Red Flag Belgium<\/a>) ou Suisses francophones (<a href=\"https:\/\/fr-fr.facebook.com\/MuscSuisse\/\" target=\"_blank\" rel=\"noopener noreferrer\">MuscSuisse<\/a>) il y a des branch officiel MUSC dans ces 2 pays.<\/span><\/p>\n<p><span style=\"font-family: Arial,Helvetica,sans-serif; color: #000000; font-size: x-small;\">Article 6<\/span>&#8211; <span style=\"font-family: Arial,Helvetica,sans-serif; color: #000000; font-size: x-small;\">Est radi\u00e9 tout membre n\u2019ayant pas renouvel\u00e9 sa cotisation trois fois cons\u00e9cutivement. Cette radiation est effective apr\u00e8s un rappel au 1er septembre.<\/span><br \/>\n<span style=\"font-family: Arial,Helvetica,sans-serif; color: #000000; font-size: x-small;\">Article 7<\/span>&#8211; <span style=\"font-family: Arial,Helvetica,sans-serif; color: #000000; font-size: x-small;\">Le budget de l&rsquo;association courre du 1\/03 de l\u2019ann\u00e9e n au 28\/02 de l\u2019ann\u00e9e n+1. L\u2019assembl\u00e9e g\u00e9n\u00e9rale doit avoir lieu en mars\/avril pour pr\u00e9parer le d\u00e9but de saison qui commence le 1er juin. L\u2019appel des cotisations peut se faire par anticipation \u00e0 compter du 1er mars. Un rappel \u00e0 cotisation se fait avec l\u2019envoi du compte rendu de l\u2019AG. Le montant des cotisations pour chaque saison est fix\u00e9 par l\u2019assembl\u00e9e g\u00e9n\u00e9rale<\/span><\/p>\n<p><span style=\"font-family: Arial,Helvetica,sans-serif; color: #000000; font-size: x-small;\">BILLETERIE :<\/span><\/p>\n<p><span style=\"font-family: Arial,Helvetica,sans-serif; color: #000000; font-size: x-small;\">Article 8 &#8211; <\/span>MUSC-France est autoris\u00e9 \u00e0 utliser les num\u00e9ros de match member de ses adh\u00e9rents \u00e0 sa disposition pour r\u00e9server les places aupr\u00e8s de MUCF ou pour participer au tirage au sort qui permet l\u2019octroi de billets suppl\u00e9mentaires. Le nombre de places demand\u00e9es \u00e0 MUFC et\/ou au tirage au sort est fix\u00e9 par MUSC-France en fonction du nombre de places qui ont \u00e9t\u00e9 pay\u00e9es \u00e0 l\u2019avance par les adh\u00e9rents.<\/p>\n<p><span style=\"font-family: Arial,Helvetica,sans-serif; color: #000000; font-size: x-small;\">Article 9<\/span>&#8211; Tout adh\u00e9rent de MUSC-France inscrit comme \u00ab\u00a0match member\u00a0\u00bb autorise MUSC-France \u00e0 utiliser son num\u00e9ro au profit d\u2019un autre adh\u00e9rent.<\/p>\n<p><span style=\"font-family: Arial,Helvetica,sans-serif; color: #000000; font-size: x-small;\">Article 10<\/span>&#8211; Ne peuvent b\u00e9n\u00e9ficier des services \u00ab billetterie \u00bb que les membres \u00e0 jour de leur cotisation et inscrits comme \u00ab\u00a0match member\u00a0\u00bb\u00a0 pour les matchs de PL \u00e0 OT et de CL.<br \/>\n<span style=\"font-family: Arial,Helvetica,sans-serif; color: #000000; font-size: x-small;\"><br \/>\n<span style=\"font-family: Arial,Helvetica,sans-serif; color: #000000; font-size: x-small;\">Article 11<\/span>&#8211; L\u2019ordre d\u2019attribution des places en cas de demandes sup\u00e9rieures au nombre de places obtenues est le suivant:<\/span><\/p>\n<p><span style=\"font-family: Arial,Helvetica,sans-serif; color: #000000; font-size: x-small;\">Pour les matchs non class\u00e9s gold, l&rsquo;attribution des places se fait dans l&rsquo;ordre des demandes qui ont fait l&rsquo;objet d&rsquo;un paiement. En cas d&rsquo;\u00e9galit\u00e9 ou de litige, la priorit\u00e9 sera donn\u00e9e \u00e0 l&rsquo;adh\u00e9rent n&rsquo;ayant jamais assist\u00e9 \u00e0 un match.<\/span><\/p>\n<p><span style=\"font-family: Arial,Helvetica,sans-serif; color: #000000; font-size: x-small;\">Pour les matchs class\u00e9s gold:\u00a0<\/span><\/p>\n<ul>\n<li>Les membres inscrit avant le 1er ao\u00fbt<\/li>\n<li>Ceux n&rsquo;ayant pas encore vu de match Gold de la saison<\/li>\n<li>Les membres depuis plusieurs saisons (anciennet\u00e9)<\/li>\n<li>Les demandes de places qui arrivent parmi les 18 premi\u00e8res.<\/li>\n<\/ul>\n<p><span style=\"font-family: Arial,Helvetica,sans-serif; color: #000000; font-size: x-small;\"><br \/>\nArticle 12- Le billet attribu\u00e9 est nominatif au nom du d\u00e9tenteur de la carte One United..<\/span><\/p>\n<p><span style=\"font-family: Arial,Helvetica,sans-serif; color: #000000; font-size: x-small;\">Article 13 &#8211; MUSC- France n\u2019est pas une agence de voyage. Ce sont des b\u00e9n\u00e9voles qui font pour le mieux. L\u2019association ne peut donc \u00eatre tenue responsable en cas de non attribution d\u2019une place ou tout autre probl\u00e8me pouvant survenir dans le processus de billetterie. En cas de contestation, le Conseil d\u2019administration peut \u00eatre saisi<\/span>.<\/p>\n","protected":false},"excerpt":{"rendered":"<p>Tweet Charte du supporter Pr\u00e9ambule La charte s\u2019applique en toute circonstance \u00e0 toutes les activit\u00e9s de MUSC-France. Article 1 Le supporter fait de chaque rencontre un moment privil\u00e9gi\u00e9, une sorte de f\u00eate, quelle que soit l&rsquo;importance de l&rsquo;enjeu. Article 2 Le supporter s\u2019engage \u00e0 respecter les supporters des clubs adverses ainsi que le public dans [&hellip;]<\/p>\n","protected":false},"author":1,"featured_media":0,"parent":0,"menu_order":0,"comment_status":"open","ping_status":"open","template":"","meta":[],"_links":{"self":[{"href":"https:\/\/www.manutd-france.com\/v5\/wp-json\/wp\/v2\/pages\/54"}],"collection":[{"href":"https:\/\/www.manutd-france.com\/v5\/wp-json\/wp\/v2\/pages"}],"about":[{"href":"https:\/\/www.manutd-france.com\/v5\/wp-json\/wp\/v2\/types\/page"}],"author":[{"embeddable":true,"href":"https:\/\/www.manutd-france.com\/v5\/wp-json\/wp\/v2\/users\/1"}],"replies":[{"embeddable":true,"href":"https:\/\/www.manutd-france.com\/v5\/wp-json\/wp\/v2\/comments?post=54"}],"version-history":[{"count":8,"href":"https:\/\/www.manutd-france.com\/v5\/wp-json\/wp\/v2\/pages\/54\/revisions"}],"predecessor-version":[{"id":2551,"href":"https:\/\/www.manutd-france.com\/v5\/wp-json\/wp\/v2\/pages\/54\/revisions\/2551"}],"wp:attachment":[{"href":"https:\/\/www.manutd-france.com\/v5\/wp-json\/wp\/v2\/media?parent=54"}],"curies":[{"name":"wp","href":"https:\/\/api.w.org\/{rel}","templated":true}]}}