{"id":41,"date":"2010-06-01T20:50:49","date_gmt":"2010-06-01T20:50:49","guid":{"rendered":"http:\/\/www.manutd-france.com\/v5\/?page_id=41"},"modified":"2019-08-26T16:48:31","modified_gmt":"2019-08-26T14:48:31","slug":"histoire-old-trafford","status":"publish","type":"page","link":"https:\/\/www.manutd-france.com\/v5\/inside-manchester\/histoire-old-trafford\/","title":{"rendered":"Old Trafford"},"content":{"rendered":"<div style=\"float: right; margin-left: 10px;\"><a href=\"https:\/\/twitter.com\/share\" class=\"twitter-share-button\" data-via=\"Muscfrance\" data-count=\"vertical\" data-url=\"https:\/\/www.manutd-france.com\/v5\/inside-manchester\/histoire-old-trafford\/\">Tweet<\/a><\/div>\n<ul class=\"wp-block-gallery columns-1 is-cropped wp-block-gallery-1 is-layout-flex\"><li class=\"blocks-gallery-item\"><figure><img decoding=\"async\" loading=\"lazy\" width=\"767\" height=\"431\" src=\"https:\/\/www.manutd-france.com\/v5\/wp-content\/uploads\/2019\/08\/OLD.jpg\" alt=\"\" data-id=\"2638\" data-link=\"https:\/\/www.manutd-france.com\/v5\/inside-manchester\/histoire-old-trafford\/old\/\" class=\"wp-image-2638\" srcset=\"https:\/\/www.manutd-france.com\/v5\/wp-content\/uploads\/2019\/08\/OLD.jpg 767w, https:\/\/www.manutd-france.com\/v5\/wp-content\/uploads\/2019\/08\/OLD-300x169.jpg 300w\" sizes=\"(max-width: 767px) 100vw, 767px\" \/><\/figure><\/li><\/ul>\n\n\n\n<p>Old Trafford est le coeur du club. Surnomm\u00e9 le th\u00e9\u00e2tre des r\u00eaves par Bobby Charlton, il est l&rsquo;un des plus beaux stades du monde. Entre h\u00e9ritage et modernit\u00e9, brique rouge et m\u00e9tal rutilant, il repr\u00e9sente l&rsquo;alliance parfaite entre un pass\u00e9 glorieux et un chemin dirig\u00e9 vers l&rsquo;avenir.<\/p>\n\n\n\n<p>Aujourd\u2019hui il peut acceuillir 74 879 \u00e2mes et est d\u00e9coup\u00e9 sobrement en 4 tribunes couvertes et assises. La tribune Sir Alex Ferguson (nord), la tribune  Bobby Charlton (sud) et les tribunes Est et Ouest. Chaque tribune contient deux niveaux \u00e0 l&rsquo;exception de la tribune sud qui n&rsquo;en contient qu&rsquo;un ( pour des restrictions de construction).<\/p>\n\n\n\n<ul class=\"wp-block-gallery columns-1 is-cropped wp-block-gallery-3 is-layout-flex\"><li class=\"blocks-gallery-item\"><figure><img decoding=\"async\" loading=\"lazy\" width=\"1024\" height=\"981\" src=\"https:\/\/www.manutd-france.com\/v5\/wp-content\/uploads\/2019\/08\/aaa-1024x981.jpg\" alt=\"\" data-id=\"2640\" data-link=\"https:\/\/www.manutd-france.com\/v5\/inside-manchester\/histoire-old-trafford\/aaa\/\" class=\"wp-image-2640\" srcset=\"https:\/\/www.manutd-france.com\/v5\/wp-content\/uploads\/2019\/08\/aaa-1024x981.jpg 1024w, https:\/\/www.manutd-france.com\/v5\/wp-content\/uploads\/2019\/08\/aaa-300x287.jpg 300w, https:\/\/www.manutd-france.com\/v5\/wp-content\/uploads\/2019\/08\/aaa-768x736.jpg 768w\" sizes=\"(max-width: 1024px) 100vw, 1024px\" \/><\/figure><\/li><\/ul>\n\n\n\n<p>Mais le th\u00e9\u00e2tre des r\u00eaves n\u2019a pas toujours \u00e9t\u00e9 comme \u00e7a&#8230;<\/p>\n\n\n\n<p><strong>LA GEN\u00c8SE<\/strong><\/p>\n\n\n\n<p>Avant&nbsp;1902,&nbsp;Manchester United&nbsp;est connu sous le nom de Newton Heath. Le club joue ses premiers matchs&nbsp;\u00e0&nbsp;North Road&nbsp;et \u00e0&nbsp;Bank Street, mais les deux terrains sont dans un piteux \u00e9tat. En&nbsp;1909, le nouveau pr\u00e9sident&nbsp;salvateur John Henry Davies&nbsp;d\u00e9cide de construire un nouveau stade jugeant que le terrain de Bank Street&nbsp;\u00ab&nbsp;n&rsquo;est pas convenable pour une \u00e9quipe qui a r\u00e9cemment gagn\u00e9 le&nbsp;championnat&nbsp;et la&nbsp;FA Cup&nbsp;\u00bb. Il choisit de construire sur un terrain bord\u00e9 par le&nbsp;Bridgewater Canal, tout un symbole. C&rsquo;est l&rsquo;architecte&nbsp;Archibald Leitch, qui est charg\u00e9 de la conception du stade. Il imagine une structure pouvant accueillir 100&nbsp;000&nbsp;spectateurs. Estim\u00e9 d&rsquo;abord \u00e0&nbsp;60&nbsp;000&nbsp;livres, les co\u00fbts de construction montent plus les travaux augmentent. Atteindre la capacit\u00e9 de 100&nbsp;000&nbsp;places devient bien trop complexe et la capacit\u00e9 est r\u00e9duite \u00e0 80&nbsp;000 places.<\/p>\n\n\n\n<figure class=\"wp-block-image\"><img decoding=\"async\" loading=\"lazy\" width=\"1024\" height=\"692\" src=\"https:\/\/www.manutd-france.com\/v5\/wp-content\/uploads\/2019\/08\/003769BE-957C-4ECA-9075-8C78DE0B5766-1024x692.jpeg\" alt=\"\" class=\"wp-image-2733\" srcset=\"https:\/\/www.manutd-france.com\/v5\/wp-content\/uploads\/2019\/08\/003769BE-957C-4ECA-9075-8C78DE0B5766-1024x692.jpeg 1024w, https:\/\/www.manutd-france.com\/v5\/wp-content\/uploads\/2019\/08\/003769BE-957C-4ECA-9075-8C78DE0B5766-300x203.jpeg 300w, https:\/\/www.manutd-france.com\/v5\/wp-content\/uploads\/2019\/08\/003769BE-957C-4ECA-9075-8C78DE0B5766-768x519.jpeg 768w, https:\/\/www.manutd-france.com\/v5\/wp-content\/uploads\/2019\/08\/003769BE-957C-4ECA-9075-8C78DE0B5766.jpeg 1534w\" sizes=\"(max-width: 1024px) 100vw, 1024px\" \/><figcaption>Old Trafford 1915<\/figcaption><\/figure>\n\n\n\n<p> Le stade est inaugur\u00e9 le&nbsp;19 f\u00e9vrier&nbsp;1910. Manchester United accueille&nbsp;Liverpool mais s&rsquo;incline 4-3. A cette \u00e9poque Wembley n&rsquo;est pas encore construit, Old Trafford accueillera donc quelques finales de coupe d&rsquo;Angleterre et matchs internationaux. Old Trafford r\u00e9alise m\u00eame l&rsquo;exploit d&rsquo;\u00e9tablir son record d&rsquo;affluence avant guerre \u00e0 l&rsquo;occasion d&rsquo;un match n&rsquo;impliquant pas le club de Manchester United avec la demi-finale de la Coupe d&rsquo;Angleterre entre&nbsp;Wolverhampton &nbsp;et&nbsp;Grimsby Town le 25 mars&nbsp;1939 vu par 76&nbsp;962&nbsp;personnes.<\/p>\n\n\n\n<p><strong>SECONDE GUERRE MONDIALE ET CONS\u00c9QUENCES<\/strong><\/p>\n\n\n\n<p> Durant la&nbsp;Seconde Guerre mondiale, L&rsquo;arm\u00e9e r\u00e9quisitionne Old Trafford et l&rsquo;utilise comme d\u00e9p\u00f4t. Des matchs de football continuent \u00e0 y \u00eatre jou\u00e9 jusqu&rsquo;aux bombardements allemands de 1940&nbsp;qui endommagent le stade. Manchester United trouve alors refuge sur le terrain de Stockport. Un nouveau raid allemand le&nbsp;11 mars&nbsp;1941&nbsp;d\u00e9truit une grande partie du stade, rendant le terrain impraticable et la r\u00e9habilitation longue. Pendant la reconstruction du stade, Manchester United joue ses matchs \u00e0 domicile \u00e0&nbsp;Maine Road, le stade de&nbsp;Manchester City. Old Trafford rouvre ses portes 9ans plus tard apr\u00e8s qu&rsquo;aucun match de championnat n&rsquo;a \u00e9t\u00e9 jou\u00e9 dans le stade. le premier match se termine cette fois par une victoire contre Bolton.<\/p>\n\n\n\n<figure class=\"wp-block-image\"><img decoding=\"async\" loading=\"lazy\" width=\"1024\" height=\"758\" src=\"https:\/\/www.manutd-france.com\/v5\/wp-content\/uploads\/2019\/08\/7C788F37-D70F-4686-80B7-EFDE9B49FDE0-1024x758.jpeg\" alt=\"\" class=\"wp-image-2735\" srcset=\"https:\/\/www.manutd-france.com\/v5\/wp-content\/uploads\/2019\/08\/7C788F37-D70F-4686-80B7-EFDE9B49FDE0-1024x758.jpeg 1024w, https:\/\/www.manutd-france.com\/v5\/wp-content\/uploads\/2019\/08\/7C788F37-D70F-4686-80B7-EFDE9B49FDE0-300x222.jpeg 300w, https:\/\/www.manutd-france.com\/v5\/wp-content\/uploads\/2019\/08\/7C788F37-D70F-4686-80B7-EFDE9B49FDE0-768x568.jpeg 768w, https:\/\/www.manutd-france.com\/v5\/wp-content\/uploads\/2019\/08\/7C788F37-D70F-4686-80B7-EFDE9B49FDE0.jpeg 1505w\" sizes=\"(max-width: 1024px) 100vw, 1024px\" \/><figcaption>Old Trafford sous les bombes<\/figcaption><\/figure>\n\n\n\n<p><strong>L\u2019APR\u00c8S : ENTRE MODERNISATION ET H\u00c9RITAGE<\/strong> <\/p>\n\n\n\n<p>Par la suite, Old Trafford connait une s\u00e9rie d&rsquo;am\u00e9liorations importantes, agrandissement, suppression des poteaux, rajout de toits et projecteurs. Lister ici l\u2019ensemble des changements serait fastidieux et ennuyant, mais le constat est clair. Old Trafford a \u00e9t\u00e9 oblig\u00e9 par le temps, les \u00e9volutions technologiques et techniques et par les changements de m\u0153urs de se moderniser. <\/p>\n\n\n\n<ul class=\"wp-block-gallery columns-1 is-cropped wp-block-gallery-5 is-layout-flex\"><li class=\"blocks-gallery-item\"><figure><img decoding=\"async\" loading=\"lazy\" width=\"1024\" height=\"783\" src=\"https:\/\/www.manutd-france.com\/v5\/wp-content\/uploads\/2019\/08\/EB972CDA-BC22-4CCF-B848-EF76EB2E39D0-1024x783.jpeg\" alt=\"\" data-id=\"2736\" class=\"wp-image-2736\" srcset=\"https:\/\/www.manutd-france.com\/v5\/wp-content\/uploads\/2019\/08\/EB972CDA-BC22-4CCF-B848-EF76EB2E39D0-1024x783.jpeg 1024w, https:\/\/www.manutd-france.com\/v5\/wp-content\/uploads\/2019\/08\/EB972CDA-BC22-4CCF-B848-EF76EB2E39D0-300x229.jpeg 300w, https:\/\/www.manutd-france.com\/v5\/wp-content\/uploads\/2019\/08\/EB972CDA-BC22-4CCF-B848-EF76EB2E39D0-768x587.jpeg 768w, https:\/\/www.manutd-france.com\/v5\/wp-content\/uploads\/2019\/08\/EB972CDA-BC22-4CCF-B848-EF76EB2E39D0.jpeg 1533w\" sizes=\"(max-width: 1024px) 100vw, 1024px\" \/><\/figure><\/li><\/ul>\n\n\n\n<figure class=\"wp-block-image\"><img decoding=\"async\" loading=\"lazy\" width=\"1024\" height=\"1024\" src=\"https:\/\/www.manutd-france.com\/v5\/wp-content\/uploads\/2019\/08\/A115757E-85B7-4E91-B18C-BA68BA413A50-1024x1024.jpeg\" alt=\"\" class=\"wp-image-2739\" srcset=\"https:\/\/www.manutd-france.com\/v5\/wp-content\/uploads\/2019\/08\/A115757E-85B7-4E91-B18C-BA68BA413A50-1024x1024.jpeg 1024w, https:\/\/www.manutd-france.com\/v5\/wp-content\/uploads\/2019\/08\/A115757E-85B7-4E91-B18C-BA68BA413A50-150x150.jpeg 150w, https:\/\/www.manutd-france.com\/v5\/wp-content\/uploads\/2019\/08\/A115757E-85B7-4E91-B18C-BA68BA413A50-300x300.jpeg 300w, https:\/\/www.manutd-france.com\/v5\/wp-content\/uploads\/2019\/08\/A115757E-85B7-4E91-B18C-BA68BA413A50-768x769.jpeg 768w, https:\/\/www.manutd-france.com\/v5\/wp-content\/uploads\/2019\/08\/A115757E-85B7-4E91-B18C-BA68BA413A50.jpeg 1269w\" sizes=\"(max-width: 1024px) 100vw, 1024px\" \/><\/figure>\n\n\n\n<figure class=\"wp-block-image\"><img decoding=\"async\" loading=\"lazy\" width=\"1024\" height=\"768\" src=\"https:\/\/www.manutd-france.com\/v5\/wp-content\/uploads\/2019\/08\/0F740447-C857-4D48-8E2C-AA74BB588FFE-1024x768.jpeg\" alt=\"\" class=\"wp-image-2740\" srcset=\"https:\/\/www.manutd-france.com\/v5\/wp-content\/uploads\/2019\/08\/0F740447-C857-4D48-8E2C-AA74BB588FFE-1024x768.jpeg 1024w, https:\/\/www.manutd-france.com\/v5\/wp-content\/uploads\/2019\/08\/0F740447-C857-4D48-8E2C-AA74BB588FFE-300x225.jpeg 300w, https:\/\/www.manutd-france.com\/v5\/wp-content\/uploads\/2019\/08\/0F740447-C857-4D48-8E2C-AA74BB588FFE-768x576.jpeg 768w, https:\/\/www.manutd-france.com\/v5\/wp-content\/uploads\/2019\/08\/0F740447-C857-4D48-8E2C-AA74BB588FFE.jpeg 1462w\" sizes=\"(max-width: 1024px) 100vw, 1024px\" \/><\/figure>\n\n\n\n<figure class=\"wp-block-image\"><img decoding=\"async\" loading=\"lazy\" width=\"1024\" height=\"659\" src=\"https:\/\/www.manutd-france.com\/v5\/wp-content\/uploads\/2019\/08\/1C6AECD5-81A8-4AD1-BB56-8DAD084037C9-1024x659.jpeg\" alt=\"\" class=\"wp-image-2741\" srcset=\"https:\/\/www.manutd-france.com\/v5\/wp-content\/uploads\/2019\/08\/1C6AECD5-81A8-4AD1-BB56-8DAD084037C9-1024x659.jpeg 1024w, https:\/\/www.manutd-france.com\/v5\/wp-content\/uploads\/2019\/08\/1C6AECD5-81A8-4AD1-BB56-8DAD084037C9-300x193.jpeg 300w, https:\/\/www.manutd-france.com\/v5\/wp-content\/uploads\/2019\/08\/1C6AECD5-81A8-4AD1-BB56-8DAD084037C9-768x494.jpeg 768w, https:\/\/www.manutd-france.com\/v5\/wp-content\/uploads\/2019\/08\/1C6AECD5-81A8-4AD1-BB56-8DAD084037C9-80x50.jpeg 80w, https:\/\/www.manutd-france.com\/v5\/wp-content\/uploads\/2019\/08\/1C6AECD5-81A8-4AD1-BB56-8DAD084037C9.jpeg 1920w\" sizes=\"(max-width: 1024px) 100vw, 1024px\" \/><\/figure>\n\n\n\n<p>depuis la fin de la seconde guerre mondiale le stade a constamment \u00e9volu\u00e9. Des \u00e9volutions furent rapides et logiques, d&rsquo;autres furent plus progressives et m\u00eame impos\u00e9es par la norme soci\u00e9tale. Apr\u00e8s la terrible trag\u00e9die d&rsquo;Hillsborough le stade passa enti\u00e8rement avec des places assises. Un changement radical mais n\u00e9cessaire qui transforma encore un peu plus le stade pour qu&rsquo;il devienne tel qu&rsquo;il est aujourd&rsquo;hui. <\/p>\n\n\n\n<ul class=\"wp-block-gallery columns-1 is-cropped wp-block-gallery-7 is-layout-flex\"><li class=\"blocks-gallery-item\"><figure><img decoding=\"async\" loading=\"lazy\" width=\"655\" height=\"1024\" src=\"https:\/\/www.manutd-france.com\/v5\/wp-content\/uploads\/2019\/08\/8752C80D-B32C-4942-AF98-E6A7EF9BE6DA-655x1024.jpeg\" alt=\"\" data-id=\"2742\" data-link=\"https:\/\/www.manutd-france.com\/v5\/inside-manchester\/histoire-old-trafford\/8752c80d-b32c-4942-af98-e6a7ef9be6da\/\" class=\"wp-image-2742\" srcset=\"https:\/\/www.manutd-france.com\/v5\/wp-content\/uploads\/2019\/08\/8752C80D-B32C-4942-AF98-E6A7EF9BE6DA-655x1024.jpeg 655w, https:\/\/www.manutd-france.com\/v5\/wp-content\/uploads\/2019\/08\/8752C80D-B32C-4942-AF98-E6A7EF9BE6DA-192x300.jpeg 192w, https:\/\/www.manutd-france.com\/v5\/wp-content\/uploads\/2019\/08\/8752C80D-B32C-4942-AF98-E6A7EF9BE6DA-768x1200.jpeg 768w, https:\/\/www.manutd-france.com\/v5\/wp-content\/uploads\/2019\/08\/8752C80D-B32C-4942-AF98-E6A7EF9BE6DA.jpeg 1145w\" sizes=\"(max-width: 655px) 100vw, 655px\" \/><\/figure><\/li><\/ul>\n\n\n\n<p>Au fil des ans, Old Trafford s&rsquo;est m\u00e9tamorphos\u00e9 jusqu&rsquo;\u00e0 atteindre une forme qui pourrait \u00eatre compar\u00e9e \u00e0 celle qu&rsquo;on lui connait aujourd&rsquo;hui en perdant des \u00e9l\u00e9ments d&rsquo;architecture en en gagnant et en perdant malheureusement de la place (60 000 en 1980 contre 80 000 \u00e0 l&rsquo;origine). Mais avant d&rsquo;\u00eatre compl\u00e8tement identique, le stade a connu une derni\u00e8re \u00ab\u00a0op\u00e9ration\u00a0\u00bb. Cette fois dans une volont\u00e9 d&rsquo;extension <\/p>\n\n\n\n<p>Entre juillet 2005 et mai 2006 Old Trafford  voit une augmentation de 8&nbsp;000&nbsp;si\u00e8ges avec l&rsquo;ajout de deuxi\u00e8mes niveaux aux quarts de cercles situ\u00e9s au nord-ouest et nord-est du stade. Elle porte la capacit\u00e9 du stade \u00e0 76&nbsp;000&nbsp;places dont 8&nbsp;000 si\u00e8ges luxueux. La plupart des nouvelles places assises sont utilis\u00e9es pour la premi\u00e8re fois le&nbsp;26&nbsp;mars&nbsp;2006&nbsp;lorsque l&rsquo;affluence atteint 69&nbsp;070&nbsp;spectateurs, un nouveau record d&rsquo;affluence pour un match du championnat d&rsquo;Angleterre.<\/p>\n\n\n\n<p>En&nbsp;2012, Old Trafford devient l&rsquo;un des premiers stades de football \u00e0 r\u00e9pondre \u00e0 la norme ISO 20121&nbsp;: \u00ab&nbsp;Syst\u00e8mes de management responsable appliqu\u00e9s \u00e0 l\u2019activit\u00e9 \u00e9v\u00e9nementielle \u2013 Exigences et recommandations de mise en \u0153uvre&nbsp;\u00bb.<\/p>\n\n\n\n<p>Le th\u00e9\u00e2tre des r\u00eaves n\u2019a pas reni\u00e9 ses origines pour autant et les caract\u00e9ristiques principales du stade sont rest\u00e9es \u00e0 travers le temps. Encore aujourd&rsquo;hui, Old Trafford conserve des marques de ses diff\u00e9rentes \u00e9volutions. Le th\u00e9\u00e2tre des r\u00eaves est devenu un stade moderne aux allures de vestige du pass\u00e9 voil\u00e0 ce qu\u2019il est. Il t\u00e9moigne de l\u2019histoire du club, NOTRE histoire. <\/p>\n\n\n\n<p><strong>ORGANISATION ET ELEMENTS A NE PAS RATER<\/strong><\/p>\n\n\n\n<p><strong>TRIBUNE NORD<\/strong> : Autrefois connue sous le nom de tribune&nbsp;<em>United Road<\/em>, la tribune Nord est la tribune du stade qui peut contenir le plus de supporteurs avec presque 26&nbsp;000&nbsp;si\u00e8ges disponibles. En tant que tribune principale, elle contient trois niveaux et une grande partie des \u00e9quipements les plus populaires comme le&nbsp;<em>Red Caf\u00e9<\/em>, restaurant bar au th\u00e8me de&nbsp;Manchester United, le mus\u00e9e ( premier au monde) et la salle des&nbsp;troph\u00e9es.  La tribune nord est rebaptis\u00e9e Sir Alex Ferguson Stand \u00c0 l&rsquo;occasion de l&rsquo;anniversaire des 25&nbsp;ans au club de&nbsp;Sir Alex Ferguson, signe de la volont\u00e9 du club de remercier le coach l\u00e9gendaire.<\/p>\n\n\n\n<p><strong>TRIBUNE SUD<\/strong>:  \u00c0 l&rsquo;origine, elle est la tribune principale du stade. Renomm\u00e9e Tribune Bobby Charlton en&nbsp;2016 elle reste actuellement avec un seul niveau, mais c&rsquo;est elle qui contient le plus de loges. Elle est r\u00e9serv\u00e9e \u00e0 l&rsquo;accueil des&nbsp;V.I.P&nbsp;des journalistes et des cam\u00e9ras de t\u00e9l\u00e9vision. Les studios TV sont plac\u00e9s \u00e0 chaque extr\u00e9mit\u00e9 de la tribune. <\/p>\n\n\n\n<p>Les bancs sont au centre de la tribune Sud, \u00e0 un niveau plus haut que celui du terrain pour donner au manager et ses entra\u00eeneurs une vue sur\u00e9lev\u00e9e du match. Le banc de chaque \u00e9quipe est situ\u00e9 de part et d&rsquo;autre de l&rsquo;ancien tunnel. Utilis\u00e9 jusqu&rsquo;en&nbsp;1993, il constitue la seule partie restante du vieux stade de 1910, il a surv\u00e9cu aux bombardements qui ont d\u00e9truit une grande partie du stade pendant la&nbsp;Seconde Guerre mondiale. Le&nbsp;6 f\u00e9vrier&nbsp;2008, le tunnel est renomm\u00e9 le&nbsp;\u00ab&nbsp;<em>Munich Tunnel<\/em>&nbsp;\u00bb, comme m\u00e9morial pour le cinquanti\u00e8me anniversaire du&nbsp;crash a\u00e9rien de Munich en 1958. Situ\u00e9 dans le sud-ouest de terrain, le tunnel actuel m\u00e8ne, via la zone d&rsquo;interview, vers les vestiaires, \u00e0 c\u00f4t\u00e9 duquel se trouve une cr\u00e8che pour garder les enfants des joueurs pendant le match. Il sert aussi d&rsquo;entr\u00e9e pour les services de secours. Lorsque de larges v\u00e9hicules ont besoin de rentrer sur le terrain, la largeur du tunnel peut \u00eatre augment\u00e9e \u00e0 25 m\u00e8tres.<\/p>\n\n\n\n<p><strong>TRIBUNE EST<\/strong>: La tribune Est constitue, apr\u00e8s la tribune Nord, la seconde tribune du stade Old Trafford \u00e0 avoir \u00e9t\u00e9 couverte d&rsquo;un toit en&nbsp;porte-\u00e0-faux. Le tableau d&rsquo;affichage est situ\u00e9 dans cette tribune. Elle peut actuellement accueillir presque 12&nbsp;000&nbsp;supporters et est l&#8217;emplacement de la section des supporters handicap\u00e9s et des supporters de l&rsquo;\u00e9quipe adverse. <\/p>\n\n\n\n<p><strong>TRIBUNE OUEST:<\/strong> La tribune Ouest appel\u00e9e\u00a0Stretford End, est la plus connue des tribunes d&rsquo;Old Trafford. Traditionnellement, elle est le rep\u00e8re des plus fervents supporters de Manchester United, et de ceux qui font le plus de bruit. Originellement pr\u00e9vue pour recevoir 20\u00a0000\u00a0supporters, la tribune Stretford End a \u00e9t\u00e9 la derni\u00e8re \u00e0 \u00eatre couverte et aussi la derni\u00e8re \u00e0 poss\u00e9der des places debout avant le changement obligatoire des ann\u00e9es 1990. La Stretford End fait partie int\u00e9grante de la culture du club.\u00a0Denis Law, qui a marqu\u00e9 l&rsquo;histoire du club, surnomm\u00e9\u00a0\u00ab\u00a0<em>King of the Stretford End<\/em>\u00a0\u00bb, est repr\u00e9sent\u00e9 par une statue qui se trouve dans la partie sup\u00e9rieure de la tribune. Le second joueur \u00e0 \u00eatre surnomm\u00e9\u00a0\u00ab\u00a0<em>King of the Stretford End<\/em>\u00a0\u00bb\u00a0est\u00a0\u00c9ric Cantona. C&rsquo;est le coeur de l&rsquo;ambiance juste derri\u00e8re les buts, les adversaires peuvent subitement devenir timides face \u00e0 la ferveur de nos fans.<\/p>\n\n\n\n<p><strong>MONUMENTS COMM\u00c9MORATIFS<\/strong><\/p>\n\n\n\n<p>Old Trafford est aussi un lieu de m\u00e9moire. Le pass\u00e9 est partout et pas seulement avec les briques. Deux \u00e9l\u00e9ments viennent rappeler le plus triste \u00e9v\u00e9nement ayant touch\u00e9 le club, le crash de Munich. Une plaque avec les noms des joueurs ayant perdu la vie dans l&rsquo;accident et une horloge arr\u00eat\u00e9 a l&rsquo;heure de la trag\u00e9die.<\/p>\n\n\n\n<figure class=\"wp-block-image\"><img decoding=\"async\" loading=\"lazy\" width=\"1024\" height=\"792\" src=\"https:\/\/www.manutd-france.com\/v5\/wp-content\/uploads\/2019\/08\/plaque-1-1024x792.jpg\" alt=\"\" class=\"wp-image-2759\" srcset=\"https:\/\/www.manutd-france.com\/v5\/wp-content\/uploads\/2019\/08\/plaque-1.jpg 1024w, https:\/\/www.manutd-france.com\/v5\/wp-content\/uploads\/2019\/08\/plaque-1-300x232.jpg 300w, https:\/\/www.manutd-france.com\/v5\/wp-content\/uploads\/2019\/08\/plaque-1-768x594.jpg 768w\" sizes=\"(max-width: 1024px) 100vw, 1024px\" \/><figcaption>plaque comm\u00e9morative <\/figcaption><\/figure>\n\n\n\n<figure class=\"wp-block-image\"><img decoding=\"async\" loading=\"lazy\" width=\"1024\" height=\"683\" src=\"https:\/\/www.manutd-france.com\/v5\/wp-content\/uploads\/2019\/08\/clock-1024x683.jpg\" alt=\"\" class=\"wp-image-2760\" srcset=\"https:\/\/www.manutd-france.com\/v5\/wp-content\/uploads\/2019\/08\/clock-1024x683.jpg 1024w, https:\/\/www.manutd-france.com\/v5\/wp-content\/uploads\/2019\/08\/clock-300x200.jpg 300w, https:\/\/www.manutd-france.com\/v5\/wp-content\/uploads\/2019\/08\/clock-768x512.jpg 768w\" sizes=\"(max-width: 1024px) 100vw, 1024px\" \/><figcaption>Horloge<\/figcaption><\/figure>\n\n\n\n<p>Bien s\u00fbr United n&rsquo;est pas qu&rsquo;un condens\u00e9 de tristesse, De nombreuses l\u00e9gendes sont pass\u00e9s par le th\u00e9\u00e2tre des r\u00eaves mais seulement les plus illustres poss\u00e8dent une statue. Deux managers et trois joueurs sont ainsi mis \u00e0 l&rsquo;honneur.<\/p>\n\n\n\n<figure class=\"wp-block-image\"><img decoding=\"async\" loading=\"lazy\" width=\"768\" height=\"1024\" src=\"https:\/\/www.manutd-france.com\/v5\/wp-content\/uploads\/2019\/08\/busby-768x1024.jpg\" alt=\"\" class=\"wp-image-2761\" srcset=\"https:\/\/www.manutd-france.com\/v5\/wp-content\/uploads\/2019\/08\/busby.jpg 768w, https:\/\/www.manutd-france.com\/v5\/wp-content\/uploads\/2019\/08\/busby-225x300.jpg 225w\" sizes=\"(max-width: 768px) 100vw, 768px\" \/><figcaption>Sir Matt Busby<\/figcaption><\/figure>\n\n\n\n<figure class=\"wp-block-image\"><img decoding=\"async\" loading=\"lazy\" width=\"964\" height=\"645\" src=\"https:\/\/www.manutd-france.com\/v5\/wp-content\/uploads\/2019\/08\/alexferguson.jpg\" alt=\"\" class=\"wp-image-2762\" srcset=\"https:\/\/www.manutd-france.com\/v5\/wp-content\/uploads\/2019\/08\/alexferguson.jpg 964w, https:\/\/www.manutd-france.com\/v5\/wp-content\/uploads\/2019\/08\/alexferguson-300x201.jpg 300w, https:\/\/www.manutd-france.com\/v5\/wp-content\/uploads\/2019\/08\/alexferguson-768x514.jpg 768w\" sizes=\"(max-width: 964px) 100vw, 964px\" \/><figcaption>Sir Alex Ferguson<\/figcaption><\/figure>\n\n\n\n<figure class=\"wp-block-image\"><img decoding=\"async\" loading=\"lazy\" width=\"600\" height=\"402\" src=\"https:\/\/www.manutd-france.com\/v5\/wp-content\/uploads\/2019\/08\/united-trinity.jpg\" alt=\"\" class=\"wp-image-2763\" srcset=\"https:\/\/www.manutd-france.com\/v5\/wp-content\/uploads\/2019\/08\/united-trinity.jpg 600w, https:\/\/www.manutd-france.com\/v5\/wp-content\/uploads\/2019\/08\/united-trinity-300x201.jpg 300w\" sizes=\"(max-width: 600px) 100vw, 600px\" \/><figcaption>United Trinity<\/figcaption><\/figure>\n","protected":false},"excerpt":{"rendered":"<p>Tweet Old Trafford est le coeur du club. Surnomm\u00e9 le th\u00e9\u00e2tre des r\u00eaves par Bobby Charlton, il est l&rsquo;un des plus beaux stades du monde. Entre h\u00e9ritage et modernit\u00e9, brique rouge et m\u00e9tal rutilant, il repr\u00e9sente l&rsquo;alliance parfaite entre un pass\u00e9 glorieux et un chemin dirig\u00e9 vers l&rsquo;avenir. Aujourd\u2019hui il peut acceuillir 74 879 \u00e2mes [&hellip;]<\/p>\n","protected":false},"author":1,"featured_media":0,"parent":35,"menu_order":70,"comment_status":"open","ping_status":"open","template":"","meta":[],"_links":{"self":[{"href":"https:\/\/www.manutd-france.com\/v5\/wp-json\/wp\/v2\/pages\/41"}],"collection":[{"href":"https:\/\/www.manutd-france.com\/v5\/wp-json\/wp\/v2\/pages"}],"about":[{"href":"https:\/\/www.manutd-france.com\/v5\/wp-json\/wp\/v2\/types\/page"}],"author":[{"embeddable":true,"href":"https:\/\/www.manutd-france.com\/v5\/wp-json\/wp\/v2\/users\/1"}],"replies":[{"embeddable":true,"href":"https:\/\/www.manutd-france.com\/v5\/wp-json\/wp\/v2\/comments?post=41"}],"version-history":[{"count":20,"href":"https:\/\/www.manutd-france.com\/v5\/wp-json\/wp\/v2\/pages\/41\/revisions"}],"predecessor-version":[{"id":2764,"href":"https:\/\/www.manutd-france.com\/v5\/wp-json\/wp\/v2\/pages\/41\/revisions\/2764"}],"up":[{"embeddable":true,"href":"https:\/\/www.manutd-france.com\/v5\/wp-json\/wp\/v2\/pages\/35"}],"wp:attachment":[{"href":"https:\/\/www.manutd-france.com\/v5\/wp-json\/wp\/v2\/media?parent=41"}],"curies":[{"name":"wp","href":"https:\/\/api.w.org\/{rel}","templated":true}]}}