{"id":2781,"date":"2019-08-27T00:45:45","date_gmt":"2019-08-26T22:45:45","guid":{"rendered":"http:\/\/www.manutd-france.com\/v5\/?page_id=2781"},"modified":"2019-08-27T02:05:44","modified_gmt":"2019-08-27T00:05:44","slug":"rivalites","status":"publish","type":"page","link":"https:\/\/www.manutd-france.com\/v5\/inside-manchester\/rivalites\/","title":{"rendered":"Rivalit\u00e9s"},"content":{"rendered":"<div style=\"float: right; margin-left: 10px;\"><a href=\"https:\/\/twitter.com\/share\" class=\"twitter-share-button\" data-via=\"Muscfrance\" data-count=\"vertical\" data-url=\"https:\/\/www.manutd-france.com\/v5\/inside-manchester\/rivalites\/\">Tweet<\/a><\/div>\n<p><strong>Manchester United-Liverpool<\/strong><\/p>\n\n\n\n<p>La plus connue des rivalit\u00e9s s&rsquo;appelle le \u00ab\u00a0Derby of England\u00a0\u00bb qui est tout simplement le plus grand derby du Royaume. Une rivalit\u00e9 bien ancienne mais toujours bien r\u00e9elle. C&rsquo;est d&rsquo;ailleurs le match le plus regard\u00e9 dans le monde avec environ 600 millions de spectateurs dans 211 pays diff\u00e9rents.<\/p>\n\n\n\n<p>La rivalit\u00e9 va plus loin que le football. Pourtant, au premier abord, les deux villes se ressemblent. Dans leur g\u00e9ographie, leur histoire, leur \u00e9conomie et m\u00eame leur culture. Ce qui aurait pu faire de ces deux villes des alli\u00e9s en a pourtant fait des ennemis.<\/p>\n\n\n\n<p>Tout commence avec la rivalit\u00e9 \u00e9conomique pendant la r\u00e9volution industrielle. Liverpool est un des plus grands ports d&rsquo;Angleterre et Manchester plus recul\u00e9 dans les terres, est d\u00e9pendant de ce dernier pour ses activit\u00e9s \u00e9conomiques. Lass\u00e9 de pay\u00e9 des taxes exorbitantes, la ville de Manchester va construire en 1894 un canal qui permet d&rsquo;amener directement les marchandises \u00e0 Manchester et aux usines de cotons. En faisant cela, la ville se d\u00e9fait de l&#8217;emprise de Liverpool. Les deux villes apr\u00e8s avoir collabor\u00e9 deviennent concurrentes.<\/p>\n\n\n\n<p>Alors que Liverpool s&rsquo;\u00e9tait affirm\u00e9 comme le plus grand port du monde, la ville doit donc faire face \u00e0 son voisin Manchester qui va tr\u00e8s vite s&rsquo;imposer comme le plus producteur de l&rsquo;industrie textile. Les r\u00f4les s&rsquo;inversent, Manchester devient plus puissant que Liverpool et cela ne changera jamais plu. <\/p>\n\n\n\n<p>Pourtant ce n&rsquo;est pas faute d&rsquo;avoir essay\u00e9. Si la rivalit\u00e9 \u00e9conomique n&rsquo;est plus, elle devient culturelle. <\/p>\n\n\n\n<p>Liverpool profite du succ\u00e8s plan\u00e9taire des Beattles pour exposer sa ville aux yeux du monde. Manchester r\u00e9plique avec des groupes eux aussi iconiques tel que les The Smiths, Stones and roses ou Oasis. <\/p>\n\n\n\n<p>C&rsquo;est l\u00e0 que le football devient le nouveau cheval de bataille. \u00c0 la mode, ce sport devient un moyen pour les deux cit\u00e9s de se livrer une guerre sans merci. Dans les ann\u00e9es 70-80 c&rsquo;est Liverpool qui l&#8217;emporte largement en dominant le football anglais. Mais comme cela avait \u00e9t\u00e9 le cas auparavant avec l&rsquo;\u00e9conomie, Manchester revient et \u00e9crase son rival sur les d\u00e9cennies qui suivent. \u00c0 son arriv\u00e9e \u00e0 la t\u00eate de Manchester United, Sir Alex Ferguson avait d\u00e9clar\u00e9 \u00ab\u00a0Nous allons faire descendre Liverpool de son Putin de perchoir.\u00a0\u00bb Et c&rsquo;est exactement ce qu&rsquo;il fit en remportant 21 troph\u00e9e domestiques majeurs en 18 ans d\u00e9passant ainsi Liverpool et devenant le club le plus titr\u00e9 d&rsquo;Angleterre.<\/p>\n\n\n\n<p><strong>Manchester United-Manchester City<\/strong><\/p>\n\n\n\n<p>Le \u00ab\u00a0Derby de Manchester\u00a0\u00bb n&rsquo;est devenu une rivalit\u00e9  que tr\u00e8s r\u00e9cemment. Historiquement c&rsquo;est loin d&rsquo;\u00eatre la plus importante des rivalit\u00e9s de MUFC m\u00eame si aujourd&rsquo;hui elle a une saveur toute particuli\u00e8re.<\/p>\n\n\n\n<p>Au d\u00e9but, il n&rsquo;\u00e9tait m\u00eame pas question de rivalit\u00e9 mais seulement de clubs voisins qui \u00e9voluaient tant\u00f4t dans le m\u00eame championnat tant\u00f4t dans une division diff\u00e9rente. Dans le d\u00e9but des ann\u00e9es 1900, City avait \u00e9t\u00e9 reconnu coupable dans une histoire de scandale financier et 17 joueurs avaient m\u00eame \u00e9t\u00e9 suspendus et bannis de Manchester City. Pas grave une fois la sanction termin\u00e9e 4 d&rsquo;entre eux sont all\u00e9s jouer pour Manchester United et ont permis a la partie rouge de la ville de remporter leur premier titre en 1908. Avant la premi\u00e8re guerre mondiale il n&rsquo;\u00e9tait pas rare de voir des supporters aller voir United un week-end et City le suivant. Manchester United a m\u00eame jou\u00e9 a de nombreuses reprise dans le stade de City et personne n&rsquo;y voyait d&rsquo;inconv\u00e9nients. <\/p>\n\n\n\n<p>La rivalit\u00e9 s&rsquo;est progressivement intensifi\u00e9 apr\u00e8s la deuxi\u00e8me guerre mondiale pour atteindre des sommets dans les ann\u00e9es 70. Les Derby de cet \u00e9poque \u00e9taient extr\u00eamement violent et par exemple un tacle de George Best sur Glyn Pardoe avait failli finir en amputation pour ce dernier. de nombreux autres incident eurent lieux et piment\u00e8rent toujours un peu plus ces rencontres.<\/p>\n\n\n\n<p>Il y eut un moment tr\u00e8s ironique et cruel dans l&rsquo;histoire du derby de Manchester. Alors que MU tentait d&rsquo;\u00e9viter la rel\u00e9gation en fin de saison, et avait absolument besoin d&rsquo;une victoire, Denis Law pass\u00e9 \u00e0 City apr\u00e8s avoir fait toute sa carri\u00e8re \u00e0 United marqua contre son ancien club dans les 10 derni\u00e8res minutes du match. Ce fut le dernier match de sa carri\u00e8re et le match qui fit descendre Manchester United en deuxi\u00e8me division <\/p>\n\n\n\n<p>Par la suite, dans les ann\u00e9es 80,90 le derby \u00e9tait largement domin\u00e9 par United. Et si les ann\u00e9es 2000 ont vu des matchs plut\u00f4t \u00e9quilibr\u00e9s, c&rsquo;est \u00e0 partir de 2010 et du rachat de City que les probl\u00e8mes commenc\u00e8rent pour United. C&rsquo;est cette r\u00e9cente mont\u00e9e en puissance qui permis \u00e0 City de remporter des troph\u00e9es majeurs tandis qu&rsquo;United restait bredouile. <\/p>\n\n\n\n<p><\/p>\n\n\n\n<p>Manchester United-Arsenal<\/p>\n","protected":false},"excerpt":{"rendered":"<p>Tweet Manchester United-Liverpool La plus connue des rivalit\u00e9s s&rsquo;appelle le \u00ab\u00a0Derby of England\u00a0\u00bb qui est tout simplement le plus grand derby du Royaume. Une rivalit\u00e9 bien ancienne mais toujours bien r\u00e9elle. C&rsquo;est d&rsquo;ailleurs le match le plus regard\u00e9 dans le monde avec environ 600 millions de spectateurs dans 211 pays diff\u00e9rents. La rivalit\u00e9 va plus [&hellip;]<\/p>\n","protected":false},"author":19,"featured_media":0,"parent":35,"menu_order":0,"comment_status":"closed","ping_status":"closed","template":"","meta":[],"_links":{"self":[{"href":"https:\/\/www.manutd-france.com\/v5\/wp-json\/wp\/v2\/pages\/2781"}],"collection":[{"href":"https:\/\/www.manutd-france.com\/v5\/wp-json\/wp\/v2\/pages"}],"about":[{"href":"https:\/\/www.manutd-france.com\/v5\/wp-json\/wp\/v2\/types\/page"}],"author":[{"embeddable":true,"href":"https:\/\/www.manutd-france.com\/v5\/wp-json\/wp\/v2\/users\/19"}],"replies":[{"embeddable":true,"href":"https:\/\/www.manutd-france.com\/v5\/wp-json\/wp\/v2\/comments?post=2781"}],"version-history":[{"count":3,"href":"https:\/\/www.manutd-france.com\/v5\/wp-json\/wp\/v2\/pages\/2781\/revisions"}],"predecessor-version":[{"id":2784,"href":"https:\/\/www.manutd-france.com\/v5\/wp-json\/wp\/v2\/pages\/2781\/revisions\/2784"}],"up":[{"embeddable":true,"href":"https:\/\/www.manutd-france.com\/v5\/wp-json\/wp\/v2\/pages\/35"}],"wp:attachment":[{"href":"https:\/\/www.manutd-france.com\/v5\/wp-json\/wp\/v2\/media?parent=2781"}],"curies":[{"name":"wp","href":"https:\/\/api.w.org\/{rel}","templated":true}]}}