{"id":2,"date":"2010-05-03T22:31:27","date_gmt":"2010-05-03T22:31:27","guid":{"rendered":"http:\/\/www.manutd-france.com\/v5\/?page_id=2"},"modified":"2019-07-20T08:30:22","modified_gmt":"2019-07-20T06:30:22","slug":"a-propos","status":"publish","type":"page","link":"https:\/\/www.manutd-france.com\/v5\/a-propos\/","title":{"rendered":"\u00c0 propos de MUSC FRANCE"},"content":{"rendered":"<div style=\"float: right; margin-left: 10px;\"><a href=\"https:\/\/twitter.com\/share\" class=\"twitter-share-button\" data-via=\"Muscfrance\" data-count=\"vertical\" data-url=\"https:\/\/www.manutd-france.com\/v5\/a-propos\/\">Tweet<\/a><\/div>\n<h3 class=\"wp-block-heading\" style=\"text-align:center\">L&rsquo;histoire de MUSC FRANCE<\/h3>\n\n\n\n<p style=\"font-size:15px\">Deux supporters de Man Utd ont  cr\u00e9\u00e9 le 7 mars 2003 le premier club de supporters francophones de l&rsquo;\u00e9quipe de MANCHESTER UNITED FOOTBALL CLUB, parce que leur r\u00eave \u00e9tait d&rsquo;aller \u00e0 Old Trafford et de pouvoir partager leur passion avec d&rsquo;autres french Devils. <\/p>\n\n\n\n<p style=\"font-size:15px\"><em>Cette association s&rsquo;appellera d&rsquo;abord LES SMURF (signifiant : Les Supporters de Manchester United R\u00e9sidant en France).<\/em> <\/p>\n\n\n\n<div class=\"wp-block-image\"><figure class=\"aligncenter\"><img decoding=\"async\" src=\"..\/..\/photos\/musc\/barry_by_musc_france.jpg\" alt=\"\"\/><figcaption>Le responsable des supporters club de l&rsquo;\u00e9poque et Christian<\/figcaption><\/figure><\/div>\n\n\n\n<p>Lors de l&rsquo;\u00e9t\u00e9 2003, c&rsquo;est le premier voyage \u00e0 Manchester pour assister \u00e0 un match amical, visiter le mus\u00e9e et le stade mais aussi se pr\u00e9senter \u00e0 MUFC pour connaitre la proc\u00e9dure d&rsquo;affiliation, et rejoindre ainsi les 200 cents branches de supporters de MUFC . Le pacte est scell\u00e9 avec Barry Moorhouse, le responsable des branches de supporters. Manchester United, club prestigieux o\u00f9 un joueur fran\u00e7ais, Eric CANTONA, est devenu, le meilleur joueur de tous les temps, a enfin un club de supporters francophones.<\/p>\n\n\n\n<p>Au cours de la premi\u00e8re saison, une vingtaine de fans rejoigne l&rsquo;association qui devient officiellement en mars 2004, MUSC-FRANCE \u00e0 la demande de MUFC. Une dizaine a l&rsquo;occasion de d\u00e9couvrir Old Trafford. Le 2 avril de la m\u00eame ann\u00e9e, les dirigeants de l&rsquo;association sont invit\u00e9s \u00e0 l&rsquo;inauguration de la Soccer School de Manchester United qui ouvre ses portes \u00e0 Disney Land, puis certains visitent le centre de formation de Carrington. <\/p>\n\n\n\n<p>Lors de la saison 2004\/2005, c&rsquo;est le premier d\u00e9placement en champions League \u00e0 Gerland. Le nombre d&rsquo;adh\u00e9rents double. Plus d&rsquo;une trentaine fera le voyage \u00e0 Manchester lors de cette saison. Certains verront tomber Arsenal, enfin. Le journal \u00ab\u00a0Fil Rouge\u00a0\u00bb nait, le site internet est refondu. Des sponsors nous aident comme Barclays . <\/p>\n\n\n\n<div class=\"wp-block-image\"><figure class=\"aligncenter is-resized\"><img decoding=\"async\" loading=\"lazy\" src=\"..\/..\/photos\/sdf1105.jpg\" alt=\"\" width=\"324\" height=\"243\"\/><figcaption>Marion , Christian et Matthieu au Stade de France 2005<\/figcaption><\/figure><\/div>\n\n\n\n<p>MUSC-FRANCE continue sa croissance lors de la saison 2005\/2006 avec comme point d&rsquo;orgue la venue de Man Utd au Stade de France. Le nombre d&rsquo;adh\u00e9rents explosent et passent \u00e0 plus de 150. La newsletter informatique est diffus\u00e9e \u00e0 plus de 800 fans. Le forum du site est r\u00e9nov\u00e9 et plus de 1 000 internautes se connectent chaque jour. <\/p>\n\n\n\n<p>MUSC France devient alors officiellement la 25<sup>\u00e8me<\/sup> branche de supporters de MUFC hors Royaume-Uni avec les avantages qui, notamment, en d\u00e9coulent au niveau de la billetterie. <\/p>\n\n\n\n<p class=\"has-text-color has-medium-font-size has-vivid-red-color\">MUSC-FRANCE obtient plus d&rsquo;une centaine de places \u00e0 Old Trafford pour cette saison pour la plus grande joie de ses adh\u00e9rents. <\/p>\n\n\n\n<p>Depuis, MUSC France compte chaque ann\u00e9e une centaine d\u2019adh\u00e9rents r\u00e9partis un peu partout en France et une cinquantaine habitant la Belgique ou la Suisse. Chaque saison, plus d\u2019une cinquantaine font le voyage \u00e0 Old Trafford. Quelques-uns uns font les d\u00e9placements en Champions League. <\/p>\n\n\n\n<p><\/p>\n\n\n\n<div class=\"wp-block-image\"><figure class=\"aligncenter is-resized\"><img decoding=\"async\" loading=\"lazy\" src=\"http:\/\/www.manutd-france.com\/v5\/wp-content\/uploads\/2019\/07\/IMG_2329-1024x768.jpg\" alt=\"\" class=\"wp-image-2524\" width=\"443\" height=\"332\" srcset=\"https:\/\/www.manutd-france.com\/v5\/wp-content\/uploads\/2019\/07\/IMG_2329-1024x768.jpg 1024w, https:\/\/www.manutd-france.com\/v5\/wp-content\/uploads\/2019\/07\/IMG_2329-300x225.jpg 300w, https:\/\/www.manutd-france.com\/v5\/wp-content\/uploads\/2019\/07\/IMG_2329-768x576.jpg 768w\" sizes=\"(max-width: 443px) 100vw, 443px\" \/><figcaption>Thibaut, Matthieu et Jonathan \u00e0 l&rsquo;Allianz Arena en 2010<\/figcaption><\/figure><\/div>\n\n\n\n<p>Depuis 2012, MUSC France a connu un grand\u00a0chambardement, avec un changement de pr\u00e9sident, de\u00a0secr\u00e9taire, de tr\u00e9sorier\u00a0et de webmaster! <\/p>\n\n\n\n<p>Et le nombre d&rsquo;adh\u00e9rents ne fait que de croire d&rsquo;ann\u00e9e en ann\u00e9e comme le nombre de place vendus, ou des membres sont pr\u00e9sents \u00e0 chaque matchs de championnat.<\/p>\n\n\n\n<div class=\"wp-block-image\"><figure class=\"aligncenter is-resized\"><img decoding=\"async\" loading=\"lazy\" src=\"http:\/\/www.manutd-france.com\/v5\/wp-content\/uploads\/2019\/07\/CIMG1677-1024x768.jpg\" alt=\"\" class=\"wp-image-2545\" width=\"474\" height=\"356\" srcset=\"https:\/\/www.manutd-france.com\/v5\/wp-content\/uploads\/2019\/07\/CIMG1677-1024x768.jpg 1024w, https:\/\/www.manutd-france.com\/v5\/wp-content\/uploads\/2019\/07\/CIMG1677-300x225.jpg 300w, https:\/\/www.manutd-france.com\/v5\/wp-content\/uploads\/2019\/07\/CIMG1677-768x576.jpg 768w\" sizes=\"(max-width: 474px) 100vw, 474px\" \/><figcaption> Man Utd vs Liverpool 2013<\/figcaption><\/figure><\/div>\n\n\n\n<p>Depuis la saison 2013-2014, MUSC France a 2 season tickets situ\u00e9s en Streford End, ou les adh\u00e9rents peuvent b\u00e9n\u00e9ficier de ces places \u00e0 chaque match de championnat 2 , de Champions league ou encore de FA CUP<\/p>\n\n\n\n<div class=\"wp-block-image\"><figure class=\"aligncenter is-resized\"><img decoding=\"async\" loading=\"lazy\" src=\"http:\/\/www.manutd-france.com\/v5\/wp-content\/uploads\/2019\/07\/51899608_10156969055117145_7475885096927494144_n.jpg\" alt=\"\" class=\"wp-image-2544\" width=\"462\" height=\"347\" srcset=\"https:\/\/www.manutd-france.com\/v5\/wp-content\/uploads\/2019\/07\/51899608_10156969055117145_7475885096927494144_n.jpg 960w, https:\/\/www.manutd-france.com\/v5\/wp-content\/uploads\/2019\/07\/51899608_10156969055117145_7475885096927494144_n-300x225.jpg 300w, https:\/\/www.manutd-france.com\/v5\/wp-content\/uploads\/2019\/07\/51899608_10156969055117145_7475885096927494144_n-768x576.jpg 768w\" sizes=\"(max-width: 462px) 100vw, 462px\" \/><figcaption>2 Season ticket en Streford End vs Paris en CL 2019<\/figcaption><\/figure><\/div>\n\n\n\n<p>L&rsquo;ann\u00e9e 2016-2017 vu un record du nombre d&rsquo;adh\u00e9rent avec 430 membres (avec toujours nos voisins belges et suisses) pour un bilan de 418 places venus \u00e0 Old Trafford (410 en championnat, 6 en Champions league et 2 en FA CUP).<\/p>\n\n\n\n<p>Manchester a d\u00e9cider depuis le saison 2017-2018 de ne plus accepter les supporters qui ne font pas partie de leurs pays dans un soucis d\u2019harmoniser toutes les branchs de supporters club de Manchester United.<\/p>\n\n\n\n<p>Depuis sous l&rsquo;aide de MUSC France, nos voisins et amis belges ont cr\u00e9e leur propose supporters club wallon :  <a rel=\"noreferrer noopener\" aria-label=\"https:\/\/muscredflag.be\/ (s\u2019ouvre dans un nouvel onglet)\" href=\"https:\/\/muscredflag.be\/\" target=\"_blank\">https:\/\/muscredflag.be\/<\/a> <\/p>\n\n\n\n<p>Ainsi que nos voisins et amis Suisses qui ont \u00e9galement cr\u00e9e leur supporters club francophone :  <a rel=\"noreferrer noopener\" aria-label=\" (s\u2019ouvre dans un nouvel onglet)\" href=\"https:\/\/www.facebook.com\/MuscSuisse\/?ref=br_rs\" target=\"_blank\">https:\/\/www.facebook.com\/MuscSuisse\/?ref=br_rs<\/a><\/p>\n\n\n\n<p>Pour la season 2018-2019 ou Manchester a vu un \u00e9ni\u00e8me chambardement au niveau du management avec peu \u00eatre enfin un retour aux valeurs du club avec quelqu&rsquo;un qui a eu beaucoup de succ\u00e8s en temps que joueur dans les 1995-2005 Ole Gunnar Solskjear, les membres \u00e9taient pr\u00e9sent \u00e0 Old Trafford ou encore en Europe pour soutenir les Red Devils durant cette saison.<\/p>\n\n\n\n<div class=\"wp-block-image\"><figure class=\"aligncenter is-resized\"><img decoding=\"async\" loading=\"lazy\" src=\"http:\/\/www.manutd-france.com\/v5\/wp-content\/uploads\/2019\/07\/SLO5LQBKBJ5WVU6NFF4634JGMA.jpg\" alt=\"\" class=\"wp-image-2546\" width=\"485\" height=\"303\" srcset=\"https:\/\/www.manutd-france.com\/v5\/wp-content\/uploads\/2019\/07\/SLO5LQBKBJ5WVU6NFF4634JGMA.jpg 932w, https:\/\/www.manutd-france.com\/v5\/wp-content\/uploads\/2019\/07\/SLO5LQBKBJ5WVU6NFF4634JGMA-300x187.jpg 300w, https:\/\/www.manutd-france.com\/v5\/wp-content\/uploads\/2019\/07\/SLO5LQBKBJ5WVU6NFF4634JGMA-768x480.jpg 768w, https:\/\/www.manutd-france.com\/v5\/wp-content\/uploads\/2019\/07\/SLO5LQBKBJ5WVU6NFF4634JGMA-80x50.jpg 80w, https:\/\/www.manutd-france.com\/v5\/wp-content\/uploads\/2019\/07\/SLO5LQBKBJ5WVU6NFF4634JGMA-400x250.jpg 400w\" sizes=\"(max-width: 485px) 100vw, 485px\" \/><figcaption>Yann, Thibaut, S\u00e9bastien, Geoffroy et Romain au Juventus Staduim 2018<\/figcaption><\/figure><\/div>\n","protected":false},"excerpt":{"rendered":"<p>Tweet L&rsquo;histoire de MUSC FRANCE Deux supporters de Man Utd ont cr\u00e9\u00e9 le 7 mars 2003 le premier club de supporters francophones de l&rsquo;\u00e9quipe de MANCHESTER UNITED FOOTBALL CLUB, parce que leur r\u00eave \u00e9tait d&rsquo;aller \u00e0 Old Trafford et de pouvoir partager leur passion avec d&rsquo;autres french Devils. Cette association s&rsquo;appellera d&rsquo;abord LES SMURF (signifiant [&hellip;]<\/p>\n","protected":false},"author":1,"featured_media":0,"parent":0,"menu_order":0,"comment_status":"open","ping_status":"open","template":"","meta":[],"_links":{"self":[{"href":"https:\/\/www.manutd-france.com\/v5\/wp-json\/wp\/v2\/pages\/2"}],"collection":[{"href":"https:\/\/www.manutd-france.com\/v5\/wp-json\/wp\/v2\/pages"}],"about":[{"href":"https:\/\/www.manutd-france.com\/v5\/wp-json\/wp\/v2\/types\/page"}],"author":[{"embeddable":true,"href":"https:\/\/www.manutd-france.com\/v5\/wp-json\/wp\/v2\/users\/1"}],"replies":[{"embeddable":true,"href":"https:\/\/www.manutd-france.com\/v5\/wp-json\/wp\/v2\/comments?post=2"}],"version-history":[{"count":12,"href":"https:\/\/www.manutd-france.com\/v5\/wp-json\/wp\/v2\/pages\/2\/revisions"}],"predecessor-version":[{"id":2547,"href":"https:\/\/www.manutd-france.com\/v5\/wp-json\/wp\/v2\/pages\/2\/revisions\/2547"}],"wp:attachment":[{"href":"https:\/\/www.manutd-france.com\/v5\/wp-json\/wp\/v2\/media?parent=2"}],"curies":[{"name":"wp","href":"https:\/\/api.w.org\/{rel}","templated":true}]}}